{"id":46623,"date":"2023-11-10T23:29:20","date_gmt":"2023-11-10T15:29:20","guid":{"rendered":"https:\/\/gretasexylingerie.com\/?post_type=product&#038;p=46623"},"modified":"2023-11-10T23:35:05","modified_gmt":"2023-11-10T15:35:05","slug":"tukkukauppa-pitsiriimu-kaula-bodystocking-body","status":"publish","type":"product","link":"https:\/\/gretasexylingerie.com\/fi\/products\/wholesale-lace-halter-neck-bodystocking-bodysuit\/","title":{"rendered":"Tukkukauppa Lace Halter Neck Bodystocking Bodysuit"},"content":{"rendered":"<ol class=\"wp-block-list\">\n<li><strong>Pitsiriimu kaulan muotoilu<\/strong>: Body on upea <strong>riimu vartalosukka<\/strong> tyyli, valmistettu monimutkaisesta pitsist\u00e4, joka kietoutuu kauniisti kaulan ymp\u00e4rille tarjoten sek\u00e4 kauneutta ett\u00e4 mukavuutta.<\/li>\n\n\n\n<li><strong>Seksik\u00e4s suuri ontto muotoilu<\/strong>: Syleile viettelyn taitoa bodyn suurilla ontoilla alueilla, jotka paljastavat ja peitt\u00e4v\u00e4t leikkis\u00e4sti luoden vastustamattoman visuaalisen juonittelun.<\/li>\n\n\n\n<li><strong>Virkatut vartalosukat<\/strong>: Virkatut yksityiskohdat lis\u00e4\u00e4v\u00e4t ripauksen k\u00e4sintehty\u00e4 charmia yhdist\u00e4en perinteiset tekniikat moderniin aistillisuuteen.<\/li>\n\n\n\n<li><strong>Kinky Appeal<\/strong>: T\u00e4ydellinen niille, jotka pit\u00e4v\u00e4t hieman mutkista, t\u00e4m\u00e4 <strong>mutkainen vartalosukka<\/strong> varmasti pirist\u00e4\u00e4 kaikkia intiimi\u00e4 tilaisuuksia.<\/li>\n\n\n\n<li><strong>Monipuolinen ja mukava<\/strong>: Vaikka t\u00e4m\u00e4 body on seksik\u00e4s, se on mukava my\u00f6s pitk\u00e4kestoiseen k\u00e4ytt\u00f6\u00f6n, joten se on monipuolinen lis\u00e4 alusvaatekokoelmaasi.<\/li>\n<\/ol>\n\n\n\n<p>Sukella eroottisen eleganssin maailmaan pitsisell\u00e4 riimukaula-asullamme. Haluatpa sitten sytytt\u00e4\u00e4 intohimon tai vain tuntea olosi voimaan omassa ihossasi, t\u00e4m\u00e4 kappale on pakollinen hankinta. \u00c4l\u00e4 odota muuttaaksesi intiimej\u00e4 hetki\u00e4si \u2013 lis\u00e4\u00e4 t\u00e4m\u00e4 upea body kokoelmaasi jo t\u00e4n\u00e4\u00e4n!<\/p>","protected":false},"excerpt":{"rendered":"<p>P\u00e4\u00e4st\u00e4 sis\u00e4inen viettelij\u00e4si valloilleen kanssamme <strong>pitsiriimu kaula-vartalohousut<\/strong> body. T\u00e4m\u00e4 lumoava kappale yhdist\u00e4\u00e4 herk\u00e4n pitsin vieh\u00e4tyksen rohkean suureen onttoon muotoiluun, joka on t\u00e4ydellinen niille, jotka rakastavat rohkeaa ilmaisua.<\/p>","protected":false},"featured_media":46634,"template":"","meta":[],"product_brand":[],"product_cat":[405,370,367,373,404,409],"product_tag":[],"class_list":{"0":"post-46623","1":"product","2":"type-product","3":"status-publish","4":"has-post-thumbnail","6":"product_cat-wholesale-bodystocking","7":"product_cat-bodysuit","8":"product_cat-sexy-lingerie","9":"product_cat-wholesale-sexy-mesh-bodysuit","10":"product_cat-sexy-stocking","11":"product_cat-wholesale-stocking-bodysuit","12":"pa_color-black","13":"pa_size-free","15":"first","16":"instock","17":"taxable","18":"shipping-taxable","19":"purchasable","20":"product-type-variable"},"tiered_pricing_type":"fixed","tiered_pricing_fixed_rules":[],"tiered_pricing_product_settings":{"layout":"default","base_unit_name":{"singular":null,"plural":null},"default_variation":{}},"tiered_pricing_minimum_quantity":null,"tiered_pricing_roles_data":[],"tiered_pricing_percentage_rules":[],"tiered_pricing_maximum_quantity":null,"tiered_pricing_quantity_step":null,"_links":{"self":[{"href":"https:\/\/gretasexylingerie.com\/fi\/wp-json\/wp\/v2\/product\/46623","targetHints":{"allow":["GET"]}}],"collection":[{"href":"https:\/\/gretasexylingerie.com\/fi\/wp-json\/wp\/v2\/product"}],"about":[{"href":"https:\/\/gretasexylingerie.com\/fi\/wp-json\/wp\/v2\/types\/product"}],"wp:featuredmedia":[{"embeddable":true,"href":"https:\/\/gretasexylingerie.com\/fi\/wp-json\/wp\/v2\/media\/46634"}],"wp:attachment":[{"href":"https:\/\/gretasexylingerie.com\/fi\/wp-json\/wp\/v2\/media?parent=46623"}],"wp:term":[{"taxonomy":"product_brand","embeddable":true,"href":"https:\/\/gretasexylingerie.com\/fi\/wp-json\/wp\/v2\/product_brand?post=46623"},{"taxonomy":"product_cat","embeddable":true,"href":"https:\/\/gretasexylingerie.com\/fi\/wp-json\/wp\/v2\/product_cat?post=46623"},{"taxonomy":"product_tag","embeddable":true,"href":"https:\/\/gretasexylingerie.com\/fi\/wp-json\/wp\/v2\/product_tag?post=46623"}],"curies":[{"name":"wp","href":"https:\/\/api.w.org\/{rel}","templated":true}]}}