{"id":46568,"date":"2023-11-09T00:39:30","date_gmt":"2023-11-08T16:39:30","guid":{"rendered":"https:\/\/gretasexylingerie.com\/?post_type=product&#038;p=46568"},"modified":"2023-11-09T00:40:25","modified_gmt":"2023-11-08T16:40:25","slug":"tukku-riimu-kaula-kukka-pitsi-bodystocking-body","status":"publish","type":"product","link":"https:\/\/gretasexylingerie.com\/fi\/products\/wholesale-halter-neck-floral-lace-bodystocking-bodysuit\/","title":{"rendered":"Tukku riimu kaula kukka pitsi Bodystocking Bodysuit"},"content":{"rendered":"<ol class=\"wp-block-list\">\n<li><strong>Riimu kaulan muotoilu<\/strong>: T\u00e4m\u00e4n bodystocking body-puvun riimukaula-siluetti tarjoaa houkuttelevan esityksen olkap\u00e4ist\u00e4 ja sel\u00e4st\u00e4 samalla, kun se tarjoaa mukavan, s\u00e4\u00e4dett\u00e4v\u00e4n istuvuuden.<\/li>\n\n\n\n<li><strong>Hieno jacquard<\/strong>: Monimutkaisilla jacquard-kuvioilla koristeltu t\u00e4m\u00e4 teos on taideteos, joka lis\u00e4\u00e4 ripauksen eleganssia provosoivaan muotoiluun. <strong>verkkopuku<\/strong>.<\/li>\n\n\n\n<li><strong>Seksik\u00e4s l\u00e4pin\u00e4kyv\u00e4<\/strong>: L\u00e4pin\u00e4kyv\u00e4 kangas kutsuu paljastamis- ja piilottelupeliin, kiusaa mielikuvitusta ja kohottaa l\u00e4mp\u00f6\u00e4 miss\u00e4 tahansa intiimeiss\u00e4 kohtaamisessa.<\/li>\n\n\n\n<li><strong>Kukkapitsien yksityiskohdat<\/strong>: Herk\u00e4t kukkakukkapitsikudokset koko suunnittelussa, mik\u00e4 tarjoaa romanttisen kontrastin rohkealle verkkoon ja tekee siit\u00e4 <strong>kuuma<\/strong> valinta erityisiin iltoihin.<\/li>\n\n\n\n<li><strong>Monipuolinen vetoomus<\/strong>: T\u00e4ydellinen kerrospukeutumiseen tai erillisen\u00e4 kappaleena. T\u00e4m\u00e4 bodysukka on yht\u00e4 monipuolinen kuin viettelev\u00e4, joten olet huomion keskipisteess\u00e4.<\/li>\n<\/ol>\n\n\n\n<p>Astu maailmaan, jossa fantasia kohtaa todellisuuden riimukauluksella kukkaisilla pitsisukkahousuillamme. Se on enemm\u00e4n kuin vain alusvaatteita; se on itseluottamuksen lis\u00e4ys, lausunto, salainen voima. \u00c4l\u00e4 odota muuttaaksesi intiimit hetkesi unohtumattomiksi muistoiksi. Lis\u00e4\u00e4 t\u00e4m\u00e4 upea kappale kokoelmaasi t\u00e4n\u00e4\u00e4n ja anna vieh\u00e4tysvoimasi loistaa.<\/p>","protected":false},"excerpt":{"rendered":"<p>Ota haltuun meid\u00e4n vieh\u00e4tys <strong>riimukaula-vartalohousut<\/strong>, lumoava sekoitus kukkaista pitsi\u00e4 ja verkkoa, joka lupaa valloittaa. T\u00e4m\u00e4 body on osoitus kiusauksen taiteesta, joka on suunniteltu niille, jotka arvostavat intiimin pukeutumisensa hienompia yksityiskohtia.<\/p>","protected":false},"featured_media":46578,"template":"","meta":[],"product_brand":[],"product_cat":[405,404,409],"product_tag":[],"class_list":{"0":"post-46568","1":"product","2":"type-product","3":"status-publish","4":"has-post-thumbnail","6":"product_cat-wholesale-bodystocking","7":"product_cat-sexy-stocking","8":"product_cat-wholesale-stocking-bodysuit","9":"pa_color-black","10":"pa_size-free","12":"first","13":"instock","14":"taxable","15":"shipping-taxable","16":"purchasable","17":"product-type-variable"},"tiered_pricing_type":"fixed","tiered_pricing_fixed_rules":[],"tiered_pricing_product_settings":{"layout":"default","base_unit_name":{"singular":null,"plural":null},"default_variation":{}},"tiered_pricing_minimum_quantity":null,"tiered_pricing_roles_data":[],"tiered_pricing_percentage_rules":[],"tiered_pricing_maximum_quantity":null,"tiered_pricing_quantity_step":null,"_links":{"self":[{"href":"https:\/\/gretasexylingerie.com\/fi\/wp-json\/wp\/v2\/product\/46568","targetHints":{"allow":["GET"]}}],"collection":[{"href":"https:\/\/gretasexylingerie.com\/fi\/wp-json\/wp\/v2\/product"}],"about":[{"href":"https:\/\/gretasexylingerie.com\/fi\/wp-json\/wp\/v2\/types\/product"}],"wp:featuredmedia":[{"embeddable":true,"href":"https:\/\/gretasexylingerie.com\/fi\/wp-json\/wp\/v2\/media\/46578"}],"wp:attachment":[{"href":"https:\/\/gretasexylingerie.com\/fi\/wp-json\/wp\/v2\/media?parent=46568"}],"wp:term":[{"taxonomy":"product_brand","embeddable":true,"href":"https:\/\/gretasexylingerie.com\/fi\/wp-json\/wp\/v2\/product_brand?post=46568"},{"taxonomy":"product_cat","embeddable":true,"href":"https:\/\/gretasexylingerie.com\/fi\/wp-json\/wp\/v2\/product_cat?post=46568"},{"taxonomy":"product_tag","embeddable":true,"href":"https:\/\/gretasexylingerie.com\/fi\/wp-json\/wp\/v2\/product_tag?post=46568"}],"curies":[{"name":"wp","href":"https:\/\/api.w.org\/{rel}","templated":true}]}}