{"id":46526,"date":"2023-11-07T00:36:03","date_gmt":"2023-11-06T16:36:03","guid":{"rendered":"https:\/\/gretasexylingerie.com\/?post_type=product&#038;p=46526"},"modified":"2023-11-07T21:56:24","modified_gmt":"2023-11-07T13:56:24","slug":"tukku-hieno-riimu-koko-bodystocking","status":"publish","type":"product","link":"https:\/\/gretasexylingerie.com\/fi\/products\/wholesale-exquisite-halter-full-bodystocking\/","title":{"rendered":"Tukkukaupan hieno riimu koko vartalosukka"},"content":{"rendered":"<ol class=\"wp-block-list\">\n<li><strong>Tyylik\u00e4s riimukaula<\/strong>: T\u00e4m\u00e4n bodystokin riimukaula-asetelma ei vain tarjoa ajatonta ulkoasua, vaan varmistaa my\u00f6s mukavan istuvuuden, joka korostaa p\u00e4\u00e4ntiet\u00e4 ja olkap\u00e4it\u00e4.<\/li>\n\n\n\n<li><strong>Hienoja jacquard-yksityiskohtia<\/strong>: Monimutkaiset jacquard-kuviot punoutuvat sukkahousujen poikki, tarjoten ylellist\u00e4 tekstuuria ja visuaalista mielenkiintoa, joka kiehtoo ja hurmaa.<\/li>\n\n\n\n<li><strong>Houkuttelevat verkkosukkahousut<\/strong>: Klassinen verkkosukkahousuelementti lis\u00e4\u00e4 rohkeaa ja sensuellia ulottuvuutta vartalosukkahousuun tehden siit\u00e4 monipuolisen lis\u00e4yksen alusvaatemallistoon.<\/li>\n\n\n\n<li><strong>Rohkea avoin haara<\/strong>: Suunniteltu niille, jotka omaksuvat aistillisuutensa, avoimen haaran ominaisuus kutsuu yll\u00e4tyksen ja j\u00e4nnityksen elementin intiimeihin hetkiin.<\/li>\n\n\n\n<li><strong>Peitt\u00e4v\u00e4 koko vartalolle<\/strong>: Kuten a <strong>l\u00e4pin\u00e4kyv\u00e4t kokovartalosukat<\/strong>, se tarjoaa keskeytym\u00e4tt\u00f6m\u00e4t \u00e4\u00e4riviivat, joka tasoittaa jokaista kaarta ja tarjoaa saumattoman ja provosoivan vartalon esityksen.<\/li>\n<\/ol>\n\n\n\n<p>Tutustu upeaan riimutukkiemme vieh\u00e4tykseen, jossa kauneus ja halu kietoutuvat yhteen. Ihanteellinen erityisiin iltoihin tai rohkeaksi alusvaatteeksi, on aika valloittaa ja houkutella. \u00c4l\u00e4 odota lis\u00e4t\u00e4ksesi t\u00e4m\u00e4n upean kappaleen kokoelmaasi \u2013 koe viettelevien alusvaatteiden huippulaatu jo t\u00e4n\u00e4\u00e4n.<\/p>","protected":false},"excerpt":{"rendered":"<p>Astu kanssamme hienostuneisuuteen <strong>kokovartaloinen verkkosukka<\/strong>. Houkuttelevalla riimukaulalla ja hienoilla jacquard-yksityiskohdilla koristeltu t\u00e4m\u00e4 yksiosainen bodysukka on suunnittelun mestariteos, jossa yhdistyv\u00e4t eleganssi ja ripaus rohkeutta sen avoimen haaraosan ansiosta.<\/p>","protected":false},"featured_media":46539,"template":"","meta":[],"product_brand":[],"product_cat":[405,407,404],"product_tag":[],"class_list":{"0":"post-46526","1":"product","2":"type-product","3":"status-publish","4":"has-post-thumbnail","6":"product_cat-wholesale-bodystocking","7":"product_cat-wholesale-full-body-stocking","8":"product_cat-sexy-stocking","9":"pa_color-black","10":"pa_size-free","12":"first","13":"instock","14":"taxable","15":"shipping-taxable","16":"purchasable","17":"product-type-variable"},"tiered_pricing_type":"fixed","tiered_pricing_fixed_rules":[],"tiered_pricing_product_settings":{"layout":"default","base_unit_name":{"singular":null,"plural":null},"default_variation":null},"tiered_pricing_minimum_quantity":null,"tiered_pricing_roles_data":[],"tiered_pricing_percentage_rules":[],"tiered_pricing_maximum_quantity":null,"tiered_pricing_quantity_step":null,"_links":{"self":[{"href":"https:\/\/gretasexylingerie.com\/fi\/wp-json\/wp\/v2\/product\/46526","targetHints":{"allow":["GET"]}}],"collection":[{"href":"https:\/\/gretasexylingerie.com\/fi\/wp-json\/wp\/v2\/product"}],"about":[{"href":"https:\/\/gretasexylingerie.com\/fi\/wp-json\/wp\/v2\/types\/product"}],"wp:featuredmedia":[{"embeddable":true,"href":"https:\/\/gretasexylingerie.com\/fi\/wp-json\/wp\/v2\/media\/46539"}],"wp:attachment":[{"href":"https:\/\/gretasexylingerie.com\/fi\/wp-json\/wp\/v2\/media?parent=46526"}],"wp:term":[{"taxonomy":"product_brand","embeddable":true,"href":"https:\/\/gretasexylingerie.com\/fi\/wp-json\/wp\/v2\/product_brand?post=46526"},{"taxonomy":"product_cat","embeddable":true,"href":"https:\/\/gretasexylingerie.com\/fi\/wp-json\/wp\/v2\/product_cat?post=46526"},{"taxonomy":"product_tag","embeddable":true,"href":"https:\/\/gretasexylingerie.com\/fi\/wp-json\/wp\/v2\/product_tag?post=46526"}],"curies":[{"name":"wp","href":"https:\/\/api.w.org\/{rel}","templated":true}]}}