{"id":46464,"date":"2023-11-04T00:10:57","date_gmt":"2023-11-03T16:10:57","guid":{"rendered":"https:\/\/gretasexylingerie.com\/?post_type=product&#038;p=46464"},"modified":"2023-11-04T00:12:09","modified_gmt":"2023-11-03T16:12:09","slug":"tukkumyynti-avovartalosukat-selkattomalla-muotoilulla","status":"publish","type":"product","link":"https:\/\/gretasexylingerie.com\/fi\/products\/wholesale-open-body-stocking-with-backless-design\/","title":{"rendered":"Tukkumyynti avoimet vartalosukat, joissa on selk\u00e4nojaton muotoilu"},"content":{"rendered":"<ol class=\"wp-block-list\">\n<li><strong>Seksik\u00e4s ontto rinta<\/strong>: Taidokkaasti suunniteltu ontto rintakeh\u00e4 tarjoaa rohkeaa kurkistusta, jossa aistillisuus ja mysteerin vivahde yhdistyv\u00e4t.<\/li>\n\n\n\n<li><strong>Verkkovartalopuku haaraton<\/strong>: T\u00e4m\u00e4 vartalohousu on suunniteltu viettelem\u00e4\u00e4n. Haaraton ominaisuus vahvistaa sen vieh\u00e4tyst\u00e4 ja varmistaa, ett\u00e4 tunnet olosi yht\u00e4 varmaksi kuin n\u00e4yt\u00e4t.<\/li>\n\n\n\n<li><strong>Tyylikk\u00e4\u00e4t pitk\u00e4t hihat<\/strong>: T\u00e4yspitk\u00e4t hihat lis\u00e4\u00e4v\u00e4t hienostuneisuutta, mik\u00e4 tekee t\u00e4st\u00e4 kappaleesta monipuolisen lis\u00e4yksen alusvaatteisiin.<\/li>\n\n\n\n<li><strong>Tyylik\u00e4s py\u00f6re\u00e4 p\u00e4\u00e4ntie<\/strong>: Klassinen py\u00f6re\u00e4 p\u00e4\u00e4ntie tasapainottaa sukkahousun provosoivaa luonnetta, mik\u00e4 tekee siit\u00e4 sopivan moneen tilanteeseen.<\/li>\n\n\n\n<li><strong>Kutsuva Backless-ominaisuus<\/strong>: Selitys sin\u00e4ns\u00e4, taustaton muotoilu on vieh\u00e4tyksen ruumiillistuma, joka lupaa kiehtoa ja lumoaa.<\/li>\n<\/ol>\n\n\n\n<p>Astu maailmaan, jossa eleganssi kohtaa j\u00e4nnityksen avoimilla vartalosukillamme. Olipa kyseess\u00e4 haarattoman muotoilun j\u00e4nnitys tai pitkien hihojen hienostuneisuus, t\u00e4m\u00e4 kappale on lippusi unohtumattomaan iltaan. Hy\u00f6dynn\u00e4 viettelyn voima \u2013 lis\u00e4\u00e4 t\u00e4m\u00e4 oleellinen kokoelmasi nyt.<\/p>","protected":false},"excerpt":{"rendered":"<p>P\u00e4\u00e4st\u00e4 sis\u00e4sireenisi valloilleen kanssamme <strong>seksik\u00e4s koko kehon tiukka<\/strong>, rohkea kokonaisuus, jossa on seksik\u00e4s ontto rintakeh\u00e4 ja provosoiva haara-aukko. Pitk\u00e4t hihat ja py\u00f6re\u00e4 p\u00e4\u00e4ntie lis\u00e4\u00e4v\u00e4t ripauksen tyylikkyytt\u00e4, kun taas selk\u00e4nojaton muotoilu houkuttelee toiseen katseeseen.<\/p>","protected":false},"featured_media":46471,"template":"","meta":[],"product_brand":[],"product_cat":[405,407,404],"product_tag":[],"class_list":{"0":"post-46464","1":"product","2":"type-product","3":"status-publish","4":"has-post-thumbnail","6":"product_cat-wholesale-bodystocking","7":"product_cat-wholesale-full-body-stocking","8":"product_cat-sexy-stocking","9":"pa_color-black","10":"pa_size-free","12":"first","13":"instock","14":"taxable","15":"shipping-taxable","16":"purchasable","17":"product-type-variable"},"tiered_pricing_type":"fixed","tiered_pricing_fixed_rules":[],"tiered_pricing_product_settings":{"layout":"default","base_unit_name":{"singular":null,"plural":null},"default_variation":{}},"tiered_pricing_minimum_quantity":null,"tiered_pricing_roles_data":[],"tiered_pricing_percentage_rules":[],"tiered_pricing_maximum_quantity":null,"tiered_pricing_quantity_step":null,"_links":{"self":[{"href":"https:\/\/gretasexylingerie.com\/fi\/wp-json\/wp\/v2\/product\/46464","targetHints":{"allow":["GET"]}}],"collection":[{"href":"https:\/\/gretasexylingerie.com\/fi\/wp-json\/wp\/v2\/product"}],"about":[{"href":"https:\/\/gretasexylingerie.com\/fi\/wp-json\/wp\/v2\/types\/product"}],"wp:featuredmedia":[{"embeddable":true,"href":"https:\/\/gretasexylingerie.com\/fi\/wp-json\/wp\/v2\/media\/46471"}],"wp:attachment":[{"href":"https:\/\/gretasexylingerie.com\/fi\/wp-json\/wp\/v2\/media?parent=46464"}],"wp:term":[{"taxonomy":"product_brand","embeddable":true,"href":"https:\/\/gretasexylingerie.com\/fi\/wp-json\/wp\/v2\/product_brand?post=46464"},{"taxonomy":"product_cat","embeddable":true,"href":"https:\/\/gretasexylingerie.com\/fi\/wp-json\/wp\/v2\/product_cat?post=46464"},{"taxonomy":"product_tag","embeddable":true,"href":"https:\/\/gretasexylingerie.com\/fi\/wp-json\/wp\/v2\/product_tag?post=46464"}],"curies":[{"name":"wp","href":"https:\/\/api.w.org\/{rel}","templated":true}]}}