{"id":46425,"date":"2023-11-02T00:13:21","date_gmt":"2023-11-01T16:13:21","guid":{"rendered":"https:\/\/gretasexylingerie.com\/?post_type=product&#038;p=46425"},"modified":"2023-11-02T00:14:21","modified_gmt":"2023-11-01T16:14:21","slug":"tukkumyynti-lapinakyvat-bodystocking-off-olkapaa-design","status":"publish","type":"product","link":"https:\/\/gretasexylingerie.com\/fi\/products\/wholesale-sheer-bodystocking-with-off-the-shoulder-design\/","title":{"rendered":"Tukkukaupan l\u00e4pin\u00e4kyv\u00e4t vartalohousut off-the-shoulder-suunnittelulla"},"content":{"rendered":"<ol class=\"wp-block-list\">\n<li><strong>Pitk\u00e4t hihat<\/strong>: T\u00e4yspitk\u00e4t hihat lis\u00e4\u00e4v\u00e4t ripauksen eleganssia, mik\u00e4 tekee t\u00e4st\u00e4 vartalosukista sopivan moneen tilanteeseen.<\/li>\n\n\n\n<li><strong>Off-the-Shoulder Design<\/strong>: Esittele solisluusi ja olkap\u00e4\u00e4t t\u00e4ll\u00e4 kiihke\u00e4ll\u00e4 muotoilulla, mik\u00e4 lis\u00e4\u00e4 sen yleist\u00e4 vieh\u00e4tyst\u00e4 <strong>verkkosukkahousut<\/strong>.<\/li>\n\n\n\n<li><strong>L\u00e4pin\u00e4kyv\u00e4 aistillisuus<\/strong>: L\u00e4pin\u00e4kyv\u00e4 materiaali lupaa houkuttelevan v\u00e4l\u00e4hdyksen siluetistasi, mik\u00e4 varmistaa, ett\u00e4 tunnet itsesi varmaksi ja houkuttelevaksi.<\/li>\n\n\n\n<li><strong>Strategiset leikkaukset<\/strong>: Asetetut korostamaan k\u00e4yri\u00e4si, ja leikkaukset lis\u00e4\u00e4v\u00e4t t\u00e4h\u00e4n yll\u00e4tyksen <strong>kokovartaloinen verkkopuku<\/strong>.<\/li>\n\n\n\n<li><strong>Korkealaatuinen materiaali<\/strong>: Huolella valmistettu bodystocking lupaa sek\u00e4 mukavuutta ett\u00e4 kest\u00e4vyytt\u00e4 varmistaen, ett\u00e4 tunnet olosi yht\u00e4 hyv\u00e4lt\u00e4 kuin n\u00e4yt\u00e4t.<\/li>\n<\/ol>\n\n\n\n<p>Astu eleganssin ja viettelyn maailmaan off-the-shoulder -sukkahousuillamme. Sen ainutlaatuinen muotoilu ja strategiset leikkaukset lupaavat tehd\u00e4 sinusta illan t\u00e4hden. \u00c4l\u00e4 odota \u2013 syleile sis\u00e4ist\u00e4 diivasi jo t\u00e4n\u00e4\u00e4n!<\/p>","protected":false},"excerpt":{"rendered":"<p>Tutustu meid\u00e4n vieh\u00e4tysvoimaan <strong>pelkk\u00e4 vartalosukka<\/strong>. T\u00e4m\u00e4 l\u00e4pin\u00e4kyv\u00e4 mestariteos, joka on suunniteltu pitkill\u00e4 hihoilla, olkap\u00e4ist\u00e4 vapaalla tyylill\u00e4 ja viettelevill\u00e4 leikkauksilla, on aistillisuuden ruumiillistuma.<\/p>","protected":false},"featured_media":46431,"template":"","meta":[],"product_brand":[],"product_cat":[405,404,410],"product_tag":[],"class_list":{"0":"post-46425","1":"product","2":"type-product","3":"status-publish","4":"has-post-thumbnail","6":"product_cat-wholesale-bodystocking","7":"product_cat-sexy-stocking","8":"product_cat-wholesale-suspender-bodystocking","9":"pa_color-black","10":"pa_size-free","12":"first","13":"instock","14":"taxable","15":"shipping-taxable","16":"purchasable","17":"product-type-variable"},"tiered_pricing_type":"fixed","tiered_pricing_fixed_rules":[],"tiered_pricing_product_settings":{"layout":"default","base_unit_name":{"singular":null,"plural":null},"default_variation":{}},"tiered_pricing_minimum_quantity":null,"tiered_pricing_roles_data":[],"tiered_pricing_percentage_rules":[],"tiered_pricing_maximum_quantity":null,"tiered_pricing_quantity_step":null,"_links":{"self":[{"href":"https:\/\/gretasexylingerie.com\/fi\/wp-json\/wp\/v2\/product\/46425","targetHints":{"allow":["GET"]}}],"collection":[{"href":"https:\/\/gretasexylingerie.com\/fi\/wp-json\/wp\/v2\/product"}],"about":[{"href":"https:\/\/gretasexylingerie.com\/fi\/wp-json\/wp\/v2\/types\/product"}],"wp:featuredmedia":[{"embeddable":true,"href":"https:\/\/gretasexylingerie.com\/fi\/wp-json\/wp\/v2\/media\/46431"}],"wp:attachment":[{"href":"https:\/\/gretasexylingerie.com\/fi\/wp-json\/wp\/v2\/media?parent=46425"}],"wp:term":[{"taxonomy":"product_brand","embeddable":true,"href":"https:\/\/gretasexylingerie.com\/fi\/wp-json\/wp\/v2\/product_brand?post=46425"},{"taxonomy":"product_cat","embeddable":true,"href":"https:\/\/gretasexylingerie.com\/fi\/wp-json\/wp\/v2\/product_cat?post=46425"},{"taxonomy":"product_tag","embeddable":true,"href":"https:\/\/gretasexylingerie.com\/fi\/wp-json\/wp\/v2\/product_tag?post=46425"}],"curies":[{"name":"wp","href":"https:\/\/api.w.org\/{rel}","templated":true}]}}