{"id":46396,"date":"2023-11-01T23:09:28","date_gmt":"2023-11-01T15:09:28","guid":{"rendered":"https:\/\/gretasexylingerie.com\/?post_type=product&#038;p=46396"},"modified":"2023-11-01T23:10:30","modified_gmt":"2023-11-01T15:10:30","slug":"tukku-seksikas-verkkopuku-jossa-selkanojaton-malli","status":"publish","type":"product","link":"https:\/\/gretasexylingerie.com\/fi\/products\/wholesale-sexy-fishnet-body-suit-with-backless-design\/","title":{"rendered":"Tukkukaupan seksik\u00e4s verkkopuku, jossa selk\u00e4nojaton malli"},"content":{"rendered":"<ol class=\"wp-block-list\">\n<li><strong>Vy\u00f6t\u00e4r\u00f6t\u00f6n muotoilu<\/strong>: Ainutlaatuinen vy\u00f6t\u00e4r\u00f6t\u00f6n leikkaus korostaa k\u00e4yri\u00e4si tarjoten imartelevan siluetin, joka varmasti k\u00e4\u00e4nt\u00e4\u00e4 p\u00e4\u00e4t.<\/li>\n\n\n\n<li><strong>Seksik\u00e4s l\u00e4pin\u00e4kyv\u00e4 ulkoasu<\/strong>: Valmistettu puhtaasta materiaalista, t\u00e4m\u00e4 <strong>seksik\u00e4s musta bodysukka<\/strong> tarjoaa houkuttelevan kurkistus-ilmi\u00f6n, joten se on pakollinen hankinta niille erityisille iltoille.<\/li>\n\n\n\n<li><strong>Taustaton ominaisuus<\/strong>: H\u00e4mm\u00e4stytt\u00e4v\u00e4 <strong>Selk\u00e4nojattomat vartalosukat<\/strong> muotoilu lis\u00e4\u00e4 yll\u00e4tyksen elementin, mik\u00e4 varmistaa, ett\u00e4 j\u00e4t\u00e4t pysyv\u00e4n vaikutelman.<\/li>\n\n\n\n<li><strong>Korkealaatuinen materiaali<\/strong>: Valmistettu ensiluokkaisesta, joustavasta kankaasta, ja vartalomme takaavat tiukan istuvuuden ja tarjoavat \u00e4\u00e4rimm\u00e4isen mukavuuden.<\/li>\n\n\n\n<li><strong>T\u00e4ydellinen kaikkiin tilaisuuksiin<\/strong>: Olipa kyseess\u00e4 romanttinen ilta, juhla tai vain illanvietto, t\u00e4m\u00e4 body-sukka on riitt\u00e4v\u00e4n monipuolinen korottamaan mit\u00e4 tahansa asua.<\/li>\n<\/ol>\n\n\n\n<p>Sukella aistillisuuden ja eleganssin maailmaan selk\u00e4tt\u00f6m\u00e4ll\u00e4 verkkobody-pukullamme. Sen kiehtova muotoilu ja moitteeton yksityiskohdat lupaavat tehd\u00e4 sinusta illan t\u00e4hden. Syleile sis\u00e4ist\u00e4 diivasi ja tilaa omasi jo t\u00e4n\u00e4\u00e4n!<\/p>","protected":false},"excerpt":{"rendered":"<p>Paljasta hikoileva puolesi kanssamme <strong>seksik\u00e4s verkkovartalopuku<\/strong>. Vy\u00f6t\u00e4r\u00f6tt\u00f6m\u00e4ll\u00e4 ja selk\u00e4tomalla varustetulla body-sukkahousulla on t\u00e4ydellinen sekoitus vieh\u00e4tyst\u00e4 ja hienostuneisuutta.<\/p>","protected":false},"featured_media":46404,"template":"","meta":[],"product_brand":[],"product_cat":[405,404,409],"product_tag":[],"class_list":{"0":"post-46396","1":"product","2":"type-product","3":"status-publish","4":"has-post-thumbnail","6":"product_cat-wholesale-bodystocking","7":"product_cat-sexy-stocking","8":"product_cat-wholesale-stocking-bodysuit","9":"pa_color-black","10":"pa_size-free","12":"first","13":"instock","14":"taxable","15":"shipping-taxable","16":"purchasable","17":"product-type-variable"},"tiered_pricing_type":"fixed","tiered_pricing_fixed_rules":[],"tiered_pricing_product_settings":{"layout":"default","base_unit_name":{"singular":null,"plural":null},"default_variation":{}},"tiered_pricing_minimum_quantity":null,"tiered_pricing_roles_data":[],"tiered_pricing_percentage_rules":[],"tiered_pricing_maximum_quantity":null,"tiered_pricing_quantity_step":null,"_links":{"self":[{"href":"https:\/\/gretasexylingerie.com\/fi\/wp-json\/wp\/v2\/product\/46396","targetHints":{"allow":["GET"]}}],"collection":[{"href":"https:\/\/gretasexylingerie.com\/fi\/wp-json\/wp\/v2\/product"}],"about":[{"href":"https:\/\/gretasexylingerie.com\/fi\/wp-json\/wp\/v2\/types\/product"}],"wp:featuredmedia":[{"embeddable":true,"href":"https:\/\/gretasexylingerie.com\/fi\/wp-json\/wp\/v2\/media\/46404"}],"wp:attachment":[{"href":"https:\/\/gretasexylingerie.com\/fi\/wp-json\/wp\/v2\/media?parent=46396"}],"wp:term":[{"taxonomy":"product_brand","embeddable":true,"href":"https:\/\/gretasexylingerie.com\/fi\/wp-json\/wp\/v2\/product_brand?post=46396"},{"taxonomy":"product_cat","embeddable":true,"href":"https:\/\/gretasexylingerie.com\/fi\/wp-json\/wp\/v2\/product_cat?post=46396"},{"taxonomy":"product_tag","embeddable":true,"href":"https:\/\/gretasexylingerie.com\/fi\/wp-json\/wp\/v2\/product_tag?post=46396"}],"curies":[{"name":"wp","href":"https:\/\/api.w.org\/{rel}","templated":true}]}}