{"id":46377,"date":"2023-11-01T22:39:39","date_gmt":"2023-11-01T14:39:39","guid":{"rendered":"https:\/\/gretasexylingerie.com\/?post_type=product&#038;p=46377"},"modified":"2023-11-01T23:02:54","modified_gmt":"2023-11-01T15:02:54","slug":"tukkumyynnissa-olkapaalta-valmistettu-bodystocking-mekko-seksikkaalla-onttolla-designilla","status":"publish","type":"product","link":"https:\/\/gretasexylingerie.com\/fi\/products\/wholesale-off-the-shoulder-bodystocking-dress-with-sexy-hollow-design\/","title":{"rendered":"Tukkumyynniss\u00e4 olkap\u00e4ist\u00e4 kiinnitett\u00e4v\u00e4 mekko, jossa on seksik\u00e4s ontto muotoilu"},"content":{"rendered":"<ol class=\"wp-block-list\">\n<li><strong>Off-the-Shoulder Design<\/strong>: Py\u00f6re\u00e4 olkap\u00e4\u00e4malli tarjoaa klassisen ja ajattoman ilmeen, mik\u00e4 varmistaa, ett\u00e4 erotut joukosta kauniisti ja tyylikk\u00e4\u00e4sti <strong>verkkoalusvaatemekko<\/strong>.<\/li>\n\n\n\n<li><strong>Seksik\u00e4s ontot kuviot<\/strong>: T\u00e4m\u00e4 mekko on suunniteltu ainutlaatuisella ontolla kuviolla, ja se vangitsee viettelyn ja mysteerin olemuksen, joka muistuttaa <strong>h\u00e4m\u00e4h\u00e4kinverkko vartalosukka<\/strong>.<\/li>\n\n\n\n<li><strong>Lantiota peitt\u00e4v\u00e4 lyhyt hame<\/strong>: Lis\u00e4tty lyhyt hame tarjoaa ylim\u00e4\u00e4r\u00e4isen kerroksen houkuttelevuutta, t\u00e4ydent\u00e4en t\u00e4ydellisesti yleist\u00e4 muotoilua ja parantaen siluettiasi.<\/li>\n\n\n\n<li><strong>Mukavuus ja istuvuus<\/strong>: Joustavista ja hengitt\u00e4vist\u00e4 materiaaleista valmistettu bodystocking-mekkomme lupaa mukavan istuvuuden, jolloin voit liikkua helposti ja itsevarmasti.<\/li>\n\n\n\n<li><strong>Monipuolinen Wear<\/strong>: Olipa kyseess\u00e4 erityist\u00e4 iltaa tai vain lis\u00e4t\u00e4ksesi hieman maustetta alusvaatekokoelmaasi, t\u00e4m\u00e4 mekko on tarpeeksi monipuolinen kaikkiin tilaisuuksiin.<\/li>\n<\/ol>\n\n\n\n<p>Sukella eleganssin ja aistillisuuden maailmaan olkap\u00e4iden ulkopuolisella bodystocking-mekollamme. Sen ainutlaatuinen muotoilu ja moitteeton yksityiskohdat lupaavat j\u00e4tt\u00e4\u00e4 unohtumattoman vaikutelman. \u00c4l\u00e4 missaa; nosta alusvaatepeli\u00e4si t\u00e4n\u00e4\u00e4n!<\/p>","protected":false},"excerpt":{"rendered":"<p>Esittelyss\u00e4 kiehtovamme <strong>olkap\u00e4\u00e4lt\u00e4 verkkomekko<\/strong>, suunniteltu antamaan lausunto. Py\u00f6re\u00e4 olkap\u00e4\u00e4malli, hiukset ontot kuviot ja lantiota peitt\u00e4v\u00e4 lyhyt hame tekev\u00e4t mekosta t\u00e4ydellisen yhdistelm\u00e4n eleganssia ja vieh\u00e4tyst\u00e4.<\/p>","protected":false},"featured_media":46386,"template":"","meta":[],"product_brand":[],"product_cat":[405,406,404],"product_tag":[],"class_list":{"0":"post-46377","1":"product","2":"type-product","3":"status-publish","4":"has-post-thumbnail","6":"product_cat-wholesale-bodystocking","7":"product_cat-wholesale-fishnet-dress","8":"product_cat-sexy-stocking","9":"pa_color-black","10":"pa_size-free","12":"first","13":"instock","14":"taxable","15":"shipping-taxable","16":"purchasable","17":"product-type-variable"},"tiered_pricing_type":"fixed","tiered_pricing_fixed_rules":[],"tiered_pricing_product_settings":{"layout":"default","base_unit_name":{"singular":null,"plural":null},"default_variation":{}},"tiered_pricing_minimum_quantity":null,"tiered_pricing_roles_data":[],"tiered_pricing_percentage_rules":[],"tiered_pricing_maximum_quantity":null,"tiered_pricing_quantity_step":null,"_links":{"self":[{"href":"https:\/\/gretasexylingerie.com\/fi\/wp-json\/wp\/v2\/product\/46377","targetHints":{"allow":["GET"]}}],"collection":[{"href":"https:\/\/gretasexylingerie.com\/fi\/wp-json\/wp\/v2\/product"}],"about":[{"href":"https:\/\/gretasexylingerie.com\/fi\/wp-json\/wp\/v2\/types\/product"}],"wp:featuredmedia":[{"embeddable":true,"href":"https:\/\/gretasexylingerie.com\/fi\/wp-json\/wp\/v2\/media\/46386"}],"wp:attachment":[{"href":"https:\/\/gretasexylingerie.com\/fi\/wp-json\/wp\/v2\/media?parent=46377"}],"wp:term":[{"taxonomy":"product_brand","embeddable":true,"href":"https:\/\/gretasexylingerie.com\/fi\/wp-json\/wp\/v2\/product_brand?post=46377"},{"taxonomy":"product_cat","embeddable":true,"href":"https:\/\/gretasexylingerie.com\/fi\/wp-json\/wp\/v2\/product_cat?post=46377"},{"taxonomy":"product_tag","embeddable":true,"href":"https:\/\/gretasexylingerie.com\/fi\/wp-json\/wp\/v2\/product_tag?post=46377"}],"curies":[{"name":"wp","href":"https:\/\/api.w.org\/{rel}","templated":true}]}}