{"id":46357,"date":"2023-11-01T21:46:18","date_gmt":"2023-11-01T13:46:18","guid":{"rendered":"https:\/\/gretasexylingerie.com\/?post_type=product&#038;p=46357"},"modified":"2023-11-01T21:47:23","modified_gmt":"2023-11-01T13:47:23","slug":"tukku-strassikivi-koko-bodystocking-lapinakyva-jacquard","status":"publish","type":"product","link":"https:\/\/gretasexylingerie.com\/fi\/products\/wholesale-rhinestone-full-bodystocking-with-transparent-jacquard\/","title":{"rendered":"Tukku tekojalokivi T\u00e4ysi Bodystocking l\u00e4pin\u00e4kyv\u00e4 Jacquard"},"content":{"rendered":"<ol class=\"wp-block-list\">\n<li><strong>tekojalokivikoristeet<\/strong>: Jokainen <strong>timanttiverkkovartalohousut<\/strong> on koristeltu kimaltelevilla strassilla, jotka lis\u00e4\u00e4v\u00e4t lookiisi ylellisyytt\u00e4 ja glamouria. Hohtavat koristeet vangitsevat valon kauniisti varmistaen, ett\u00e4 loistat joka kulmasta.<\/li>\n\n\n\n<li><strong>L\u00e4pin\u00e4kyv\u00e4 verkkomateriaali<\/strong>: Valmistettu korkealaatuisesta l\u00e4pin\u00e4kyv\u00e4st\u00e4 verkosta, t\u00e4m\u00e4 bodystocking tarjoaa houkuttelevan v\u00e4l\u00e4hdyksen alla olevasta ihosta. Materiaali on pehme\u00e4\u00e4, joustavaa ja varmistaa tiukan istuvuuden.<\/li>\n\n\n\n<li><strong>Taustaton muotoilu<\/strong>: T\u00e4m\u00e4n viettelev\u00e4 taustaton muotoilu <strong>sukkanauhasukkahousut<\/strong> korostaa selk\u00e4\u00e4si ja lis\u00e4\u00e4 kokonaisuuteen yll\u00e4tyksen ja vieh\u00e4tyksen elementin.<\/li>\n\n\n\n<li><strong>Seksik\u00e4s haaran yksityiskohdat<\/strong>: Sukkahousuissa on yksil\u00f6llisesti suunniteltu seksik\u00e4s haara, joka varmistaa, ett\u00e4 tunnet itsevarmuutta ja voimaa joka kerta, kun k\u00e4yt\u00e4t sit\u00e4.<\/li>\n\n\n\n<li><strong>Laadukas l\u00e4pin\u00e4kyv\u00e4 jacquard<\/strong>: L\u00e4pin\u00e4kyv\u00e4t jacquard-yksityiskohdat lis\u00e4\u00e4v\u00e4t vartalohousuihin hienostuneisuutta ja eleganssia, mik\u00e4 tekee siit\u00e4 t\u00e4ydellisen erikoistilaisuuksiin.<\/li>\n<\/ol>\n\n\n\n<p>Korosta intiimiasuasi strassikivikoristeellisilla bodysukkaillamme. Ylellisen muotoilunsa ja yksityiskohtiin huomioivan tuotteen ansiosta voit tuntea olosi itsevarmaksi, voimaantuneeksi ja vastustamattoman viettelev\u00e4ksi. \u00c4l\u00e4 odota, lis\u00e4\u00e4 t\u00e4m\u00e4 mestariteos kokoelmaasi t\u00e4n\u00e4\u00e4n ja loista kuin t\u00e4hti olet!<\/p>","protected":false},"excerpt":{"rendered":"<p>Esittelyss\u00e4 meid\u00e4n <strong>kokovartaloinen sukkapuku<\/strong>, koristeltu hohtavilla strassilla ja valmistettu l\u00e4pin\u00e4kyv\u00e4st\u00e4 verkosta. T\u00e4m\u00e4 selk\u00e4nojaton muotoilu yhdistettyn\u00e4 seksikk\u00e4\u00e4seen haaraan ja monimutkaiseen l\u00e4pin\u00e4kyv\u00e4\u00e4n jakardiin lupaa olla intiimikokoelmasi keskipiste.<\/p>","protected":false},"featured_media":46362,"template":"","meta":[],"product_brand":[],"product_cat":[405,407,408,404],"product_tag":[],"class_list":{"0":"post-46357","1":"product","2":"type-product","3":"status-publish","4":"has-post-thumbnail","6":"product_cat-wholesale-bodystocking","7":"product_cat-wholesale-full-body-stocking","8":"product_cat-wholesale-rhinestone-bodystocking","9":"product_cat-sexy-stocking","10":"pa_color-black","11":"pa_size-free","13":"first","14":"instock","15":"taxable","16":"shipping-taxable","17":"purchasable","18":"product-type-variable"},"tiered_pricing_type":"fixed","tiered_pricing_fixed_rules":[],"tiered_pricing_product_settings":{"layout":"default","base_unit_name":{"singular":null,"plural":null},"default_variation":{}},"tiered_pricing_minimum_quantity":null,"tiered_pricing_roles_data":[],"tiered_pricing_percentage_rules":[],"tiered_pricing_maximum_quantity":null,"tiered_pricing_quantity_step":null,"_links":{"self":[{"href":"https:\/\/gretasexylingerie.com\/fi\/wp-json\/wp\/v2\/product\/46357","targetHints":{"allow":["GET"]}}],"collection":[{"href":"https:\/\/gretasexylingerie.com\/fi\/wp-json\/wp\/v2\/product"}],"about":[{"href":"https:\/\/gretasexylingerie.com\/fi\/wp-json\/wp\/v2\/types\/product"}],"wp:featuredmedia":[{"embeddable":true,"href":"https:\/\/gretasexylingerie.com\/fi\/wp-json\/wp\/v2\/media\/46362"}],"wp:attachment":[{"href":"https:\/\/gretasexylingerie.com\/fi\/wp-json\/wp\/v2\/media?parent=46357"}],"wp:term":[{"taxonomy":"product_brand","embeddable":true,"href":"https:\/\/gretasexylingerie.com\/fi\/wp-json\/wp\/v2\/product_brand?post=46357"},{"taxonomy":"product_cat","embeddable":true,"href":"https:\/\/gretasexylingerie.com\/fi\/wp-json\/wp\/v2\/product_cat?post=46357"},{"taxonomy":"product_tag","embeddable":true,"href":"https:\/\/gretasexylingerie.com\/fi\/wp-json\/wp\/v2\/product_tag?post=46357"}],"curies":[{"name":"wp","href":"https:\/\/api.w.org\/{rel}","templated":true}]}}