{"id":46328,"date":"2023-10-31T23:04:16","date_gmt":"2023-10-31T15:04:16","guid":{"rendered":"https:\/\/gretasexylingerie.com\/?post_type=product&#038;p=46328"},"modified":"2023-10-31T23:05:27","modified_gmt":"2023-10-31T15:05:27","slug":"tukkumyynti-lapinakyvat-valkoiset-sukat-syvalla-v-selkattomalla-muotoilulla","status":"publish","type":"product","link":"https:\/\/gretasexylingerie.com\/fi\/products\/wholesale-sheer-white-stocking-with-deep-v-backless-design\/","title":{"rendered":"Tukkukaupan l\u00e4pin\u00e4kyv\u00e4t valkoiset sukat syv\u00e4ll\u00e4 V-selk\u00e4tomalla designilla"},"content":{"rendered":"<ol class=\"wp-block-list\">\n<li><strong>Silkkaa valkoista eleganssia<\/strong>: Koskematon valkoinen s\u00e4vy huokuu puhdasta ja eteerist\u00e4 vieh\u00e4tysvoimaa, joten se on monipuolinen kappale eri tilanteisiin. Sen pelkk\u00e4 luonne lis\u00e4\u00e4 ripauksen mysteeri\u00e4 ja vieh\u00e4tyst\u00e4 varmistaen, ett\u00e4 k\u00e4ytt\u00e4j\u00e4 erottuu joukosta.<\/li>\n\n\n\n<li><strong>L\u00e4pin\u00e4kyv\u00e4 viettely<\/strong>: Suunniteltu kiusoittelemaan ja kiusaamaan, l\u00e4pin\u00e4kyv\u00e4 kangas varmistaa, ett\u00e4 k\u00e4ytt\u00e4j\u00e4 tuntee olonsa houkuttelevaksi ja vastustamattomaksi. Se on ihanteellinen valinta niille, jotka haluavat tehd\u00e4 rohkean lausunnon.<\/li>\n\n\n\n<li><strong>Deep V -taustaton muotoilu<\/strong>: T\u00e4m\u00e4 aistillinen ominaisuus korostaa selk\u00e4\u00e4 ja tarjoaa houkuttelevan kurkistamisen. Se on t\u00e4ydellinen sekoitus eleganssia ja viettely\u00e4, joten se on jokaisen kokoelman pakollinen hankinta.<\/li>\n\n\n\n<li><strong>Hihnan muotoilu<\/strong>: Monimutkainen hihnamuotoilu ei vain tarjoa tukea, vaan lis\u00e4\u00e4 my\u00f6s hienostuneisuutta vartalonhousuihin. Se on hienovarainen mutta tehokas tapa parantaa yleist\u00e4 suunnittelua.<\/li>\n\n\n\n<li><strong>Laadukasta nylonia<\/strong>: Valmistettu ensiluokkaisesta nylonista, t\u00e4m\u00e4 body-sukka on pehme\u00e4 kosketukseen ja mukava k\u00e4ytt\u00e4\u00e4. Se on kest\u00e4v\u00e4 ja suunniteltu kest\u00e4m\u00e4\u00e4n, mik\u00e4 varmistaa, ett\u00e4 asiakkaat saavat vastinetta rahoilleen.<\/li>\n<\/ol>\n\n\n\n<p>Astu eleganssin ja aistillisuuden maailmaan. Body-sukkamme eiv\u00e4t ole vain vaate; se on lausunto. Sen pelkk\u00e4 vieh\u00e4tys ja syv\u00e4 V-taustaton muotoilu antavat asiakaskuntasi syleill\u00e4 sis\u00e4isen diivansa. Nosta kokoelmaasi ja tilaa nyt!<\/p>","protected":false},"excerpt":{"rendered":"<p>Esittelyss\u00e4 meid\u00e4n <strong>l\u00e4pin\u00e4kyv\u00e4 nylon-sukkahousut<\/strong> koskemattoman valkoisena. T\u00e4m\u00e4 vangitseva sekoitus eleganssia ja vieh\u00e4tyst\u00e4 <strong>seksik\u00e4s nylon body<\/strong> on suunniteltu antamaan lausunto.<\/p>","protected":false},"featured_media":46337,"template":"","meta":[],"product_brand":[],"product_cat":[405,370,404,409],"product_tag":[],"class_list":{"0":"post-46328","1":"product","2":"type-product","3":"status-publish","4":"has-post-thumbnail","6":"product_cat-wholesale-bodystocking","7":"product_cat-bodysuit","8":"product_cat-sexy-stocking","9":"product_cat-wholesale-stocking-bodysuit","10":"pa_color-white","11":"pa_size-free","13":"first","14":"instock","15":"taxable","16":"shipping-taxable","17":"purchasable","18":"product-type-variable"},"tiered_pricing_type":"fixed","tiered_pricing_fixed_rules":[],"tiered_pricing_product_settings":{"layout":"default","base_unit_name":{"singular":null,"plural":null},"default_variation":{}},"tiered_pricing_minimum_quantity":null,"tiered_pricing_roles_data":[],"tiered_pricing_percentage_rules":[],"tiered_pricing_maximum_quantity":null,"tiered_pricing_quantity_step":null,"_links":{"self":[{"href":"https:\/\/gretasexylingerie.com\/fi\/wp-json\/wp\/v2\/product\/46328","targetHints":{"allow":["GET"]}}],"collection":[{"href":"https:\/\/gretasexylingerie.com\/fi\/wp-json\/wp\/v2\/product"}],"about":[{"href":"https:\/\/gretasexylingerie.com\/fi\/wp-json\/wp\/v2\/types\/product"}],"wp:featuredmedia":[{"embeddable":true,"href":"https:\/\/gretasexylingerie.com\/fi\/wp-json\/wp\/v2\/media\/46337"}],"wp:attachment":[{"href":"https:\/\/gretasexylingerie.com\/fi\/wp-json\/wp\/v2\/media?parent=46328"}],"wp:term":[{"taxonomy":"product_brand","embeddable":true,"href":"https:\/\/gretasexylingerie.com\/fi\/wp-json\/wp\/v2\/product_brand?post=46328"},{"taxonomy":"product_cat","embeddable":true,"href":"https:\/\/gretasexylingerie.com\/fi\/wp-json\/wp\/v2\/product_cat?post=46328"},{"taxonomy":"product_tag","embeddable":true,"href":"https:\/\/gretasexylingerie.com\/fi\/wp-json\/wp\/v2\/product_tag?post=46328"}],"curies":[{"name":"wp","href":"https:\/\/api.w.org\/{rel}","templated":true}]}}