{"id":46318,"date":"2023-10-31T22:38:22","date_gmt":"2023-10-31T14:38:22","guid":{"rendered":"https:\/\/gretasexylingerie.com\/?post_type=product&#038;p=46318"},"modified":"2023-10-31T22:50:42","modified_gmt":"2023-10-31T14:50:42","slug":"tukku-yksi-olkapaa-punainen-strassikivi-bodystocking-mekko","status":"publish","type":"product","link":"https:\/\/gretasexylingerie.com\/fi\/products\/wholesale-one-shoulder-red-rhinestone-bodystocking-dress\/","title":{"rendered":"Tukkumyynti yhden olkap\u00e4\u00e4n punainen tekojalokivimekko"},"content":{"rendered":"<ol class=\"wp-block-list\">\n<li><strong>Haaraton muotoilu<\/strong>: Rohkea ja provosoiva ominaisuus, joka lis\u00e4\u00e4 yll\u00e4tyksen elementin. Se varmistaa, ett\u00e4 k\u00e4ytt\u00e4j\u00e4 tuntee olonsa itsevarmaksi ja voimaantuneeksi, joten se on paras valinta erityisiin hetkiin.<\/li>\n\n\n\n<li><strong>Riimukaula ja selk\u00e4nojaton<\/strong>: T\u00e4m\u00e4 muotoilu korostaa olkap\u00e4it\u00e4 ja selk\u00e4\u00e4 tarjoten aistillisen siluetin. Se on t\u00e4ydellinen sekoitus eleganssia ja viettely\u00e4, joten se on jokaisen kokoelman pakollinen hankinta.<\/li>\n\n\n\n<li><strong>Jacquard-kuvio<\/strong>: Monimutkainen ja yksityiskohtainen, t\u00e4m\u00e4 malli lis\u00e4\u00e4 ripauksen hienostuneisuutta bodysukkaisiin. Se on hienovarainen mutta tehokas tapa parantaa yleist\u00e4 suunnittelua.<\/li>\n\n\n\n<li><strong>Seksik\u00e4s l\u00e4pin\u00e4kyv\u00e4 materiaali<\/strong>: Suunniteltu kiusoittelemaan ja kiusaamaan, l\u00e4pin\u00e4kyv\u00e4 kangas varmistaa, ett\u00e4 k\u00e4ytt\u00e4j\u00e4 tuntee olonsa houkuttelevaksi ja vastustamattomaksi. Se on ihanteellinen valinta niille, jotka haluavat tehd\u00e4 rohkean lausunnon.<\/li>\n\n\n\n<li><strong>Monipuolinen vetovoima<\/strong>: Olipa kyseess\u00e4 erityistilaisuus tai vain illanvietto, t\u00e4m\u00e4 bodysukka on riitt\u00e4v\u00e4n monipuolinen sopimaan mihin tahansa tunnelmaan. Anna asiakkaidesi syleill\u00e4 sis\u00e4ist\u00e4 viettelij\u00e4\u00e4ns\u00e4 t\u00e4ll\u00e4 valloittavalla kappaleella.<\/li>\n<\/ol>\n\n\n\n<p>Paljasta viettelyn ja eleganssin maailma. T\u00e4m\u00e4 vartalosukka on enemm\u00e4n kuin pelkk\u00e4 vaate; se on kokemus. Rohkean haarattoman muotoilunsa ja monimutkaisen jacquard-kuvionsa ansiosta asiakaskuntasi on houkuttelevuuden ruumiillistuma. Sukella houkutusten maailmaan ja hanki varastot nyt!<\/p>","protected":false},"excerpt":{"rendered":"<p>Valaise kokoelmaasi yhden olkap\u00e4\u00e4ll\u00e4mme <strong>verkkomekko punainen<\/strong>. T\u00e4m\u00e4 kimaltelevilla strassilla koristeltu mekko on ruumiillistuma a <strong>verkkofestivaaliasu<\/strong> ripaus eleganssia.<\/p>","protected":false},"featured_media":46327,"template":"","meta":[],"product_brand":[],"product_cat":[405,406,408,404],"product_tag":[],"class_list":{"0":"post-46318","1":"product","2":"type-product","3":"status-publish","4":"has-post-thumbnail","6":"product_cat-wholesale-bodystocking","7":"product_cat-wholesale-fishnet-dress","8":"product_cat-wholesale-rhinestone-bodystocking","9":"product_cat-sexy-stocking","10":"pa_color-black","11":"pa_size-free","13":"first","14":"instock","15":"taxable","16":"shipping-taxable","17":"purchasable","18":"product-type-variable"},"tiered_pricing_type":"fixed","tiered_pricing_fixed_rules":[],"tiered_pricing_product_settings":{"layout":"default","base_unit_name":{"singular":null,"plural":null},"default_variation":{}},"tiered_pricing_minimum_quantity":null,"tiered_pricing_roles_data":[],"tiered_pricing_percentage_rules":[],"tiered_pricing_maximum_quantity":null,"tiered_pricing_quantity_step":null,"_links":{"self":[{"href":"https:\/\/gretasexylingerie.com\/fi\/wp-json\/wp\/v2\/product\/46318","targetHints":{"allow":["GET"]}}],"collection":[{"href":"https:\/\/gretasexylingerie.com\/fi\/wp-json\/wp\/v2\/product"}],"about":[{"href":"https:\/\/gretasexylingerie.com\/fi\/wp-json\/wp\/v2\/types\/product"}],"wp:featuredmedia":[{"embeddable":true,"href":"https:\/\/gretasexylingerie.com\/fi\/wp-json\/wp\/v2\/media\/46327"}],"wp:attachment":[{"href":"https:\/\/gretasexylingerie.com\/fi\/wp-json\/wp\/v2\/media?parent=46318"}],"wp:term":[{"taxonomy":"product_brand","embeddable":true,"href":"https:\/\/gretasexylingerie.com\/fi\/wp-json\/wp\/v2\/product_brand?post=46318"},{"taxonomy":"product_cat","embeddable":true,"href":"https:\/\/gretasexylingerie.com\/fi\/wp-json\/wp\/v2\/product_cat?post=46318"},{"taxonomy":"product_tag","embeddable":true,"href":"https:\/\/gretasexylingerie.com\/fi\/wp-json\/wp\/v2\/product_tag?post=46318"}],"curies":[{"name":"wp","href":"https:\/\/api.w.org\/{rel}","templated":true}]}}