{"id":46308,"date":"2023-10-31T22:08:35","date_gmt":"2023-10-31T14:08:35","guid":{"rendered":"https:\/\/gretasexylingerie.com\/?post_type=product&#038;p=46308"},"modified":"2023-10-31T22:10:10","modified_gmt":"2023-10-31T14:10:10","slug":"seksikas-vartalosukkahousu-tukkumyynti-kukkakuvioinnilla","status":"publish","type":"product","link":"https:\/\/gretasexylingerie.com\/fi\/products\/wholesale-sexy-body-stockings-bodysuit-with-floral-design\/","title":{"rendered":"Tukkukaupan seksikk\u00e4\u00e4t vartalohousut Body-puku kukkakuvioinnilla"},"content":{"rendered":"<ol class=\"wp-block-list\">\n<li><strong>L\u00e4pin\u00e4kyv\u00e4t kukkakoristeet<\/strong>: Monimutkaiset kukkakuviot sulautuvat saumattomasti bodyn muotoiluun ja lis\u00e4\u00e4v\u00e4t ripauksen eleganssia ja naisellisuutta.<\/li>\n\n\n\n<li><strong>Kiehtovat leikkaukset<\/strong>: Strategisesti sijoitetut leikkaukset lis\u00e4\u00e4v\u00e4t vieh\u00e4tyst\u00e4 ja tarjoavat houkuttelevan v\u00e4l\u00e4hdyksen, joka on sek\u00e4 viettelev\u00e4 ett\u00e4 tyylik\u00e4s.<\/li>\n\n\n\n<li><strong>Fishnet Bodysuit seksik\u00e4s<\/strong>: Hyv\u00e4ksy trendi t\u00e4ll\u00e4 body-asulla, joka tiivist\u00e4\u00e4 t\u00e4ydellisesti seksikk\u00e4\u00e4n verkkovalinnan ja tekee siit\u00e4 jokaisen malliston v\u00e4ltt\u00e4m\u00e4tt\u00f6m\u00e4n.<\/li>\n\n\n\n<li><strong>Mukavuus kohtaa tyylin<\/strong>: T\u00e4m\u00e4 on suunniteltu sek\u00e4 mukavuuteen ett\u00e4 tyyliin <strong>valkoinen verkko body<\/strong> varmistaa tiukan istuvuuden, jolloin voit liikkua sulavasti ja itsevarmasti.<\/li>\n\n\n\n<li><strong>Monipuolinen eleganssi<\/strong>: T\u00e4ydellinen erityistilaisuuksiin tai intiimeihin iltoihin. T\u00e4m\u00e4 body on monipuolinen ja varmistaa, ett\u00e4 olet aina huomion keskipisteess\u00e4.<\/li>\n<\/ol>\n\n\n\n<p>Korosta mallistoasi bodystocking-bodyllamme, jossa eleganssi kohtaa vieh\u00e4tyksen. Monimutkaisilla kukkakuvioinneilla, houkuttelevilla leikkauksilla ja verkkojen kiistattomalla vieh\u00e4tysvoimalla se on enemm\u00e4n kuin vain alusvaatteita - se on julkilausuma. Anna asiakaskuntasi nauttia ylellisyydest\u00e4 ja m\u00e4\u00e4ritell\u00e4 tyylins\u00e4 uudelleen. Sukella hienostuneisuuteen; Varaa nyt ja anna jokaisen hetken olla valokeilassa.<\/p>","protected":false},"excerpt":{"rendered":"<p>Tutustu tukkumyyntiimme <strong>seksikk\u00e4\u00e4t vartalosukat naisille<\/strong>, sekoitus vieh\u00e4tyst\u00e4 ja hienostuneisuutta. T\u00e4ss\u00e4 bodyssa on l\u00e4pin\u00e4kyvi\u00e4 kukkakoristeita, kiehtovia leikkauksia, ja se on ruumiillistuma <strong>verkkobody seksik\u00e4s<\/strong> trendi.<\/p>","protected":false},"featured_media":46317,"template":"","meta":[],"product_brand":[],"product_cat":[405,404,409],"product_tag":[],"class_list":{"0":"post-46308","1":"product","2":"type-product","3":"status-publish","4":"has-post-thumbnail","6":"product_cat-wholesale-bodystocking","7":"product_cat-sexy-stocking","8":"product_cat-wholesale-stocking-bodysuit","9":"pa_color-black","10":"pa_size-free","12":"first","13":"instock","14":"taxable","15":"shipping-taxable","16":"purchasable","17":"product-type-variable"},"tiered_pricing_type":"fixed","tiered_pricing_fixed_rules":[],"tiered_pricing_product_settings":{"layout":"default","base_unit_name":{"singular":null,"plural":null},"default_variation":{}},"tiered_pricing_minimum_quantity":null,"tiered_pricing_roles_data":[],"tiered_pricing_percentage_rules":[],"tiered_pricing_maximum_quantity":null,"tiered_pricing_quantity_step":null,"_links":{"self":[{"href":"https:\/\/gretasexylingerie.com\/fi\/wp-json\/wp\/v2\/product\/46308","targetHints":{"allow":["GET"]}}],"collection":[{"href":"https:\/\/gretasexylingerie.com\/fi\/wp-json\/wp\/v2\/product"}],"about":[{"href":"https:\/\/gretasexylingerie.com\/fi\/wp-json\/wp\/v2\/types\/product"}],"wp:featuredmedia":[{"embeddable":true,"href":"https:\/\/gretasexylingerie.com\/fi\/wp-json\/wp\/v2\/media\/46317"}],"wp:attachment":[{"href":"https:\/\/gretasexylingerie.com\/fi\/wp-json\/wp\/v2\/media?parent=46308"}],"wp:term":[{"taxonomy":"product_brand","embeddable":true,"href":"https:\/\/gretasexylingerie.com\/fi\/wp-json\/wp\/v2\/product_brand?post=46308"},{"taxonomy":"product_cat","embeddable":true,"href":"https:\/\/gretasexylingerie.com\/fi\/wp-json\/wp\/v2\/product_cat?post=46308"},{"taxonomy":"product_tag","embeddable":true,"href":"https:\/\/gretasexylingerie.com\/fi\/wp-json\/wp\/v2\/product_tag?post=46308"}],"curies":[{"name":"wp","href":"https:\/\/api.w.org\/{rel}","templated":true}]}}