{"id":46259,"date":"2023-10-30T22:40:39","date_gmt":"2023-10-30T14:40:39","guid":{"rendered":"https:\/\/gretasexylingerie.com\/?post_type=product&#038;p=46259"},"modified":"2023-10-30T22:48:44","modified_gmt":"2023-10-30T14:48:44","slug":"tukku-punaiset-sukkahousut-joissa-ristiriimukaula","status":"publish","type":"product","link":"https:\/\/gretasexylingerie.com\/fi\/products\/wholesale-red-suspender-bodystocking-with-cross-halterneck\/","title":{"rendered":"Tukkumyynti Red Supender Bodystocking kanssa Cross Halterneck"},"content":{"rendered":"<ol class=\"wp-block-list\">\n<li><strong>L\u00e4pin\u00e4kyv\u00e4 muotoilu<\/strong>: L\u00e4pin\u00e4kyv\u00e4 materiaali tarjoaa kiehtovan kuvan alla olevasta, mik\u00e4 varmistaa, ett\u00e4 olet huomion keskipisteess\u00e4.<\/li>\n\n\n\n<li><strong>Leikatut yksityiskohdat<\/strong>: Strategisesti sijoitetut leikkaukset parantavat k\u00e4yri\u00e4si ja lis\u00e4\u00e4v\u00e4t ripaus mysteeri\u00e4 yleiseen suunnitteluun.<\/li>\n\n\n\n<li><strong>Ristip\u00e4\u00e4llinen<\/strong>: T\u00e4m\u00e4 ainutlaatuinen kaula-aukko ei ainoastaan tarjoa tukea, vaan my\u00f6s kohottaa vartalon yleist\u00e4 estetiikkaa.<\/li>\n\n\n\n<li><strong>Paljastettu takaosa<\/strong>: Avoin selk\u00e4malli on sek\u00e4 rohkea ett\u00e4 viettelev\u00e4, t\u00e4ydellinen erityistilaisuuksiin.<\/li>\n\n\n\n<li><strong>Eloisa punainen v\u00e4ri<\/strong>: Rohkea punainen s\u00e4vy ei ole vain katseenvangitsija, vaan my\u00f6s symboloi intohimoa ja halua.<\/li>\n<\/ol>\n\n\n\n<p>Astu eleganssin ja aistillisuuden valtakuntaan punaisilla sukkahousuillamme. T\u00e4ydellinen niille, jotka haluavat lis\u00e4t\u00e4 ripauksen intohimoa alusvaatekokoelmaansa. Tukkukauppiaat, tartu t\u00e4h\u00e4n tilaisuuteen tarjotaksesi asiakkaillesi sekoitus tyyli\u00e4 ja viettely\u00e4. Kysy nyt eksklusiivisia joukkotarjouksia.<\/p>","protected":false},"excerpt":{"rendered":"<p>Paljasta viettelyn maailma tukkumyyntimme avulla <strong>punainen sukkahousut<\/strong>. Suunniteltu l\u00e4pin\u00e4kyv\u00e4ll\u00e4 tekstuurilla, leikatuilla yksityiskohdilla ja ristikk\u00e4isell\u00e4 riimup\u00e4\u00e4ll\u00e4, t\u00e4m\u00e4 pala lupaa vangitseva ja houkutteleva. Paljas selk\u00e4osa lis\u00e4\u00e4 ylim\u00e4\u00e4r\u00e4ist\u00e4 vieh\u00e4tysvoimaa, joten se on v\u00e4ltt\u00e4m\u00e4t\u00f6n kaikissa alusvaatteissa.<\/p>","protected":false},"featured_media":46268,"template":"","meta":[],"product_brand":[],"product_cat":[405,407,404],"product_tag":[984],"class_list":{"0":"post-46259","1":"product","2":"type-product","3":"status-publish","4":"has-post-thumbnail","6":"product_cat-wholesale-bodystocking","7":"product_cat-wholesale-full-body-stocking","8":"product_cat-sexy-stocking","9":"product_tag-halloween-costumes","10":"pa_color-red-women-sexy-lingerie","11":"pa_size-free","13":"first","14":"instock","15":"taxable","16":"shipping-taxable","17":"purchasable","18":"product-type-variable"},"tiered_pricing_type":"fixed","tiered_pricing_fixed_rules":[],"tiered_pricing_product_settings":{"layout":"default","base_unit_name":{"singular":null,"plural":null},"default_variation":{}},"tiered_pricing_minimum_quantity":null,"tiered_pricing_roles_data":[],"tiered_pricing_percentage_rules":[],"tiered_pricing_maximum_quantity":null,"tiered_pricing_quantity_step":null,"_links":{"self":[{"href":"https:\/\/gretasexylingerie.com\/fi\/wp-json\/wp\/v2\/product\/46259","targetHints":{"allow":["GET"]}}],"collection":[{"href":"https:\/\/gretasexylingerie.com\/fi\/wp-json\/wp\/v2\/product"}],"about":[{"href":"https:\/\/gretasexylingerie.com\/fi\/wp-json\/wp\/v2\/types\/product"}],"wp:featuredmedia":[{"embeddable":true,"href":"https:\/\/gretasexylingerie.com\/fi\/wp-json\/wp\/v2\/media\/46268"}],"wp:attachment":[{"href":"https:\/\/gretasexylingerie.com\/fi\/wp-json\/wp\/v2\/media?parent=46259"}],"wp:term":[{"taxonomy":"product_brand","embeddable":true,"href":"https:\/\/gretasexylingerie.com\/fi\/wp-json\/wp\/v2\/product_brand?post=46259"},{"taxonomy":"product_cat","embeddable":true,"href":"https:\/\/gretasexylingerie.com\/fi\/wp-json\/wp\/v2\/product_cat?post=46259"},{"taxonomy":"product_tag","embeddable":true,"href":"https:\/\/gretasexylingerie.com\/fi\/wp-json\/wp\/v2\/product_tag?post=46259"}],"curies":[{"name":"wp","href":"https:\/\/api.w.org\/{rel}","templated":true}]}}