{"id":46171,"date":"2023-10-26T21:45:20","date_gmt":"2023-10-26T13:45:20","guid":{"rendered":"https:\/\/gretasexylingerie.com\/?post_type=product&#038;p=46171"},"modified":"2023-10-26T21:51:48","modified_gmt":"2023-10-26T13:51:48","slug":"seksikas-sukkahousut-tukkumyynti-ontolla-jacquardilla","status":"publish","type":"product","link":"https:\/\/gretasexylingerie.com\/fi\/products\/wholesale-sexy-suspender-bodystocking-with-hollow-jacquard\/","title":{"rendered":"Tukku seksik\u00e4s sukkahousu ontolla jakardilla"},"content":{"rendered":"<ol class=\"wp-block-list\">\n<li><strong>Ontto Jacquard Elegance<\/strong>: Yksityiskohtainen ontto jacquard-muotoilu tarjoaa kiehtovan ja ainutlaatuisen estetiikan, joka erottaa sinut miss\u00e4 tahansa ymp\u00e4rist\u00f6ss\u00e4.<\/li>\n\n\n\n<li><strong>Suloinen riimukaula<\/strong>: Tukevien ominaisuuksiensa lis\u00e4ksi riimukaulus lis\u00e4\u00e4 ripauksen hienostunutta houkuttelevuutta, mik\u00e4 tekee siit\u00e4 olennaisen lis\u00e4yksen kaikkiin alusvaatteisiin.<\/li>\n\n\n\n<li><strong>Silkkaa viettely\u00e4<\/strong>: Meid\u00e4n <strong>musta verkkosukka<\/strong> esittelee houkuttelevan l\u00e4pin\u00e4kyv\u00e4n muotoilun, joka tarjoaa vain vihjeen alla olevasta kauneudesta.<\/li>\n\n\n\n<li><strong>Mukavuutta jokaisessa kaarteessa<\/strong>: Vaikka sen muotoilu puhuu viettelyst\u00e4, bodysukka lupaa mukavan istuvuuden, joka sopii kaikkiin tilaisuuksiin.<\/li>\n\n\n\n<li><strong>Laadukas k\u00e4sity\u00f6taito<\/strong>: Valmistettu huippuluokan materiaaleista, se lupaa kest\u00e4vyytt\u00e4 ja varmistaa samalla pehme\u00e4n ja muotoon sopivan syleilyn.<\/li>\n<\/ol>\n\n\n\n<p>Korosta alusvaatteitasi lumoavilla sukkahousuillamme. T\u00e4ydellinen niille, joilla on tyyli\u00e4 ja mukavuutta. Hae nyt eksklusiivisia tukkumyyntimahdollisuuksia.<\/p>","protected":false},"excerpt":{"rendered":"<p>Astu eleganssin maailmaan tukkumyyntimme avulla <strong>l\u00e4pin\u00e4kyv\u00e4 vartalosukka<\/strong>. Ainutlaatuinen ontto jacquard-kuvio ja pehme\u00e4 riimukaula <strong>verkkoasun alusvaatteet<\/strong> on houkuttelevuuden ja hienostuneisuuden ruumiillistuma.<\/p>","protected":false},"featured_media":46179,"template":"","meta":[],"product_brand":[],"product_cat":[405,404,410],"product_tag":[],"class_list":{"0":"post-46171","1":"product","2":"type-product","3":"status-publish","4":"has-post-thumbnail","6":"product_cat-wholesale-bodystocking","7":"product_cat-sexy-stocking","8":"product_cat-wholesale-suspender-bodystocking","9":"pa_color-black","10":"pa_size-free","12":"first","13":"instock","14":"taxable","15":"shipping-taxable","16":"purchasable","17":"product-type-variable"},"tiered_pricing_type":"fixed","tiered_pricing_fixed_rules":[],"tiered_pricing_product_settings":{"layout":"default","base_unit_name":{"singular":null,"plural":null},"default_variation":{}},"tiered_pricing_minimum_quantity":null,"tiered_pricing_roles_data":[],"tiered_pricing_percentage_rules":[],"tiered_pricing_maximum_quantity":null,"tiered_pricing_quantity_step":null,"_links":{"self":[{"href":"https:\/\/gretasexylingerie.com\/fi\/wp-json\/wp\/v2\/product\/46171","targetHints":{"allow":["GET"]}}],"collection":[{"href":"https:\/\/gretasexylingerie.com\/fi\/wp-json\/wp\/v2\/product"}],"about":[{"href":"https:\/\/gretasexylingerie.com\/fi\/wp-json\/wp\/v2\/types\/product"}],"wp:featuredmedia":[{"embeddable":true,"href":"https:\/\/gretasexylingerie.com\/fi\/wp-json\/wp\/v2\/media\/46179"}],"wp:attachment":[{"href":"https:\/\/gretasexylingerie.com\/fi\/wp-json\/wp\/v2\/media?parent=46171"}],"wp:term":[{"taxonomy":"product_brand","embeddable":true,"href":"https:\/\/gretasexylingerie.com\/fi\/wp-json\/wp\/v2\/product_brand?post=46171"},{"taxonomy":"product_cat","embeddable":true,"href":"https:\/\/gretasexylingerie.com\/fi\/wp-json\/wp\/v2\/product_cat?post=46171"},{"taxonomy":"product_tag","embeddable":true,"href":"https:\/\/gretasexylingerie.com\/fi\/wp-json\/wp\/v2\/product_tag?post=46171"}],"curies":[{"name":"wp","href":"https:\/\/api.w.org\/{rel}","templated":true}]}}