{"id":46151,"date":"2023-10-26T00:01:52","date_gmt":"2023-10-25T16:01:52","guid":{"rendered":"https:\/\/gretasexylingerie.com\/?post_type=product&#038;p=46151"},"modified":"2023-10-26T00:02:52","modified_gmt":"2023-10-25T16:02:52","slug":"tukku-silkkaa-nylon-bodystocking-purppura-halterneck-body","status":"publish","type":"product","link":"https:\/\/gretasexylingerie.com\/fi\/products\/wholesale-sheer-nylon-bodystocking-purple-halterneck-bodysuit\/","title":{"rendered":"Tukkumyynti Sheer Nylon Bodystocking: Purppura halterneck Bodysuit"},"content":{"rendered":"<ol class=\"wp-block-list\">\n<li>Sheer Elegance: Verkkosukkahousumme on valmistettu silkkaasta nailonista, mik\u00e4 tarjoaa herk\u00e4n ja sensuellin ilmeen, joka korostaa vartalon luonnollisia k\u00e4yri\u00e4.<\/li>\n\n\n\n<li>Ainutlaatuinen halterneck-muotoilu: Riimuriimukaula-muotoilu ei ainoastaan tarjoa tukea, vaan lis\u00e4\u00e4 my\u00f6s hienostuneisuutta ja erottaa sen perinteisist\u00e4 vartalosukista.<\/li>\n\n\n\n<li>Eloisa violetti s\u00e4vy: Kiehtova violetti v\u00e4ri varmistaa, ett\u00e4 k\u00e4ytt\u00e4j\u00e4t erottuvat joukosta, mik\u00e4 tekee siit\u00e4 huippuvaihtoehdon niille, jotka haluavat lis\u00e4t\u00e4 v\u00e4ri\u00e4 alusvaatekokoelmaansa.<\/li>\n\n\n\n<li>Monipuolinen pukeutuminen: Olipa kyseess\u00e4 erikoistilaisuus tai arkik\u00e4ytt\u00f6, t\u00e4m\u00e4 halterneck-sukkahousu tarjoaa sek\u00e4 mukavuutta ett\u00e4 tyyli\u00e4.<\/li>\n\n\n\n<li>Laadukas materiaali: Valmistettu korkealaatuisesta l\u00e4pin\u00e4kyv\u00e4st\u00e4 nylonista, t\u00e4m\u00e4 bodysukka takaa kest\u00e4vyyden ja tarjoaa pehme\u00e4n ja mukavan istuvuuden.<\/li>\n<\/ol>\n\n\n\n<p>Korosta alusvaatemallistoasi l\u00e4pin\u00e4kyvill\u00e4 nylon-sukkahousuillamme. T\u00e4m\u00e4 modernille j\u00e4lleenmyyj\u00e4lle suunniteltu kappale yhdist\u00e4\u00e4 v\u00e4rit, mukavuuden ja tyylin. Ota yhteytt\u00e4 tukkumyynti\u00e4 koskevissa tiedusteluissa ja lis\u00e4\u00e4 ripauksen eleganssia valikoimaasi.<\/p>","protected":false},"excerpt":{"rendered":"<p>Esittelyss\u00e4 tukkumyynniss\u00e4 myyt\u00e4v\u00e4t l\u00e4pin\u00e4kyv\u00e4t nylonvartalosukkamme kiehtovassa violetissa s\u00e4vyss\u00e4. T\u00e4ss\u00e4 ristiriimuisella kaulalla varustetussa bodyssa yhdistyy eleganssi ja ripaus viettely\u00e4. T\u00e4ydellinen niille, jotka etsiv\u00e4t ainutlaatuista ja houkuttelevaa alusvaatteita.<\/p>","protected":false},"featured_media":46160,"template":"","meta":[],"product_brand":[],"product_cat":[405,404,409],"product_tag":[],"class_list":{"0":"post-46151","1":"product","2":"type-product","3":"status-publish","4":"has-post-thumbnail","6":"product_cat-wholesale-bodystocking","7":"product_cat-sexy-stocking","8":"product_cat-wholesale-stocking-bodysuit","9":"pa_color-purple-women-sexy-lingerie","10":"pa_size-free","12":"first","13":"instock","14":"taxable","15":"shipping-taxable","16":"purchasable","17":"product-type-variable"},"tiered_pricing_type":"fixed","tiered_pricing_fixed_rules":[],"tiered_pricing_product_settings":{"layout":"default","base_unit_name":{"singular":null,"plural":null},"default_variation":{}},"tiered_pricing_minimum_quantity":null,"tiered_pricing_roles_data":[],"tiered_pricing_percentage_rules":[],"tiered_pricing_maximum_quantity":null,"tiered_pricing_quantity_step":null,"_links":{"self":[{"href":"https:\/\/gretasexylingerie.com\/fi\/wp-json\/wp\/v2\/product\/46151","targetHints":{"allow":["GET"]}}],"collection":[{"href":"https:\/\/gretasexylingerie.com\/fi\/wp-json\/wp\/v2\/product"}],"about":[{"href":"https:\/\/gretasexylingerie.com\/fi\/wp-json\/wp\/v2\/types\/product"}],"wp:featuredmedia":[{"embeddable":true,"href":"https:\/\/gretasexylingerie.com\/fi\/wp-json\/wp\/v2\/media\/46160"}],"wp:attachment":[{"href":"https:\/\/gretasexylingerie.com\/fi\/wp-json\/wp\/v2\/media?parent=46151"}],"wp:term":[{"taxonomy":"product_brand","embeddable":true,"href":"https:\/\/gretasexylingerie.com\/fi\/wp-json\/wp\/v2\/product_brand?post=46151"},{"taxonomy":"product_cat","embeddable":true,"href":"https:\/\/gretasexylingerie.com\/fi\/wp-json\/wp\/v2\/product_cat?post=46151"},{"taxonomy":"product_tag","embeddable":true,"href":"https:\/\/gretasexylingerie.com\/fi\/wp-json\/wp\/v2\/product_tag?post=46151"}],"curies":[{"name":"wp","href":"https:\/\/api.w.org\/{rel}","templated":true}]}}