{"id":46142,"date":"2023-10-25T23:47:03","date_gmt":"2023-10-25T15:47:03","guid":{"rendered":"https:\/\/gretasexylingerie.com\/?post_type=product&#038;p=46142"},"modified":"2023-10-25T23:48:33","modified_gmt":"2023-10-25T15:48:33","slug":"tukku-seksikas-verkkomekko-punainen-verkko-jossa-valkoinen-muhkea-koriste","status":"publish","type":"product","link":"https:\/\/gretasexylingerie.com\/fi\/products\/wholesale-sexy-fishnet-dress-red-mesh-with-white-plush-trim\/","title":{"rendered":"Tukkukaupan seksik\u00e4s verkkomekko: punainen verkko, jossa valkoinen pehmoleikkaus"},"content":{"rendered":"<ol class=\"wp-block-list\">\n<li>Juhlallinen verkkomuotoilu: Seksik\u00e4s verkkoasumme vangitsee lomahengen kirkkaalla punaisella verkolla ja varmistaa, ett\u00e4 k\u00e4ytt\u00e4j\u00e4t erottuvat joukosta juhlatilaisuuksissa.<\/li>\n\n\n\n<li>Olkaimeton siluetti: Olkaimeton muotoilu lis\u00e4\u00e4 ripauksen eleganssia ja hienostuneisuutta, mik\u00e4 tekee siit\u00e4 parhaan valinnan niille, jotka etsiv\u00e4t yhdistelm\u00e4\u00e4 juhlavaa charmia ja modernia muotia.<\/li>\n\n\n\n<li>Paljas vy\u00f6t\u00e4r\u00f6ominaisuus: Paljas vy\u00f6t\u00e4r\u00f6 tarjoaa hiuksenhienoa k\u00e4\u00e4nnett\u00e4 perinteiseen jouluasuun, mik\u00e4 erottaa t\u00e4m\u00e4n mekon muista halloween-asuista, joissa on verkkoja.<\/li>\n\n\n\n<li>Valkoinen pehmoleikkaus: T\u00e4m\u00e4 klassinen joulukoriste t\u00e4ydent\u00e4\u00e4 punaista verkkoa ja lis\u00e4\u00e4 juhlavaa tunnelmaa seksikk\u00e4\u00e4n verkkomekon suunnitteluun.<\/li>\n\n\n\n<li>Monipuolinen ja tyylik\u00e4s: T\u00e4ydellinen joulujuhliin, teematapahtumiin tai kaikkiin tilaisuuksiin, joissa halutaan ripaus juhlavaa vieh\u00e4tyst\u00e4.<\/li>\n<\/ol>\n\n\n\n<p>Sukella juhlakauteen k\u00e4\u00e4nteell\u00e4. Seksik\u00e4s verkkomekkomme, joka on suunniteltu nykyaikaiselle j\u00e4lleenmyyj\u00e4lle, yhdist\u00e4\u00e4 loman vieh\u00e4tysvoiman hioviin design-elementteihin. Kasvata lomakokoelmaasi ottamalla meihin yhteytt\u00e4 tukkumyynti\u00e4 varten.<\/p>","protected":false},"excerpt":{"rendered":"<p>Astu juhlakauteen tukkukaupan seksikk\u00e4\u00e4ll\u00e4 verkkomekollamme. T\u00e4m\u00e4 punainen mesh-body, jota koristavat valkoiset muhkeat koristeet, tarjoaa olkaimeton muotoilun ja paljaan vy\u00f6t\u00e4r\u00f6puvun, joka yhdist\u00e4\u00e4 joulun vieh\u00e4tysvoiman ja hikoilevan vieh\u00e4tyksen. Se on ihanteellinen niille, jotka etsiv\u00e4t ainutlaatuista lomaasua verkkojen kanssa.<\/p>","protected":false},"featured_media":46150,"template":"","meta":[],"product_brand":[],"product_cat":[405,406,404],"product_tag":[984],"class_list":{"0":"post-46142","1":"product","2":"type-product","3":"status-publish","4":"has-post-thumbnail","6":"product_cat-wholesale-bodystocking","7":"product_cat-wholesale-fishnet-dress","8":"product_cat-sexy-stocking","9":"product_tag-halloween-costumes","10":"pa_color-red-women-sexy-lingerie","11":"pa_size-free","13":"first","14":"instock","15":"taxable","16":"shipping-taxable","17":"purchasable","18":"product-type-variable"},"tiered_pricing_type":"fixed","tiered_pricing_fixed_rules":[],"tiered_pricing_product_settings":{"layout":"default","base_unit_name":{"singular":null,"plural":null},"default_variation":{}},"tiered_pricing_minimum_quantity":null,"tiered_pricing_roles_data":[],"tiered_pricing_percentage_rules":[],"tiered_pricing_maximum_quantity":null,"tiered_pricing_quantity_step":null,"_links":{"self":[{"href":"https:\/\/gretasexylingerie.com\/fi\/wp-json\/wp\/v2\/product\/46142","targetHints":{"allow":["GET"]}}],"collection":[{"href":"https:\/\/gretasexylingerie.com\/fi\/wp-json\/wp\/v2\/product"}],"about":[{"href":"https:\/\/gretasexylingerie.com\/fi\/wp-json\/wp\/v2\/types\/product"}],"wp:featuredmedia":[{"embeddable":true,"href":"https:\/\/gretasexylingerie.com\/fi\/wp-json\/wp\/v2\/media\/46150"}],"wp:attachment":[{"href":"https:\/\/gretasexylingerie.com\/fi\/wp-json\/wp\/v2\/media?parent=46142"}],"wp:term":[{"taxonomy":"product_brand","embeddable":true,"href":"https:\/\/gretasexylingerie.com\/fi\/wp-json\/wp\/v2\/product_brand?post=46142"},{"taxonomy":"product_cat","embeddable":true,"href":"https:\/\/gretasexylingerie.com\/fi\/wp-json\/wp\/v2\/product_cat?post=46142"},{"taxonomy":"product_tag","embeddable":true,"href":"https:\/\/gretasexylingerie.com\/fi\/wp-json\/wp\/v2\/product_tag?post=46142"}],"curies":[{"name":"wp","href":"https:\/\/api.w.org\/{rel}","templated":true}]}}