{"id":46105,"date":"2023-10-23T00:51:13","date_gmt":"2023-10-22T16:51:13","guid":{"rendered":"https:\/\/gretasexylingerie.com\/?post_type=product&#038;p=46105"},"modified":"2023-10-23T00:52:29","modified_gmt":"2023-10-22T16:52:29","slug":"tukku-seksikas-piikaasu-rusetilla-koristelluilla-rintaliiveilla","status":"publish","type":"product","link":"https:\/\/gretasexylingerie.com\/fi\/products\/wholesale-sexy-maid-costume-with-bow-decorated-bra\/","title":{"rendered":"Tukkukaupan seksik\u00e4s piikaasu rusetilla koristelluilla rintaliiveill\u00e4"},"content":{"rendered":"<ol class=\"wp-block-list\">\n<li>Bar Cosplay -valmiina: Seksik\u00e4s piika Halloween -asumme on r\u00e4\u00e4t\u00e4l\u00f6ity nykyaikaiselle naiselle, joka haluaa olla l\u00e4sn\u00e4 baarin cosplay-tapahtumissa. Tuhmassa piika-asusuunnittelussa yhdistyv\u00e4t klassiset palveluelementit ripaus nykyaikaista vieh\u00e4tyst\u00e4, mik\u00e4 tekee siit\u00e4 huippuvaihtoehdon palvelua ja viettely\u00e4 etsiville.<\/li>\n\n\n\n<li>Bandeau-tyyliset rusettikoristeiset rintaliivit: Bandeau-tyyliset rusettikoristeiset rintaliivit tarjoavat leikkis\u00e4n vieh\u00e4tyksen ja erottavat ne perinteisist\u00e4 piikaasuista. Sen monimutkainen muotoilu takaa erottuvan vetovoiman niille erityisille hetkille.<\/li>\n\n\n\n<li>Musta l\u00e4pin\u00e4kyv\u00e4 verkkohame: Musta l\u00e4pin\u00e4kyv\u00e4 verkkohame lis\u00e4\u00e4 ripauksen hienostuneisuutta ja vangitsee klassisen piika-lookin olemuksen ja lis\u00e4\u00e4 samalla modernia vivahdetta.<\/li>\n\n\n\n<li>Cosplay French Maid Design: Mukana tulevilla lis\u00e4varusteilla t\u00e4ydennetty muotoilu tarjoaa mukavuutta ja tyyli\u00e4 varmistaen, ett\u00e4 k\u00e4ytt\u00e4j\u00e4t tuntevat olonsa itsevarmaksi ja houkuttelevaksi.<\/li>\n\n\n\n<li>T\u00e4ydellinen kokonaisuus: M\u00e4\u00e4ritt\u00e4v\u00e4st\u00e4 p\u00e4\u00e4nauhasta ja kauluksesta t\u00e4ydent\u00e4viin rintaliiveihin, hameeseen, pikkuhousuihin ja h\u00f6yhenpuikkoihin jokainen t\u00e4m\u00e4n setin pala t\u00e4ydent\u00e4\u00e4 kokonaisulkoasua ja tarjoaa asiakkaille t\u00e4ydellisen roolileikkikokemuksen.<\/li>\n<\/ol>\n\n\n\n<p>Laajenna v\u00e4hitt\u00e4ismyyntikokoelmaasi seksikk\u00e4ill\u00e4 piikaasuillamme, jotka yhdist\u00e4v\u00e4t klassista eleganssia moderneihin materiaaleihin. Sukella cosplay-ranskalaisten piikaasujen maailmaan t\u00e4m\u00e4n kokoonpanon kanssa. Ota yhteytt\u00e4 tukkumyynti\u00e4 varten ja laajenna valikoimaasi.<\/p>","protected":false},"excerpt":{"rendered":"<p>P\u00e4\u00e4st\u00e4 sis\u00e4inen houkuttelijasi valloilleen seksikk\u00e4\u00e4ll\u00e4 piika-asullamme baarin cosplay-esityksiin. T\u00e4m\u00e4 kokonaisuus on leikkis\u00e4n vieh\u00e4tyksen ruumiillistuma, ja siin\u00e4 on bandeau-tyyliset rusettikoristeiset rintaliivit ja musta l\u00e4pin\u00e4kyv\u00e4 verkkohame. Sukella tarinaan palvelusta, eleganssista ja viettelev\u00e4st\u00e4 vieh\u00e4tysvoimasta.<\/p>","protected":false},"featured_media":46113,"template":"","meta":[],"product_brand":[],"product_cat":[974],"product_tag":[984,980],"class_list":{"0":"post-46105","1":"product","2":"type-product","3":"status-publish","4":"has-post-thumbnail","6":"product_cat-wholesale-sexy-costumes","7":"product_tag-halloween-costumes","8":"product_tag-maid-costumes","9":"pa_color-black","10":"pa_size-free","12":"first","13":"instock","14":"taxable","15":"shipping-taxable","16":"purchasable","17":"product-type-variable"},"tiered_pricing_type":"fixed","tiered_pricing_fixed_rules":[],"tiered_pricing_product_settings":{"layout":"default","base_unit_name":{"singular":null,"plural":null},"default_variation":{}},"tiered_pricing_minimum_quantity":null,"tiered_pricing_roles_data":[],"tiered_pricing_percentage_rules":[],"tiered_pricing_maximum_quantity":null,"tiered_pricing_quantity_step":null,"_links":{"self":[{"href":"https:\/\/gretasexylingerie.com\/fi\/wp-json\/wp\/v2\/product\/46105","targetHints":{"allow":["GET"]}}],"collection":[{"href":"https:\/\/gretasexylingerie.com\/fi\/wp-json\/wp\/v2\/product"}],"about":[{"href":"https:\/\/gretasexylingerie.com\/fi\/wp-json\/wp\/v2\/types\/product"}],"wp:featuredmedia":[{"embeddable":true,"href":"https:\/\/gretasexylingerie.com\/fi\/wp-json\/wp\/v2\/media\/46113"}],"wp:attachment":[{"href":"https:\/\/gretasexylingerie.com\/fi\/wp-json\/wp\/v2\/media?parent=46105"}],"wp:term":[{"taxonomy":"product_brand","embeddable":true,"href":"https:\/\/gretasexylingerie.com\/fi\/wp-json\/wp\/v2\/product_brand?post=46105"},{"taxonomy":"product_cat","embeddable":true,"href":"https:\/\/gretasexylingerie.com\/fi\/wp-json\/wp\/v2\/product_cat?post=46105"},{"taxonomy":"product_tag","embeddable":true,"href":"https:\/\/gretasexylingerie.com\/fi\/wp-json\/wp\/v2\/product_tag?post=46105"}],"curies":[{"name":"wp","href":"https:\/\/api.w.org\/{rel}","templated":true}]}}