{"id":46096,"date":"2023-10-23T00:31:26","date_gmt":"2023-10-22T16:31:26","guid":{"rendered":"https:\/\/gretasexylingerie.com\/?post_type=product&#038;p=46096"},"modified":"2023-10-23T00:33:03","modified_gmt":"2023-10-22T16:33:03","slug":"tukku-seksikas-musta-piikapuku-valkoisilla-royheloilla","status":"publish","type":"product","link":"https:\/\/gretasexylingerie.com\/fi\/products\/wholesale-sexy-black-maid-uniform-with-white-ruffles\/","title":{"rendered":"Tukku seksik\u00e4s musta piika-univormu valkoisilla r\u00f6yhel\u00f6ill\u00e4"},"content":{"rendered":"<ol class=\"wp-block-list\">\n<li>Y\u00f6kerho valmiina: Musta piikapukumme on r\u00e4\u00e4t\u00e4l\u00f6ity nykyaikaiselle naiselle, joka haluaa antaa julkilausuman. Seksik\u00e4s ranskalainen piikadesign yhdist\u00e4\u00e4 klassiset palveluelementit ripauksen nykyaikaiseen y\u00f6kerhoon, mik\u00e4 tekee siit\u00e4 parhaan valinnan niille, jotka etsiv\u00e4t yhdistelm\u00e4\u00e4 palvelua ja viettely\u00e4.<\/li>\n\n\n\n<li>Valkoiset Internet-julkkisr\u00f6yhel\u00f6t: Internetin julkkistrendeist\u00e4 inspiroimat valkoiset r\u00f6yhel\u00f6t tarjoavat ripauksen leikkis\u00e4\u00e4 vieh\u00e4tysvoimaa erottaen sen perinteisist\u00e4 piikaasuista. Sen monimutkainen muotoilu takaa erottuvan vetovoiman niille erityisille hetkille.<\/li>\n\n\n\n<li>L\u00e4pin\u00e4kyv\u00e4 Deep V -design: Syv\u00e4 V-muotoilu lis\u00e4\u00e4 hiuksen hienostuneisuutta ja vangitsee klassisen piika-ilmeen ja lis\u00e4\u00e4 samalla modernia vivahdetta.<\/li>\n\n\n\n<li>Pakaroita paljastava lyhyt hame: Lyhyt hame, jota t\u00e4ydent\u00e4\u00e4 pakaroita paljastava ominaisuus, tarjoaa mukavuutta ja tyyli\u00e4 varmistaen, ett\u00e4 k\u00e4ytt\u00e4j\u00e4t tuntevat olonsa varmaksi ja houkuttelevaksi.<\/li>\n\n\n\n<li>T\u00e4ydellinen kokonaisuus: M\u00e4\u00e4ritt\u00e4v\u00e4st\u00e4 hameesta ja pikkuhousuista t\u00e4ydent\u00e4v\u00e4\u00e4n esiliinaan, p\u00e4\u00e4nauhaan, kaulukseen, hanskoihin ja h\u00f6yhenpuikkoon, jokainen t\u00e4m\u00e4n setin pala t\u00e4ydent\u00e4\u00e4 yleisilmett\u00e4 ja tarjoaa asiakkaille t\u00e4ydellisen roolipelikokemuksen.<\/li>\n<\/ol>\n\n\n\n<p>Laajenna v\u00e4hitt\u00e4ismyyntivalikoimaasi seksikk\u00e4\u00e4ll\u00e4 taloudenhoitajaasullamme, joka yhdist\u00e4\u00e4 klassista eleganssia moderneihin materiaaleihin. Sukella seksikk\u00e4iden siivousasujen maailmaan t\u00e4m\u00e4n kokonaisuuden kanssa. Ota yhteytt\u00e4 tukkumyynti\u00e4 varten ja laajenna valikoimaasi.<\/p>","protected":false},"excerpt":{"rendered":"<p>Astu valokeilaan mustalla piikapuvullamme, joka on t\u00e4ydellinen y\u00f6kerhotapahtumiin ja teemajuhliin. Valkoisilla internetjulkkisten r\u00f6yhel\u00f6ill\u00e4 ja l\u00e4pin\u00e4kyv\u00e4ll\u00e4 syv\u00e4ll\u00e4 V-designilla koristeltu asu on hiuksenhienon eleganssin ruumiillistuma. Sukella tarinaan palvelusta, vieh\u00e4tyksest\u00e4 ja leikkis\u00e4st\u00e4 vieh\u00e4tysvoimasta.<\/p>","protected":false},"featured_media":46104,"template":"","meta":[],"product_brand":[],"product_cat":[974],"product_tag":[989],"class_list":{"0":"post-46096","1":"product","2":"type-product","3":"status-publish","4":"has-post-thumbnail","6":"product_cat-wholesale-sexy-costumes","7":"product_tag-nurse-costume","8":"pa_color-black","9":"pa_size-free","11":"first","12":"instock","13":"taxable","14":"shipping-taxable","15":"purchasable","16":"product-type-variable"},"tiered_pricing_type":"fixed","tiered_pricing_fixed_rules":[],"tiered_pricing_product_settings":{"layout":"default","base_unit_name":{"singular":null,"plural":null},"default_variation":{}},"tiered_pricing_minimum_quantity":null,"tiered_pricing_roles_data":[],"tiered_pricing_percentage_rules":[],"tiered_pricing_maximum_quantity":null,"tiered_pricing_quantity_step":null,"_links":{"self":[{"href":"https:\/\/gretasexylingerie.com\/fi\/wp-json\/wp\/v2\/product\/46096","targetHints":{"allow":["GET"]}}],"collection":[{"href":"https:\/\/gretasexylingerie.com\/fi\/wp-json\/wp\/v2\/product"}],"about":[{"href":"https:\/\/gretasexylingerie.com\/fi\/wp-json\/wp\/v2\/types\/product"}],"wp:featuredmedia":[{"embeddable":true,"href":"https:\/\/gretasexylingerie.com\/fi\/wp-json\/wp\/v2\/media\/46104"}],"wp:attachment":[{"href":"https:\/\/gretasexylingerie.com\/fi\/wp-json\/wp\/v2\/media?parent=46096"}],"wp:term":[{"taxonomy":"product_brand","embeddable":true,"href":"https:\/\/gretasexylingerie.com\/fi\/wp-json\/wp\/v2\/product_brand?post=46096"},{"taxonomy":"product_cat","embeddable":true,"href":"https:\/\/gretasexylingerie.com\/fi\/wp-json\/wp\/v2\/product_cat?post=46096"},{"taxonomy":"product_tag","embeddable":true,"href":"https:\/\/gretasexylingerie.com\/fi\/wp-json\/wp\/v2\/product_tag?post=46096"}],"curies":[{"name":"wp","href":"https:\/\/api.w.org\/{rel}","templated":true}]}}