{"id":46087,"date":"2023-10-23T00:15:39","date_gmt":"2023-10-22T16:15:39","guid":{"rendered":"https:\/\/gretasexylingerie.com\/?post_type=product&#038;p=46087"},"modified":"2023-10-23T00:17:37","modified_gmt":"2023-10-22T16:17:37","slug":"tukku-villi-nahkainen-metalliketju-seksikas-pu-rintaliivit","status":"publish","type":"product","link":"https:\/\/gretasexylingerie.com\/fi\/products\/wholesale-wild-leather-metal-chain-sexy-pu-bra-set\/","title":{"rendered":"Tukkukauppa Wild Leather Metal Chain Sexy PU Bra Set"},"content":{"rendered":"<ol class=\"wp-block-list\">\n<li>Eurooppalainen ja amerikkalainen tunnelma: Seksik\u00e4s villin nahkainen alusvaatteemme vangitsee eurooppalaisen ja amerikkalaisen aistillisuuden olemuksen. Muotoilussa yhdistyv\u00e4t klassinen vieh\u00e4tys ripauksella modernia s\u00e4rm\u00e4yst\u00e4, mik\u00e4 tekee siit\u00e4 huippuvaihtoehdon niille, jotka etsiv\u00e4t yhdistelm\u00e4\u00e4 rohkeutta ja eleganssia.<\/li>\n\n\n\n<li>Daring Harness Style: Valjaatyylinen muotoilu tarjoaa rohkeaa charmia, mik\u00e4 erottaa sen perinteisist\u00e4 alusvaatteista. Sen monimutkainen muotoilu takaa erottuvan vetovoiman erityisiin iltoihin.<\/li>\n\n\n\n<li>Edgy Metal Chain Accents: Metalliketjun korostukset lis\u00e4\u00e4v\u00e4t ripauksen karua hienostuneisuutta vangitsemalla leikkis\u00e4n ja viettelev\u00e4n viettelij\u00e4n kaksinaisen luonteen.<\/li>\n\n\n\n<li>No-Cup &amp; Super Sexy: No-cup-ominaisuus, jota t\u00e4ydent\u00e4\u00e4 superseksik\u00e4s muotoilu, tarjoaa mukavuutta ja tyyli\u00e4 varmistaen, ett\u00e4 k\u00e4ytt\u00e4j\u00e4 tuntee olonsa itsevarmaksi ja houkuttelevalta.<\/li>\n\n\n\n<li>T\u00e4ydellinen kokonaisuus: M\u00e4\u00e4rittelevist\u00e4 rintaliiveist\u00e4 ja sukkanauhavy\u00f6st\u00e4 t\u00e4ydent\u00e4viin pikkuhousuihin ja n\u00e4nneihin, jokainen t\u00e4m\u00e4n setin pala t\u00e4ydent\u00e4\u00e4 yleisilmett\u00e4 ja tarjoaa asiakkaille t\u00e4ydellisen roolileikkikokemuksen.<\/li>\n<\/ol>\n\n\n\n<p>Laajenna v\u00e4hitt\u00e4ismyyntivalikoimaasi seksikk\u00e4ill\u00e4 villinahkaisilla alusvaatteillamme, jotka yhdist\u00e4v\u00e4t eurooppalaista ja amerikkalaista eleganssia moderneihin materiaaleihin. Sukella PU-asujen maailmaan t\u00e4m\u00e4n kokonaisuuden kanssa. Ota yhteytt\u00e4 tukkumyynti\u00e4 varten ja laajenna valikoimaasi.<\/p>","protected":false},"excerpt":{"rendered":"<p>Ymm\u00e4rr\u00e4 rohkeutta inspiroidulla, seksikk\u00e4\u00e4ll\u00e4 PU-rintaliivisarjallamme. T\u00e4m\u00e4 setti on villin vieh\u00e4tyksen ruumiillistuma, joka on suunniteltu valjaatyyliin metalliketjuilla ja ilman kuppia. Sukella tarinaan rohkeasta eleganssista ja vertaansa vailla olevasta viettelyst\u00e4.<\/p>","protected":false},"featured_media":46095,"template":"","meta":[],"product_brand":[],"product_cat":[368,380,367,376],"product_tag":[],"class_list":{"0":"post-46087","1":"product","2":"type-product","3":"status-publish","4":"has-post-thumbnail","6":"product_cat-bra-panty-set","7":"product_cat-wholesale-harness-bra-and-panty-set","8":"product_cat-sexy-lingerie","9":"product_cat-wholesale-ultra-sexy-bra-panty-set","10":"pa_color-black","11":"pa_size-free","13":"first","14":"instock","15":"taxable","16":"shipping-taxable","17":"purchasable","18":"product-type-variable"},"tiered_pricing_type":"fixed","tiered_pricing_fixed_rules":[],"tiered_pricing_product_settings":{"layout":"default","base_unit_name":{"singular":null,"plural":null},"default_variation":{}},"tiered_pricing_minimum_quantity":null,"tiered_pricing_roles_data":[],"tiered_pricing_percentage_rules":[],"tiered_pricing_maximum_quantity":null,"tiered_pricing_quantity_step":null,"_links":{"self":[{"href":"https:\/\/gretasexylingerie.com\/fi\/wp-json\/wp\/v2\/product\/46087","targetHints":{"allow":["GET"]}}],"collection":[{"href":"https:\/\/gretasexylingerie.com\/fi\/wp-json\/wp\/v2\/product"}],"about":[{"href":"https:\/\/gretasexylingerie.com\/fi\/wp-json\/wp\/v2\/types\/product"}],"wp:featuredmedia":[{"embeddable":true,"href":"https:\/\/gretasexylingerie.com\/fi\/wp-json\/wp\/v2\/media\/46095"}],"wp:attachment":[{"href":"https:\/\/gretasexylingerie.com\/fi\/wp-json\/wp\/v2\/media?parent=46087"}],"wp:term":[{"taxonomy":"product_brand","embeddable":true,"href":"https:\/\/gretasexylingerie.com\/fi\/wp-json\/wp\/v2\/product_brand?post=46087"},{"taxonomy":"product_cat","embeddable":true,"href":"https:\/\/gretasexylingerie.com\/fi\/wp-json\/wp\/v2\/product_cat?post=46087"},{"taxonomy":"product_tag","embeddable":true,"href":"https:\/\/gretasexylingerie.com\/fi\/wp-json\/wp\/v2\/product_tag?post=46087"}],"curies":[{"name":"wp","href":"https:\/\/api.w.org\/{rel}","templated":true}]}}