{"id":46032,"date":"2023-10-21T22:00:56","date_gmt":"2023-10-21T14:00:56","guid":{"rendered":"https:\/\/gretasexylingerie.com\/?post_type=product&#038;p=46032"},"modified":"2023-10-21T22:02:24","modified_gmt":"2023-10-21T14:02:24","slug":"tukku-musta-pu-tuhma-ranskalainen-piika-univormu-setti","status":"publish","type":"product","link":"https:\/\/gretasexylingerie.com\/fi\/products\/wholesale-black-pu-naughty-french-maid-uniform-set\/","title":{"rendered":"Tukku musta PU tuhma ranskalainen piika univormu setti"},"content":{"rendered":"<ol class=\"wp-block-list\">\n<li>Klassikko kohtaa modernin: Seksik\u00e4s piikapukumme yhdist\u00e4\u00e4 saumattomasti perinteisen ranskalaisen piika-ilmeen nykyaikaisiin materiaaleihin. Halloweenin ranskalainen piika-asusuunnittelu tarjoaa ainutlaatuisen sekoituksen klassista palvelua ja modernia vieh\u00e4tyst\u00e4, joten se on huippuvalinta teematapahtumiin.<\/li>\n\n\n\n<li>Sultry Black PU-hame: Se tarjoaa modernia charmia ja erottaa sen perinteisist\u00e4 piikaasuista. Sen tyylik\u00e4s ja kiilt\u00e4v\u00e4 muotoilu takaa erottuvan vieh\u00e4tyksen rohkeisiin iloihin.<\/li>\n\n\n\n<li>Tyylik\u00e4s valkoinen l\u00e4pin\u00e4kyv\u00e4 verkko: Valkoiset l\u00e4pin\u00e4kyv\u00e4t verkkoolkap\u00e4\u00e4t lis\u00e4\u00e4v\u00e4t ripauksen viattomuutta ja eleganssia vangiten klassisen piika-ilmeen leikkis\u00e4n puolen.<\/li>\n\n\n\n<li>T\u00e4ydellinen asustekokonaisuus: M\u00e4\u00e4ritt\u00e4v\u00e4st\u00e4 piikahatusta ja vy\u00f6st\u00e4 ainutlaatuiseen tikkuun ja t\u00e4ydent\u00e4v\u00e4\u00e4n pikkuhousuun, jokainen t\u00e4m\u00e4n setin lis\u00e4varuste t\u00e4ydent\u00e4\u00e4 yleisilmett\u00e4 ja tarjoaa asiakkaille t\u00e4ydellisen roolipelikokemuksen.<\/li>\n\n\n\n<li>Tukkumyyntivalmius: Tukkumyynti\u00e4 varten r\u00e4\u00e4t\u00e4l\u00f6ity tuhma ranskalainen piika-asu on tulossa myydyimm\u00e4ksi esineeksi. Se on enemm\u00e4n kuin vain puku; se ilment\u00e4\u00e4 fantasiaa ja leikkis\u00e4\u00e4 tutkimista.<\/li>\n<\/ol>\n\n\n\n<p>Laajenna v\u00e4hitt\u00e4ismyyntivalikoimaasi tuhma ranskalaisilla piikaasuillamme, jotka yhdist\u00e4v\u00e4t klassista eleganssia moderneihin materiaaleihin. Sukella piika-cosplay-asujen maailmaan t\u00e4m\u00e4n kokoonpanon kanssa. Ota yhteytt\u00e4 tukkumyynti\u00e4 varten ja laajenna valikoimaasi.<\/p>","protected":false},"excerpt":{"rendered":"<p>Astu palvelun ja vieh\u00e4tysvoiman maailmaan seksikk\u00e4\u00e4ll\u00e4 piika-cosplay-asullamme, joka sopii t\u00e4ydellisesti Halloweeniin ja teematapahtumiin. T\u00e4m\u00e4 musta PU-hame yhdistettyn\u00e4 valkoisiin l\u00e4pin\u00e4kyviin verkkoolkap\u00e4ihin vangitsee klassisen ranskalaisen piikan olemuksen modernilla otteella. Sukella tarinaan eleganssista ja leikkisist\u00e4 houkutuksista.<\/p>","protected":false},"featured_media":46041,"template":"","meta":[],"product_brand":[],"product_cat":[974],"product_tag":[980],"class_list":{"0":"post-46032","1":"product","2":"type-product","3":"status-publish","4":"has-post-thumbnail","6":"product_cat-wholesale-sexy-costumes","7":"product_tag-maid-costumes","8":"pa_color-black","9":"pa_size-free","11":"first","12":"instock","13":"taxable","14":"shipping-taxable","15":"purchasable","16":"product-type-variable"},"tiered_pricing_type":"fixed","tiered_pricing_fixed_rules":[],"tiered_pricing_product_settings":{"layout":"default","base_unit_name":{"singular":null,"plural":null},"default_variation":{}},"tiered_pricing_minimum_quantity":null,"tiered_pricing_roles_data":[],"tiered_pricing_percentage_rules":[],"tiered_pricing_maximum_quantity":null,"tiered_pricing_quantity_step":null,"_links":{"self":[{"href":"https:\/\/gretasexylingerie.com\/fi\/wp-json\/wp\/v2\/product\/46032","targetHints":{"allow":["GET"]}}],"collection":[{"href":"https:\/\/gretasexylingerie.com\/fi\/wp-json\/wp\/v2\/product"}],"about":[{"href":"https:\/\/gretasexylingerie.com\/fi\/wp-json\/wp\/v2\/types\/product"}],"wp:featuredmedia":[{"embeddable":true,"href":"https:\/\/gretasexylingerie.com\/fi\/wp-json\/wp\/v2\/media\/46041"}],"wp:attachment":[{"href":"https:\/\/gretasexylingerie.com\/fi\/wp-json\/wp\/v2\/media?parent=46032"}],"wp:term":[{"taxonomy":"product_brand","embeddable":true,"href":"https:\/\/gretasexylingerie.com\/fi\/wp-json\/wp\/v2\/product_brand?post=46032"},{"taxonomy":"product_cat","embeddable":true,"href":"https:\/\/gretasexylingerie.com\/fi\/wp-json\/wp\/v2\/product_cat?post=46032"},{"taxonomy":"product_tag","embeddable":true,"href":"https:\/\/gretasexylingerie.com\/fi\/wp-json\/wp\/v2\/product_tag?post=46032"}],"curies":[{"name":"wp","href":"https:\/\/api.w.org\/{rel}","templated":true}]}}