{"id":46014,"date":"2023-10-21T20:15:24","date_gmt":"2023-10-21T12:15:24","guid":{"rendered":"https:\/\/gretasexylingerie.com\/?post_type=product&#038;p=46014"},"modified":"2023-10-21T20:16:34","modified_gmt":"2023-10-21T12:16:34","slug":"tukku-seksikas-opiskelija-halloween-asu-hamesarjalla","status":"publish","type":"product","link":"https:\/\/gretasexylingerie.com\/fi\/products\/wholesale-sexy-student-halloween-costume-with-skirt-set\/","title":{"rendered":"Tukku seksik\u00e4s opiskelija Halloween-asu hamesarjalla"},"content":{"rendered":"<ol class=\"wp-block-list\">\n<li>Halloween- ja Cosplay-valmiina: Opiskelijaasumme ilment\u00e4\u00e4 leikkis\u00e4\u00e4 vieh\u00e4tyst\u00e4. Seksik\u00e4s cosplay-koulutytt\u00f6design yhdist\u00e4\u00e4 perinteisen opiskelija-ilmeen ripauksen modernia aistillisuutta, mik\u00e4 tekee siit\u00e4 parhaan valinnan niille, jotka etsiv\u00e4t yhdistelm\u00e4\u00e4 viattomuutta ja viettely\u00e4.<\/li>\n\n\n\n<li>Tyylik\u00e4s l\u00e4pin\u00e4kyv\u00e4 verkkotoppi: L\u00e4pin\u00e4kyv\u00e4 pitk\u00e4hihainen verkkotoppi tarjoaa v\u00e4l\u00e4hdyksen modernia vieh\u00e4tyst\u00e4 erottaen sen perinteisist\u00e4 opiskelijaasuista. Sen ainutlaatuinen muotoilu takaa erottuvan vetovoiman rohkeisiin iloihin.<\/li>\n\n\n\n<li>Provokatiivinen violetti verkkohame: Takaroita paljastava violetti verkkohame vangitsee klassisen opiskelijalookin leikkis\u00e4n puolen tarjoten sekoituksen viattomuutta ja houkuttelevuutta, joka varmasti k\u00e4\u00e4nt\u00e4\u00e4 p\u00e4\u00e4t.<\/li>\n\n\n\n<li>T\u00e4ydellinen asustekokonaisuus: M\u00e4\u00e4rittelevist\u00e4 laseista ja solmiosta t\u00e4ydent\u00e4viin pikkuhousuihin jokainen t\u00e4m\u00e4n setin lis\u00e4varuste t\u00e4ydent\u00e4\u00e4 yleisilmett\u00e4 ja tarjoaa asiakkaille t\u00e4ydellisen roolipelikokemuksen.<\/li>\n\n\n\n<li>Tukkumyyntivalmis: T\u00e4m\u00e4 seksik\u00e4s opiskelija-halloween-asu on r\u00e4\u00e4t\u00e4l\u00f6ity tukkumyynti\u00e4 varten, ja siit\u00e4 tulee myydyin esine. Se on enemm\u00e4n kuin vain puku; se ilment\u00e4\u00e4 fantasiaa ja leikkis\u00e4\u00e4 tutkimista.<\/li>\n<\/ol>\n\n\n\n<p>Laajenna v\u00e4hitt\u00e4ismyyntikokoelmaasi seksikk\u00e4ill\u00e4 opiskelija Halloween-asuillamme, jotka yhdist\u00e4v\u00e4t klassista viattomuutta moderniin vieh\u00e4tysvoimaan. Sukella opiskelijoiden cosplay-asujen maailmaan t\u00e4m\u00e4n kokoonpanon kanssa. Ota yhteytt\u00e4 tukkumyynti\u00e4 varten ja laajenna valikoimaasi.<\/p>","protected":false},"excerpt":{"rendered":"<p>Astu fantasiamaailmaan seksikk\u00e4\u00e4ll\u00e4 opiskelija Halloween-asullamme, joka on t\u00e4ydellinen Halloween- ja cosplay-tapahtumiin. T\u00e4m\u00e4 l\u00e4pin\u00e4kyv\u00e4 pitk\u00e4hihainen verkkopaita yhdistettyn\u00e4 peppua paljastavan violetin hameen kanssa ilment\u00e4\u00e4 leikkis\u00e4n opiskelijan vieh\u00e4tyst\u00e4. Sukella tarinaan viattomuudesta ja kiusauksesta.<\/p>","protected":false},"featured_media":46018,"template":"","meta":[],"product_brand":[],"product_cat":[974],"product_tag":[984,976],"class_list":{"0":"post-46014","1":"product","2":"type-product","3":"status-publish","4":"has-post-thumbnail","6":"product_cat-wholesale-sexy-costumes","7":"product_tag-halloween-costumes","8":"product_tag-schoolgirl-costumes","9":"pa_color-black","10":"pa_size-free","12":"first","13":"instock","14":"taxable","15":"shipping-taxable","16":"purchasable","17":"product-type-variable"},"tiered_pricing_type":"fixed","tiered_pricing_fixed_rules":[],"tiered_pricing_product_settings":{"layout":"default","base_unit_name":{"singular":null,"plural":null},"default_variation":{}},"tiered_pricing_minimum_quantity":null,"tiered_pricing_roles_data":[],"tiered_pricing_percentage_rules":[],"tiered_pricing_maximum_quantity":null,"tiered_pricing_quantity_step":null,"_links":{"self":[{"href":"https:\/\/gretasexylingerie.com\/fi\/wp-json\/wp\/v2\/product\/46014","targetHints":{"allow":["GET"]}}],"collection":[{"href":"https:\/\/gretasexylingerie.com\/fi\/wp-json\/wp\/v2\/product"}],"about":[{"href":"https:\/\/gretasexylingerie.com\/fi\/wp-json\/wp\/v2\/types\/product"}],"wp:featuredmedia":[{"embeddable":true,"href":"https:\/\/gretasexylingerie.com\/fi\/wp-json\/wp\/v2\/media\/46018"}],"wp:attachment":[{"href":"https:\/\/gretasexylingerie.com\/fi\/wp-json\/wp\/v2\/media?parent=46014"}],"wp:term":[{"taxonomy":"product_brand","embeddable":true,"href":"https:\/\/gretasexylingerie.com\/fi\/wp-json\/wp\/v2\/product_brand?post=46014"},{"taxonomy":"product_cat","embeddable":true,"href":"https:\/\/gretasexylingerie.com\/fi\/wp-json\/wp\/v2\/product_cat?post=46014"},{"taxonomy":"product_tag","embeddable":true,"href":"https:\/\/gretasexylingerie.com\/fi\/wp-json\/wp\/v2\/product_tag?post=46014"}],"curies":[{"name":"wp","href":"https:\/\/api.w.org\/{rel}","templated":true}]}}