{"id":45998,"date":"2023-10-21T00:04:45","date_gmt":"2023-10-20T16:04:45","guid":{"rendered":"https:\/\/gretasexylingerie.com\/?post_type=product&#038;p=45998"},"modified":"2023-10-21T00:05:46","modified_gmt":"2023-10-20T16:05:46","slug":"tukku-valkoinen-pitsi-mutkainen-piika-univormu-lapinakyva-sideharso-setti","status":"publish","type":"product","link":"https:\/\/gretasexylingerie.com\/fi\/products\/wholesale-white-lace-kinky-maid-uniform-with-transparent-gauze-set\/","title":{"rendered":"Tukkumyynti valkoinen pitsi, kinky piika-univormu l\u00e4pin\u00e4kyvill\u00e4 sideharsoilla"},"content":{"rendered":"<ol class=\"wp-block-list\">\n<li>Roolipelivalmis: Cosmaid-asumme ilment\u00e4\u00e4 eleganssia ja vieh\u00e4tyst\u00e4. Haarattomassa ranskalaisessa piikadesignissa yhdistyv\u00e4t perinteet ripauksella modernia aistillisuutta, mik\u00e4 tekee siit\u00e4 parhaan valinnan niille, jotka etsiv\u00e4t yhdistelm\u00e4\u00e4 palvelua ja viettely\u00e4.<\/li>\n\n\n\n<li>Tyylik\u00e4s valkoinen kukkapitsi: Valkoinen kukkapitsi tarjoaa ripauksen viattomuutta, mik\u00e4 erottaa sen perinteisist\u00e4 piikaasuista. Sen monimutkainen muotoilu takaa erottuvan vetovoiman erityisiin iltoihin.<\/li>\n\n\n\n<li>Provokatiivinen avoin pikkuhousumuotoilu: Avohousujen muotoilu vangitsee klassisen piika-ilmeen viettelev\u00e4n puolen tarjoten sekoituksen eleganssia ja vieh\u00e4tyst\u00e4, joka varmasti k\u00e4\u00e4nt\u00e4\u00e4 p\u00e4\u00e4t.<\/li>\n\n\n\n<li>T\u00e4ydellinen asustekokonaisuus: m\u00e4\u00e4ritt\u00e4v\u00e4st\u00e4 piikan p\u00e4\u00e4pantasta ja kaularenkaasta ainutlaatuisiin avohousuihin, jokainen t\u00e4m\u00e4n setin lis\u00e4varuste t\u00e4ydent\u00e4\u00e4 yleisilmett\u00e4 ja tarjoaa asiakkaille t\u00e4ydellisen roolipelikokemuksen.<\/li>\n\n\n\n<li>Tukkumyyntivalmius* T\u00e4m\u00e4 tukkumyynti\u00e4 varten r\u00e4\u00e4t\u00e4l\u00f6ity Kinky Maid univormu on tulossa myydyimm\u00e4ksi tuotteeksi. Se on enemm\u00e4n kuin vain puku; se ilment\u00e4\u00e4 fantasiaa ja leikkis\u00e4\u00e4 tutkimista.<\/li>\n<\/ol>\n\n\n\n<p>Laajenna v\u00e4hitt\u00e4ismyyntivalikoimaasi haarattomilla ranskalaisilla piikaasuillamme, jotka yhdist\u00e4v\u00e4t klassista eleganssia moderniin vieh\u00e4tysvoimaan. Sukella piikarooliasujen maailmaan t\u00e4m\u00e4n kokoonpanon kanssa. Ota yhteytt\u00e4 tukkumyynti\u00e4 varten ja laajenna valikoimaasi.<\/p>","protected":false},"excerpt":{"rendered":"<p>Ymm\u00e4rr\u00e4 palvelun vieh\u00e4tys r\u00f6yhel\u00f6isell\u00e4 ranskalaisella piikamekollamme, joka sopii t\u00e4ydellisesti erikoistilaisuuksiin ja roolipelitapahtumiin. T\u00e4m\u00e4 valkoinen kukkainen pitsiasu, jossa on l\u00e4pin\u00e4kyv\u00e4 musta sideharso ja avohousut, vangitsee provosoivan piikan olemuksen. Sukella eleganssin ja kiusauksen tarinaan.<\/p>","protected":false},"featured_media":46007,"template":"","meta":[],"product_brand":[],"product_cat":[974],"product_tag":[984,980],"class_list":{"0":"post-45998","1":"product","2":"type-product","3":"status-publish","4":"has-post-thumbnail","6":"product_cat-wholesale-sexy-costumes","7":"product_tag-halloween-costumes","8":"product_tag-maid-costumes","9":"pa_color-white","10":"pa_size-free","12":"first","13":"instock","14":"taxable","15":"shipping-taxable","16":"purchasable","17":"product-type-variable"},"tiered_pricing_type":"fixed","tiered_pricing_fixed_rules":[],"tiered_pricing_product_settings":{"layout":"default","base_unit_name":{"singular":null,"plural":null},"default_variation":{}},"tiered_pricing_minimum_quantity":null,"tiered_pricing_roles_data":[],"tiered_pricing_percentage_rules":[],"tiered_pricing_maximum_quantity":null,"tiered_pricing_quantity_step":null,"_links":{"self":[{"href":"https:\/\/gretasexylingerie.com\/fi\/wp-json\/wp\/v2\/product\/45998","targetHints":{"allow":["GET"]}}],"collection":[{"href":"https:\/\/gretasexylingerie.com\/fi\/wp-json\/wp\/v2\/product"}],"about":[{"href":"https:\/\/gretasexylingerie.com\/fi\/wp-json\/wp\/v2\/types\/product"}],"wp:featuredmedia":[{"embeddable":true,"href":"https:\/\/gretasexylingerie.com\/fi\/wp-json\/wp\/v2\/media\/46007"}],"wp:attachment":[{"href":"https:\/\/gretasexylingerie.com\/fi\/wp-json\/wp\/v2\/media?parent=45998"}],"wp:term":[{"taxonomy":"product_brand","embeddable":true,"href":"https:\/\/gretasexylingerie.com\/fi\/wp-json\/wp\/v2\/product_brand?post=45998"},{"taxonomy":"product_cat","embeddable":true,"href":"https:\/\/gretasexylingerie.com\/fi\/wp-json\/wp\/v2\/product_cat?post=45998"},{"taxonomy":"product_tag","embeddable":true,"href":"https:\/\/gretasexylingerie.com\/fi\/wp-json\/wp\/v2\/product_tag?post=45998"}],"curies":[{"name":"wp","href":"https:\/\/api.w.org\/{rel}","templated":true}]}}