{"id":45988,"date":"2023-10-20T23:47:38","date_gmt":"2023-10-20T15:47:38","guid":{"rendered":"https:\/\/gretasexylingerie.com\/?post_type=product&#038;p=45988"},"modified":"2023-10-20T23:49:01","modified_gmt":"2023-10-20T15:49:01","slug":"tukku-seksikas-musta-sairaanhoitaja-halloween-asu-lantiota-peittavalla-hamesarjalla","status":"publish","type":"product","link":"https:\/\/gretasexylingerie.com\/fi\/products\/wholesale-sexy-black-nurse-halloween-costume-with-hip-covering-skirt-set\/","title":{"rendered":"Tukku seksik\u00e4s musta sairaanhoitaja Halloween-asu lantiota peitt\u00e4v\u00e4ll\u00e4 hamesarjalla"},"content":{"rendered":"<ol class=\"wp-block-list\">\n<li>Halloween- ja Cosplay-valmiina: Musta sairaanhoitajapukumme edustaa tummaa vieh\u00e4tyst\u00e4. Sairaanhoitajan seksik\u00e4s mekko yhdist\u00e4\u00e4 perinteisen sairaanhoitajan ilmeen ripaus modernia aistillisuutta, mik\u00e4 tekee siit\u00e4 parhaan valinnan niille, jotka etsiv\u00e4t sekoitus hoitoa ja mysteeri\u00e4.<\/li>\n\n\n\n<li>Tyylik\u00e4s lantiota peitt\u00e4v\u00e4 hame: Lonkkaa peitt\u00e4v\u00e4 hame tarjoaa yhdistelm\u00e4n vaatimattomuutta ja charmia, mik\u00e4 erottaa sen perinteisist\u00e4 sairaanhoitajaasuista. Sen ainutlaatuinen muotoilu takaa erottuvan vetovoiman rohkeisiin iloihin.<\/li>\n\n\n\n<li>Lyhythihainen pukumalli: Lyhythihainen toppi vangitsee klassisen sairaanhoitajan ilmeen ja tarjoaa samalla modernin vivahteen. T\u00e4m\u00e4 perinteen ja houkuttelevuuden yhdistelm\u00e4 antaa j\u00e4lleenmyyjille ainutlaatuisen tuotteen, joka erottuu markkinoilla.<\/li>\n\n\n\n<li>T\u00e4ydellinen lis\u00e4tarvikekokonaisuus: M\u00e4\u00e4ritt\u00e4v\u00e4st\u00e4 sairaanhoitajan p\u00e4\u00e4nauhasta ja vy\u00f6st\u00e4 tyylikk\u00e4isiin verkkosukkiin ja hansikkaisiin jokainen t\u00e4m\u00e4n setin lis\u00e4varuste t\u00e4ydent\u00e4\u00e4 yleisilmett\u00e4 ja tarjoaa asiakkaille t\u00e4ydellisen roolipelikokemuksen.<\/li>\n\n\n\n<li>Tukkumyyntivalmius: T\u00e4m\u00e4 seksik\u00e4s musta sairaanhoitajapuku on r\u00e4\u00e4t\u00e4l\u00f6ity tukkumyyntiin, ja siit\u00e4 tulee myydyin tuote. Se on enemm\u00e4n kuin vain puku; se ilment\u00e4\u00e4 fantasiaa ja leikkis\u00e4\u00e4 tutkimista.<\/li>\n<\/ol>\n\n\n\n<p>Laajenna v\u00e4hitt\u00e4ismyyntikokoelmaasi seksikk\u00e4ill\u00e4 sairaanhoitajan Halloween-asuillamme, jotka yhdist\u00e4v\u00e4t klassista hoitoa tummaan vieh\u00e4tysvoimaan. Sukella sairaanhoitajan cosplay-asujen maailmaan t\u00e4m\u00e4n kokoonpanon kanssa. Ota yhteytt\u00e4 tukkumyynti\u00e4 varten ja laajenna valikoimaasi.<\/p>","protected":false},"excerpt":{"rendered":"<p>Astu iltaan seksikk\u00e4\u00e4ll\u00e4 mustalla sairaanhoitajaasullamme, joka on r\u00e4\u00e4t\u00e4l\u00f6ity Halloween- ja cosplay-tapahtumiin. T\u00e4m\u00e4 lyhythihainen puku, jossa on lantiota peitt\u00e4v\u00e4 hame, ilment\u00e4\u00e4 salaper\u00e4isen sairaanhoitajan vieh\u00e4tyst\u00e4. Sukella kerrontaan huolenpidosta ja synk\u00e4st\u00e4 vieh\u00e4tysvoimasta.<\/p>","protected":false},"featured_media":45994,"template":"","meta":[],"product_brand":[],"product_cat":[974],"product_tag":[989],"class_list":{"0":"post-45988","1":"product","2":"type-product","3":"status-publish","4":"has-post-thumbnail","6":"product_cat-wholesale-sexy-costumes","7":"product_tag-nurse-costume","8":"pa_color-black","9":"pa_size-free","11":"first","12":"instock","13":"taxable","14":"shipping-taxable","15":"purchasable","16":"product-type-variable"},"tiered_pricing_type":"fixed","tiered_pricing_fixed_rules":[],"tiered_pricing_product_settings":{"layout":"default","base_unit_name":{"singular":null,"plural":null},"default_variation":{}},"tiered_pricing_minimum_quantity":null,"tiered_pricing_roles_data":[],"tiered_pricing_percentage_rules":[],"tiered_pricing_maximum_quantity":null,"tiered_pricing_quantity_step":null,"_links":{"self":[{"href":"https:\/\/gretasexylingerie.com\/fi\/wp-json\/wp\/v2\/product\/45988","targetHints":{"allow":["GET"]}}],"collection":[{"href":"https:\/\/gretasexylingerie.com\/fi\/wp-json\/wp\/v2\/product"}],"about":[{"href":"https:\/\/gretasexylingerie.com\/fi\/wp-json\/wp\/v2\/types\/product"}],"wp:featuredmedia":[{"embeddable":true,"href":"https:\/\/gretasexylingerie.com\/fi\/wp-json\/wp\/v2\/media\/45994"}],"wp:attachment":[{"href":"https:\/\/gretasexylingerie.com\/fi\/wp-json\/wp\/v2\/media?parent=45988"}],"wp:term":[{"taxonomy":"product_brand","embeddable":true,"href":"https:\/\/gretasexylingerie.com\/fi\/wp-json\/wp\/v2\/product_brand?post=45988"},{"taxonomy":"product_cat","embeddable":true,"href":"https:\/\/gretasexylingerie.com\/fi\/wp-json\/wp\/v2\/product_cat?post=45988"},{"taxonomy":"product_tag","embeddable":true,"href":"https:\/\/gretasexylingerie.com\/fi\/wp-json\/wp\/v2\/product_tag?post=45988"}],"curies":[{"name":"wp","href":"https:\/\/api.w.org\/{rel}","templated":true}]}}