{"id":45976,"date":"2023-10-20T23:30:04","date_gmt":"2023-10-20T15:30:04","guid":{"rendered":"https:\/\/gretasexylingerie.com\/?post_type=product&#038;p=45976"},"modified":"2023-10-20T23:32:46","modified_gmt":"2023-10-20T15:32:46","slug":"tukku-seksikas-leopardi-halloween-asu-lapinakyvalla-pitsilla","status":"publish","type":"product","link":"https:\/\/gretasexylingerie.com\/fi\/products\/wholesale-sexy-leopard-halloween-costume-with-transparent-lace\/","title":{"rendered":"Tukku seksik\u00e4s leopardi Halloween-asu l\u00e4pin\u00e4kyvill\u00e4 pitsill\u00e4"},"content":{"rendered":"<ol class=\"wp-block-list\">\n<li>Halloween- ja cosplay-valmiina: Leopard Girl -asumme ilment\u00e4\u00e4 hurjaa vieh\u00e4tyst\u00e4. Seksik\u00e4s leopardikissapukumuotoilu yhdist\u00e4\u00e4 leopardin rajuuden ripauksen modernia aistillisuutta, mik\u00e4 tekee siit\u00e4 parhaan valinnan niille, jotka etsiv\u00e4t yhdistelm\u00e4\u00e4 villi\u00e4 ja viettely\u00e4.<\/li>\n\n\n\n<li>Aistilliset l\u00e4pin\u00e4kyv\u00e4t pitsisivut: Bodin l\u00e4pin\u00e4kyv\u00e4t pitsisivut tarjoavat v\u00e4l\u00e4hdyksen modernia vieh\u00e4tyst\u00e4 erottaen sen perinteisist\u00e4 leopardiasuista. Sen ainutlaatuinen muotoilu takaa erottuvan vetovoiman rohkeisiin iloihin.<\/li>\n\n\n\n<li>Erottuva ontto rintakeh\u00e4: Bodin ontto rintakeh\u00e4 vangitsee klassisen leopardiilmeen viettelev\u00e4n puolen tarjoten sekoituksen villi\u00e4 ja houkuttelevaa, joka varmasti k\u00e4\u00e4nt\u00e4\u00e4 p\u00e4\u00e4t.<\/li>\n\n\n\n<li>T\u00e4ydellinen lis\u00e4tarvikekokonaisuus: M\u00e4\u00e4ritt\u00e4v\u00e4st\u00e4 leopardip\u00e4\u00e4pantasta leikkis\u00e4\u00e4n h\u00e4nt\u00e4\u00e4n jokainen t\u00e4m\u00e4n setin lis\u00e4varuste t\u00e4ydent\u00e4\u00e4 yleisilmett\u00e4 tarjoten asiakkaille t\u00e4ydellisen roolipelikokemuksen.<\/li>\n\n\n\n<li>Tukkumyyntivalmius: T\u00e4m\u00e4 tukkumyynti\u00e4 varten r\u00e4\u00e4t\u00e4l\u00f6ity Leopard Girl Cosplay -asu on tulossa myydyimm\u00e4ksi esineeksi. Se on enemm\u00e4n kuin vain puku; se ilment\u00e4\u00e4 fantasiaa ja leikkis\u00e4\u00e4 tutkimista.<\/li>\n<\/ol>\n\n\n\n<p>Laajenna v\u00e4hitt\u00e4ismyyntivalikoimaasi seksikk\u00e4ill\u00e4 halloween-leopardiasuillamme, jotka yhdist\u00e4v\u00e4t villi\u00e4 rajuutta moderniin vieh\u00e4tysvoimaan. Sukella leopardi-cosplay-asujen maailmaan t\u00e4m\u00e4n kokonaisuuden kanssa. Ota yhteytt\u00e4 tukkumyynti\u00e4 varten ja laajenna valikoimaasi.<\/p>\n\n\n\n<figure class=\"wp-block-embed is-type-video is-provider-youtube wp-block-embed-youtube wp-embed-aspect-4-3 wp-has-aspect-ratio\"><div class=\"wp-block-embed__wrapper\">\n<div class=\"video-container\"><iframe title=\"Tukku seksik\u00e4s leopardi Halloween-asu l\u00e4pin\u00e4kyvill\u00e4 pitsill\u00e4\" width=\"1170\" height=\"878\" src=\"https:\/\/www.youtube.com\/embed\/tZg8AcH2EW0?feature=oembed\" frameborder=\"0\" allow=\"accelerometer; autoplay; clipboard-write; encrypted-media; gyroscope; picture-in-picture; web-share\" allowfullscreen><\/iframe><\/div>\n<\/div><\/figure>","protected":false},"excerpt":{"rendered":"<p>Vapauta villi puolesi seksikk\u00e4\u00e4ll\u00e4 leopardiasullamme, joka on t\u00e4ydellinen Halloween- ja cosplay-tapahtumiin. T\u00e4m\u00e4 pitk\u00e4hihainen body, jota koristavat l\u00e4pin\u00e4kyv\u00e4t pitsisivut ja ontto rintakeh\u00e4, vangitsee hurjan leopardin olemuksen. Sukella tarinaan villin vieh\u00e4tysvoimasta.<\/p>","protected":false},"featured_media":45985,"template":"","meta":[],"product_brand":[],"product_cat":[974],"product_tag":[1006,1005],"class_list":{"0":"post-45976","1":"product","2":"type-product","3":"status-publish","4":"has-post-thumbnail","6":"product_cat-wholesale-sexy-costumes","7":"product_tag-animal-costumes","8":"product_tag-sexy-cat-costumes","9":"pa_color-leopard","10":"pa_size-free","12":"first","13":"instock","14":"taxable","15":"shipping-taxable","16":"purchasable","17":"product-type-variable"},"tiered_pricing_type":"fixed","tiered_pricing_fixed_rules":[],"tiered_pricing_product_settings":{"layout":"default","base_unit_name":{"singular":null,"plural":null},"default_variation":{}},"tiered_pricing_minimum_quantity":null,"tiered_pricing_roles_data":[],"tiered_pricing_percentage_rules":[],"tiered_pricing_maximum_quantity":null,"tiered_pricing_quantity_step":null,"_links":{"self":[{"href":"https:\/\/gretasexylingerie.com\/fi\/wp-json\/wp\/v2\/product\/45976","targetHints":{"allow":["GET"]}}],"collection":[{"href":"https:\/\/gretasexylingerie.com\/fi\/wp-json\/wp\/v2\/product"}],"about":[{"href":"https:\/\/gretasexylingerie.com\/fi\/wp-json\/wp\/v2\/types\/product"}],"wp:featuredmedia":[{"embeddable":true,"href":"https:\/\/gretasexylingerie.com\/fi\/wp-json\/wp\/v2\/media\/45985"}],"wp:attachment":[{"href":"https:\/\/gretasexylingerie.com\/fi\/wp-json\/wp\/v2\/media?parent=45976"}],"wp:term":[{"taxonomy":"product_brand","embeddable":true,"href":"https:\/\/gretasexylingerie.com\/fi\/wp-json\/wp\/v2\/product_brand?post=45976"},{"taxonomy":"product_cat","embeddable":true,"href":"https:\/\/gretasexylingerie.com\/fi\/wp-json\/wp\/v2\/product_cat?post=45976"},{"taxonomy":"product_tag","embeddable":true,"href":"https:\/\/gretasexylingerie.com\/fi\/wp-json\/wp\/v2\/product_tag?post=45976"}],"curies":[{"name":"wp","href":"https:\/\/api.w.org\/{rel}","templated":true}]}}