{"id":45967,"date":"2023-10-20T22:59:42","date_gmt":"2023-10-20T14:59:42","guid":{"rendered":"https:\/\/gretasexylingerie.com\/?post_type=product&#038;p=45967"},"modified":"2023-10-20T23:00:56","modified_gmt":"2023-10-20T15:00:56","slug":"tukkupoliisinaisen-halloween-asu-pitsihamesarjalla","status":"publish","type":"product","link":"https:\/\/gretasexylingerie.com\/fi\/products\/wholesale-policewoman-halloween-outfit-with-lace-skirt-set\/","title":{"rendered":"Tukkupoliisinaisen halloween-asu pitsihamesarjalla"},"content":{"rendered":"<ol class=\"wp-block-list\">\n<li>Halloween-valmiina: Poliisinaisen univormumme edustaa Halloweenin vieh\u00e4tyst\u00e4. Seksik\u00e4s poliisi Halloween -design yhdist\u00e4\u00e4 perinteet ja moderni aistillisuus, mik\u00e4 tekee siit\u00e4 parhaan valinnan niille, jotka etsiv\u00e4t yhdistelm\u00e4\u00e4 auktoriteettia ja viettely\u00e4.<\/li>\n\n\n\n<li>Aistilliset l\u00e4pin\u00e4kyv\u00e4t pitsisivut: Lonkkaa peitt\u00e4v\u00e4n hameen l\u00e4pin\u00e4kyv\u00e4t pitsisivut tarjoavat v\u00e4l\u00e4hdyksen modernia vieh\u00e4tyst\u00e4 erottaen sen perinteisist\u00e4 poliisiasuista. Sen ainutlaatuinen muotoilu takaa erottuvan vetovoiman rohkeisiin iloihin.<\/li>\n\n\n\n<li>Kattava lis\u00e4varustekokonaisuus: M\u00e4\u00e4ritt\u00e4v\u00e4st\u00e4 poliisihatusta ja sauvaa tyylikk\u00e4isiin verkkosukkiin ja hansikkaisiin jokainen t\u00e4m\u00e4n setin lis\u00e4varuste t\u00e4ydent\u00e4\u00e4 yleisilmett\u00e4 tarjoten asiakkaille t\u00e4ydellisen roolipelikokemuksen.<\/li>\n\n\n\n<li>Sexy Officer Narrative: T\u00e4m\u00e4 asu vangitsee klassisen poliisilookin arvovaltaisen ja viettelev\u00e4n puolen. J\u00e4lleenmyyj\u00e4t voivat tarjota ainutlaatuisen tuotteen, joka erottuu markkinoilla erityisesti Halloweenin aikana.<\/li>\n\n\n\n<li>Tukkumyyntivalmius: T\u00e4m\u00e4 Policewoman Uniform Temptation -puku on r\u00e4\u00e4t\u00e4l\u00f6ity tukkumyynti\u00e4 varten, ja siit\u00e4 tulee myydyin tuote. Se on enemm\u00e4n kuin vain puku; se ilment\u00e4\u00e4 fantasiaa ja leikkis\u00e4\u00e4 tutkimista.<\/li>\n<\/ol>\n\n\n\n<p>Laajenna v\u00e4hitt\u00e4ismyyntivalikoimaasi seksikk\u00e4ill\u00e4 upseeri Halloween-asuillamme, jotka yhdist\u00e4v\u00e4t klassista auktoriteettia moderniin vieh\u00e4tysvoimaan. Sukella poliisinaisten Halloween-asujen maailmaan t\u00e4m\u00e4n kokoonpanon kanssa. Ota yhteytt\u00e4 tukkumyynti\u00e4 varten ja laajenna valikoimaasi.<\/p>","protected":false},"excerpt":{"rendered":"<p>Ymm\u00e4rr\u00e4 auktoriteetin vieh\u00e4tys seksikk\u00e4\u00e4ll\u00e4 tutu-poliisiasullamme, joka sopii ihanteellisesti Halloween-juhliin. T\u00e4m\u00e4 musta lantiota peitt\u00e4v\u00e4 hame, jossa on l\u00e4pin\u00e4kyv\u00e4t pitsisivut ja vetoketjuaukko, vangitsee seksikk\u00e4\u00e4n upseerin olemuksen. Sukella tarinaan laista ja vieh\u00e4tyksest\u00e4.<\/p>","protected":false},"featured_media":45975,"template":"","meta":[],"product_brand":[],"product_cat":[974],"product_tag":[978],"class_list":{"0":"post-45967","1":"product","2":"type-product","3":"status-publish","4":"has-post-thumbnail","6":"product_cat-wholesale-sexy-costumes","7":"product_tag-policewoman-costume","8":"pa_color-black","9":"pa_size-free","11":"first","12":"instock","13":"taxable","14":"shipping-taxable","15":"purchasable","16":"product-type-variable"},"tiered_pricing_type":"fixed","tiered_pricing_fixed_rules":[],"tiered_pricing_product_settings":{"layout":"default","base_unit_name":{"singular":null,"plural":null},"default_variation":{}},"tiered_pricing_minimum_quantity":null,"tiered_pricing_roles_data":[],"tiered_pricing_percentage_rules":[],"tiered_pricing_maximum_quantity":null,"tiered_pricing_quantity_step":null,"_links":{"self":[{"href":"https:\/\/gretasexylingerie.com\/fi\/wp-json\/wp\/v2\/product\/45967","targetHints":{"allow":["GET"]}}],"collection":[{"href":"https:\/\/gretasexylingerie.com\/fi\/wp-json\/wp\/v2\/product"}],"about":[{"href":"https:\/\/gretasexylingerie.com\/fi\/wp-json\/wp\/v2\/types\/product"}],"wp:featuredmedia":[{"embeddable":true,"href":"https:\/\/gretasexylingerie.com\/fi\/wp-json\/wp\/v2\/media\/45975"}],"wp:attachment":[{"href":"https:\/\/gretasexylingerie.com\/fi\/wp-json\/wp\/v2\/media?parent=45967"}],"wp:term":[{"taxonomy":"product_brand","embeddable":true,"href":"https:\/\/gretasexylingerie.com\/fi\/wp-json\/wp\/v2\/product_brand?post=45967"},{"taxonomy":"product_cat","embeddable":true,"href":"https:\/\/gretasexylingerie.com\/fi\/wp-json\/wp\/v2\/product_cat?post=45967"},{"taxonomy":"product_tag","embeddable":true,"href":"https:\/\/gretasexylingerie.com\/fi\/wp-json\/wp\/v2\/product_tag?post=45967"}],"curies":[{"name":"wp","href":"https:\/\/api.w.org\/{rel}","templated":true}]}}