{"id":45940,"date":"2023-10-20T22:01:16","date_gmt":"2023-10-20T14:01:16","guid":{"rendered":"https:\/\/gretasexylingerie.com\/?post_type=product&#038;p=45940"},"modified":"2023-10-20T22:01:28","modified_gmt":"2023-10-20T14:01:28","slug":"tukku-ruudullinen-koulutytto-asu-halterneck-pitsi-body","status":"publish","type":"product","link":"https:\/\/gretasexylingerie.com\/fi\/products\/wholesale-plaid-schoolgirl-outfit-halterneck-lace-bodysuit\/","title":{"rendered":"Tukku ruudullinen koulutytt\u00f6 asu Halterneck Lace Bodysuit"},"content":{"rendered":"<ol class=\"wp-block-list\">\n<li>Hot Schoolgirl Cosplay: Ymm\u00e4rr\u00e4 nuorekkaan vieh\u00e4tyksen ydin ruudullisella opiskelijapukusarjallamme. Suunnittelu vangitsee koulutytt\u00f6teemojen leikkis\u00e4n vieh\u00e4tyksen, joten se on paras valinta niille, jotka tutkivat tarinaa viattomuudesta ja viettelyst\u00e4.<\/li>\n\n\n\n<li>Sensual Halterneck Lace Bodysuit: Halterneck-pitsibody tarjoaa ainutlaatuisen ja kiehtovan ilmeen, joka lis\u00e4\u00e4 ripauksen modernia aistillisuutta klassiseen koulutytt\u00f6teemaan. Syv\u00e4 V-perspektiivi takaa erottuvan vetovoiman, joka on t\u00e4ydellinen y\u00f6esityksiin.<\/li>\n\n\n\n<li>Klassinen ruudullinen hame: Ruudullinen hame on ajaton kappale, joka vangitsee klassisen koulutytt\u00f6ilmeen. Yhdistettyn\u00e4 pitsi-bodyn kanssa se yhdist\u00e4\u00e4 perinteit\u00e4 ja nykyaikaista tyyli\u00e4.<\/li>\n\n\n\n<li>Kattava asustekokonaisuus: M\u00e4\u00e4ritt\u00e4v\u00e4st\u00e4 solmiosta ja laseista tyylikk\u00e4isiin verkkosukkiin ja sukkanauhaan, jokainen t\u00e4m\u00e4n setin lis\u00e4varuste on valittu huolella kohottamaan yleisilmett\u00e4 ja tarjoamaan asiakkaille t\u00e4ydellisen asukokemuksen.<\/li>\n\n\n\n<li>Tukkumyyntivalmius: T\u00e4m\u00e4 tukkumyynti\u00e4 varten r\u00e4\u00e4t\u00e4l\u00f6ity ruudullinen opiskelijapukusarja on valmistettu v\u00e4hitt\u00e4ismyyntikokoelmasi myydyimm\u00e4ksi tuotteeksi. Se on enemm\u00e4n kuin vain puku; se ilment\u00e4\u00e4 fantasiaa ja leikkis\u00e4\u00e4 tutkimista.<\/li>\n<\/ol>\n\n\n\n<p>Laajenna v\u00e4hitt\u00e4ismyyntivalikoimaasi tukkuruudullisilla koulutytt\u00f6asuillamme, jotka ovat t\u00e4ydellinen sekoitus nuorekasta vieh\u00e4tyst\u00e4 ja y\u00f6taitojen vieh\u00e4tyst\u00e4. Sukella niukka koulutytt\u00f6asujen maailmaan t\u00e4m\u00e4n mielikuvituksellisen kokonaisuuden kanssa. Ota yhteytt\u00e4 tukkumyynti\u00e4 varten ja lis\u00e4\u00e4 valikoimaasi ripaus koulutytt\u00f6jen charmia ja karismaa.<\/p>","protected":false},"excerpt":{"rendered":"<p>Paljasta sekoitus viattomuutta ja vieh\u00e4tyst\u00e4 tukkumyynnill\u00e4mme Plaid Student Uniform Set -asusarjallamme, joka on t\u00e4ydellinen y\u00f6esityksiin. T\u00e4m\u00e4 halterneck-pitsibody, jossa on syv\u00e4 V-perspektiivi, on yhdistetty klassiseen ruudulliseen hameeseen. Sukella kuuman koulutytt\u00f6-cosplayn tarinaan t\u00e4m\u00e4n kattavan kokoonpanon avulla.<\/p>","protected":false},"featured_media":45948,"template":"","meta":[],"product_brand":[],"product_cat":[974],"product_tag":[976],"class_list":{"0":"post-45940","1":"product","2":"type-product","3":"status-publish","4":"has-post-thumbnail","6":"product_cat-wholesale-sexy-costumes","7":"product_tag-schoolgirl-costumes","8":"pa_color-black","9":"pa_size-free","11":"first","12":"instock","13":"taxable","14":"shipping-taxable","15":"purchasable","16":"product-type-variable"},"tiered_pricing_type":"fixed","tiered_pricing_fixed_rules":[],"tiered_pricing_product_settings":{"layout":"default","base_unit_name":{"singular":null,"plural":null},"default_variation":null},"tiered_pricing_minimum_quantity":null,"tiered_pricing_roles_data":[],"tiered_pricing_percentage_rules":[],"tiered_pricing_maximum_quantity":null,"tiered_pricing_quantity_step":null,"_links":{"self":[{"href":"https:\/\/gretasexylingerie.com\/fi\/wp-json\/wp\/v2\/product\/45940","targetHints":{"allow":["GET"]}}],"collection":[{"href":"https:\/\/gretasexylingerie.com\/fi\/wp-json\/wp\/v2\/product"}],"about":[{"href":"https:\/\/gretasexylingerie.com\/fi\/wp-json\/wp\/v2\/types\/product"}],"wp:featuredmedia":[{"embeddable":true,"href":"https:\/\/gretasexylingerie.com\/fi\/wp-json\/wp\/v2\/media\/45948"}],"wp:attachment":[{"href":"https:\/\/gretasexylingerie.com\/fi\/wp-json\/wp\/v2\/media?parent=45940"}],"wp:term":[{"taxonomy":"product_brand","embeddable":true,"href":"https:\/\/gretasexylingerie.com\/fi\/wp-json\/wp\/v2\/product_brand?post=45940"},{"taxonomy":"product_cat","embeddable":true,"href":"https:\/\/gretasexylingerie.com\/fi\/wp-json\/wp\/v2\/product_cat?post=45940"},{"taxonomy":"product_tag","embeddable":true,"href":"https:\/\/gretasexylingerie.com\/fi\/wp-json\/wp\/v2\/product_tag?post=45940"}],"curies":[{"name":"wp","href":"https:\/\/api.w.org\/{rel}","templated":true}]}}