{"id":45931,"date":"2023-10-19T00:08:57","date_gmt":"2023-10-18T16:08:57","guid":{"rendered":"https:\/\/gretasexylingerie.com\/?post_type=product&#038;p=45931"},"modified":"2023-10-19T00:10:23","modified_gmt":"2023-10-18T16:10:23","slug":"tukku-halloween-armeijan-naamiointiasu","status":"publish","type":"product","link":"https:\/\/gretasexylingerie.com\/fi\/products\/wholesale-halloween-army-camouflage-costume\/","title":{"rendered":"Tukkumyynti Halloween-armeijan naamiointiasu, jossa on l\u00e4pin\u00e4kyv\u00e4 verkko"},"content":{"rendered":"<ol class=\"wp-block-list\">\n<li>Sotilaallinen vieh\u00e4tys kierteell\u00e4: Army Camouflage -teema vangitsee sotilaallisen vieh\u00e4tyksen olemuksen aistillisella k\u00e4\u00e4nteell\u00e4, mik\u00e4 tekee siit\u00e4 erottuvan vaihtoehdon Halloween-harrastajille. Naamiointimuotoilu takaa kest\u00e4v\u00e4n vetovoiman v\u00e4hitt\u00e4ismyyntimallistossasi ja kutsuu kertomaan vahvuudesta ja viettelyst\u00e4.<\/li>\n\n\n\n<li>Sensual Transparent Mesh Design: L\u00e4pin\u00e4kyv\u00e4 verkko tarjoaa ainutlaatuisen ja kiehtovan ilmeen ja lis\u00e4\u00e4 ripauksen modernia aistillisuutta klassiseen sotilaalliseen teemaan. Se on erinomainen valinta j\u00e4lleenmyyjille, jotka haluavat tarjota monipuolisen valikoiman mielikuvituksellisia asuja.<\/li>\n\n\n\n<li>Ainutlaatuinen brodeerattu silm\u00e4naamio: Naamioitu brodeerattu hickey-silm\u00e4maski erottaa t\u00e4m\u00e4n asun muista tarjoten erottuvan kosketuksen ja kohottavan yleisilmett\u00e4.<\/li>\n\n\n\n<li>Kattava asustesarja: M\u00e4\u00e4ritt\u00e4v\u00e4st\u00e4 hatusta ja sukkahousuista tyylikk\u00e4isiin lantiohameisiin ja pikkuhousuihin jokainen t\u00e4m\u00e4n setin lis\u00e4varuste on valittu huolella t\u00e4ydent\u00e4m\u00e4\u00e4n yleisilmett\u00e4 tarjoten asiakkaille t\u00e4ydellisen asuel\u00e4myksen.<\/li>\n\n\n\n<li>Tukkumyyntivalmius: T\u00e4m\u00e4 armeijan naamiointiasu on r\u00e4\u00e4t\u00e4l\u00f6ity tukkumyynti\u00e4 varten, ja siit\u00e4 tulee v\u00e4hitt\u00e4ismyyntikokoelmasi myydyin esine. Se on enemm\u00e4n kuin vain puku; se ilment\u00e4\u00e4 fantasiaa ja arvovaltaista tutkimusta.<\/li>\n<\/ol>\n\n\n\n<p>Laajenna v\u00e4hitt\u00e4ismyyntikokoelmaasi tukkuarmeijan naamiointiasullamme, joka on t\u00e4ydellinen sekoitus sotilaallista charmia ja Halloween-juhlallisuutta. Se on ihanteellinen valinta v\u00e4hitt\u00e4iskauppiaille, jotka tarjoavat monipuolisen ja mielikuvituksellisen vaatevalikoiman. Ota yhteytt\u00e4 tukkutiedusteluihin ja tuo ripauksen voimaa ja vieh\u00e4tyst\u00e4 valikoimaasi t\u00e4n\u00e4 juhlakautena.<\/p>","protected":false},"excerpt":{"rendered":"<p>Sukella juhlatunnelmaan tukkumyyntiarmeijan naamiointiasumme halloween-juhliin. Valmistettu l\u00e4pin\u00e4kyv\u00e4st\u00e4 verkosta ja t\u00e4ydennetty naamioituneella hikisilm\u00e4suojalla, t\u00e4m\u00e4 kokonaisuus on erinomainen valinta j\u00e4lleenmyyjille, jotka haluavat tarjota sekoituksen sotilaallista vieh\u00e4tyst\u00e4 ja nykyaikaista aistillisuutta.<\/p>","protected":false},"featured_media":45936,"template":"","meta":[],"product_brand":[],"product_cat":[974],"product_tag":[978],"class_list":{"0":"post-45931","1":"product","2":"type-product","3":"status-publish","4":"has-post-thumbnail","6":"product_cat-wholesale-sexy-costumes","7":"product_tag-policewoman-costume","8":"pa_color-camouflage","9":"pa_size-free","11":"first","12":"instock","13":"taxable","14":"shipping-taxable","15":"purchasable","16":"product-type-variable"},"tiered_pricing_type":"fixed","tiered_pricing_fixed_rules":[],"tiered_pricing_product_settings":{"layout":"default","base_unit_name":{"singular":null,"plural":null},"default_variation":{}},"tiered_pricing_minimum_quantity":null,"tiered_pricing_roles_data":[],"tiered_pricing_percentage_rules":[],"tiered_pricing_maximum_quantity":null,"tiered_pricing_quantity_step":null,"_links":{"self":[{"href":"https:\/\/gretasexylingerie.com\/fi\/wp-json\/wp\/v2\/product\/45931","targetHints":{"allow":["GET"]}}],"collection":[{"href":"https:\/\/gretasexylingerie.com\/fi\/wp-json\/wp\/v2\/product"}],"about":[{"href":"https:\/\/gretasexylingerie.com\/fi\/wp-json\/wp\/v2\/types\/product"}],"wp:featuredmedia":[{"embeddable":true,"href":"https:\/\/gretasexylingerie.com\/fi\/wp-json\/wp\/v2\/media\/45936"}],"wp:attachment":[{"href":"https:\/\/gretasexylingerie.com\/fi\/wp-json\/wp\/v2\/media?parent=45931"}],"wp:term":[{"taxonomy":"product_brand","embeddable":true,"href":"https:\/\/gretasexylingerie.com\/fi\/wp-json\/wp\/v2\/product_brand?post=45931"},{"taxonomy":"product_cat","embeddable":true,"href":"https:\/\/gretasexylingerie.com\/fi\/wp-json\/wp\/v2\/product_cat?post=45931"},{"taxonomy":"product_tag","embeddable":true,"href":"https:\/\/gretasexylingerie.com\/fi\/wp-json\/wp\/v2\/product_tag?post=45931"}],"curies":[{"name":"wp","href":"https:\/\/api.w.org\/{rel}","templated":true}]}}