{"id":45900,"date":"2023-10-18T22:34:21","date_gmt":"2023-10-18T14:34:21","guid":{"rendered":"https:\/\/gretasexylingerie.com\/?post_type=product&#038;p=45900"},"modified":"2023-12-09T15:54:31","modified_gmt":"2023-12-09T07:54:31","slug":"tukku-halloween-cosplay-piikapuku","status":"publish","type":"product","link":"https:\/\/gretasexylingerie.com\/fi\/products\/wholesale-halloween-cosplay-maid-suit\/","title":{"rendered":"Tukkumyynti l\u00e4pin\u00e4kyv\u00e4 Halloween Cosplay piikapuku Ensemble ja tarvikkeet"},"content":{"rendered":"<ol class=\"wp-block-list\">\n<li>Classic Maid Charm: Sexy Maid -teema vangitsee klassisen vieh\u00e4tyksen olemuksen aistillisella otteella, mik\u00e4 tekee siit\u00e4 valloittavan valinnan Halloween-harrastajille. Muotoilu takaa kest\u00e4v\u00e4n vetovoiman v\u00e4hitt\u00e4ismyyntimallistossasi ja kutsuu kertomusta palvelusta ja viettelyst\u00e4.<\/li>\n\n\n\n<li>Sensual Mesh l\u00e4pin\u00e4kyv\u00e4 muotoilu: L\u00e4pin\u00e4kyv\u00e4 mesh-muotoilu tarjoaa ainutlaatuisen ja kiehtovan ilmeen, joka lis\u00e4\u00e4 ripauksen modernia aistillisuutta ajattomaan piikateemaan. Se on erinomainen valinta j\u00e4lleenmyyjille, jotka haluavat tarjota monipuolisen valikoiman mielikuvituksellisia asuja.<\/li>\n\n\n\n<li>T\u00e4ydellinen Cosplay Ensemble: M\u00e4\u00e4ritt\u00e4v\u00e4st\u00e4 p\u00e4\u00e4pantasta ja kaulakoristeesta leikkis\u00e4\u00e4n h\u00f6yhenpuikkoon ja stringehousuihin, jokainen t\u00e4m\u00e4n setin lis\u00e4varuste on valittu huolella kohottamaan yleisilmett\u00e4 ja tarjoamaan asiakkaille t\u00e4ydellisen asukokemuksen.<\/li>\n\n\n\n<li>Laadukkaat materiaalit: Yksityiskohtia huomioiden valmistettu korkealaatuinen verkkomateriaali varmistaa mukavan istuvuuden ja tyylikk\u00e4\u00e4n viimeistelyn, mik\u00e4 erottaa t\u00e4m\u00e4n asun ja tarjoaa ylellisen tunteen.<\/li>\n\n\n\n<li>Tukkumyyntivalmius: T\u00e4m\u00e4 seksik\u00e4s piikapuku on r\u00e4\u00e4t\u00e4l\u00f6ity tukkumyynti\u00e4 varten, ja siit\u00e4 tulee v\u00e4hitt\u00e4ismyyntikokoelmasi myydyin esine. Se on enemm\u00e4n kuin vain puku; se ilment\u00e4\u00e4 fantasiaa ja leikkis\u00e4\u00e4 tutkimista.<\/li>\n<\/ol>\n\n\n\n<p>Laajenna v\u00e4hitt\u00e4ismyyntikokoelmaasi tukkukaupan seksikk\u00e4\u00e4ll\u00e4 piikapuvullamme, joka on t\u00e4ydellinen sekoitus klassista charmia ja modernia aistillisuutta. Se on ihanteellinen valinta v\u00e4hitt\u00e4iskauppiaille, jotka tarjoavat monipuolisen ja mielikuvituksellisen vaatevalikoiman. Ota meihin yhteytt\u00e4, jos tarvitset tukkumyynti\u00e4 koskevia tiedusteluja ja tuo ripauksen palvelua ja vieh\u00e4tyst\u00e4 valikoimaasi t\u00e4n\u00e4 Halloweenina.<\/p>","protected":false},"excerpt":{"rendered":"<p>Sukella houkuttelevaan maailmaan tukkumyynnill\u00e4mme Sexy Maid Suit for Halloween. T\u00e4m\u00e4 verkkokokonaisuus on valmistettu l\u00e4pin\u00e4kyv\u00e4st\u00e4 suunnittelusta, ja se on yhdistetty joukkoon t\u00e4ydent\u00e4vi\u00e4 lis\u00e4varusteita. Huippuvalinta j\u00e4lleenmyyjille, jotka haluavat tarjota sekoituksen klassista charmia ja nykyaikaista aistillisuutta.<\/p>\n<p>https:\/\/youtube.com\/shorts\/zhmJ0CHsE6k<\/p>","protected":false},"featured_media":45909,"template":"","meta":[],"product_brand":[],"product_cat":[974],"product_tag":[980],"class_list":{"0":"post-45900","1":"product","2":"type-product","3":"status-publish","4":"has-post-thumbnail","6":"product_cat-wholesale-sexy-costumes","7":"product_tag-maid-costumes","8":"pa_color-black","9":"pa_size-free","11":"first","12":"instock","13":"taxable","14":"shipping-taxable","15":"purchasable","16":"product-type-variable"},"tiered_pricing_type":"fixed","tiered_pricing_fixed_rules":[],"tiered_pricing_product_settings":{"layout":"default","base_unit_name":{"singular":null,"plural":null},"default_variation":{}},"tiered_pricing_minimum_quantity":null,"tiered_pricing_roles_data":[],"tiered_pricing_percentage_rules":[],"tiered_pricing_maximum_quantity":null,"tiered_pricing_quantity_step":null,"_links":{"self":[{"href":"https:\/\/gretasexylingerie.com\/fi\/wp-json\/wp\/v2\/product\/45900","targetHints":{"allow":["GET"]}}],"collection":[{"href":"https:\/\/gretasexylingerie.com\/fi\/wp-json\/wp\/v2\/product"}],"about":[{"href":"https:\/\/gretasexylingerie.com\/fi\/wp-json\/wp\/v2\/types\/product"}],"wp:featuredmedia":[{"embeddable":true,"href":"https:\/\/gretasexylingerie.com\/fi\/wp-json\/wp\/v2\/media\/45909"}],"wp:attachment":[{"href":"https:\/\/gretasexylingerie.com\/fi\/wp-json\/wp\/v2\/media?parent=45900"}],"wp:term":[{"taxonomy":"product_brand","embeddable":true,"href":"https:\/\/gretasexylingerie.com\/fi\/wp-json\/wp\/v2\/product_brand?post=45900"},{"taxonomy":"product_cat","embeddable":true,"href":"https:\/\/gretasexylingerie.com\/fi\/wp-json\/wp\/v2\/product_cat?post=45900"},{"taxonomy":"product_tag","embeddable":true,"href":"https:\/\/gretasexylingerie.com\/fi\/wp-json\/wp\/v2\/product_tag?post=45900"}],"curies":[{"name":"wp","href":"https:\/\/api.w.org\/{rel}","templated":true}]}}