{"id":45897,"date":"2023-10-18T22:58:28","date_gmt":"2023-10-18T14:58:28","guid":{"rendered":"https:\/\/gretasexylingerie.com\/?post_type=product&#038;p=45897"},"modified":"2023-10-18T22:59:25","modified_gmt":"2023-10-18T14:59:25","slug":"tukkumyynti-poliisiasu-halloweenille","status":"publish","type":"product","link":"https:\/\/gretasexylingerie.com\/fi\/products\/wholesale-police-costume-for-halloween\/","title":{"rendered":"Tukkumyynti poliisiasu Halloweeniin rinnassa metalliaksentilla"},"content":{"rendered":"<ol class=\"wp-block-list\">\n<li>Arvovaltainen vieh\u00e4tys: Policewoman-teema vangitsee auktoriteetin ja vieh\u00e4tyksen olemuksen, joten se on erottuva valinta Halloween-harrastajille. Suunnittelu varmistaa kest\u00e4v\u00e4n vetovoiman v\u00e4hitt\u00e4ismyyntimallistossasi ja kutsuu kertomuksen hallinnasta ja leikkis\u00e4st\u00e4 tutkimisesta.<\/li>\n\n\n\n<li>Selke\u00e4t rintakeh\u00e4n metalliaksentit: Rinnan metalliset lis\u00e4varusteet tarjoavat ainutlaatuisen ja kiehtovan kosketuksen ja lis\u00e4\u00e4v\u00e4t ripauksen ylellisyytt\u00e4 ja yksityiskohtia klassiseen poliisinaisten teemaan. Se on erinomainen valinta j\u00e4lleenmyyjille, jotka haluavat tarjota monipuolisen valikoiman mielikuvituksellisia asuja.<\/li>\n\n\n\n<li>Kattava asustesarja: M\u00e4\u00e4ritt\u00e4v\u00e4st\u00e4 poliisihatusta ja pistoolista tyylikk\u00e4isiin k\u00e4sineisiin ja remmiin, jokainen t\u00e4m\u00e4n setin lis\u00e4varuste on valittu huolella t\u00e4ydent\u00e4m\u00e4\u00e4n yleisilmett\u00e4 tarjoten asiakkaille t\u00e4ydellisen asukokemuksen.<\/li>\n\n\n\n<li>Laadukas k\u00e4sity\u00f6: Huomio yksityiskohtiin on ilmeist\u00e4 t\u00e4m\u00e4n puvun kaikissa osissa, korkealaatuisten materiaalien k\u00e4ytt\u00e4misest\u00e4 koteloon ja k\u00e4siraudoihin, mik\u00e4 varmistaa mukavan istuvuuden ja kiillotetun viimeistelyn.<\/li>\n\n\n\n<li>Tukkumyyntivalmius: T\u00e4m\u00e4 poliisinaisen asu on r\u00e4\u00e4t\u00e4l\u00f6ity tukkumyynti\u00e4 varten, ja siit\u00e4 tulee v\u00e4hitt\u00e4ismyyntikokoelmasi myydyin esine. Se on enemm\u00e4n kuin vain puku; se ilment\u00e4\u00e4 fantasiaa ja arvovaltaista tutkimusta.<\/li>\n<\/ol>\n\n\n\n<p>Laajenna v\u00e4hitt\u00e4ismyyntikokoelmaasi tukkupoliisinaisen asullamme, joka on t\u00e4ydellinen sekoitus arvovaltaista charmia ja Halloween-juhlaa. Se on ihanteellinen valinta v\u00e4hitt\u00e4iskauppiaille, jotka tarjoavat monipuolisen ja mielikuvituksellisen vaatevalikoiman. Ota yhteytt\u00e4 tukkukysymyksiss\u00e4 ja tuo ripauksen lakia ja vieh\u00e4tyst\u00e4 valikoimaasi t\u00e4n\u00e4 juhlakautena.<\/p>","protected":false},"excerpt":{"rendered":"<p>Astu auktoriteetin rooliin halloweenin poliisinaisen tukkuasumme avulla. T\u00e4t\u00e4 kokonaisuutta koristavat rintakeh\u00e4n metallitarvikkeet ja kattava sarja t\u00e4ydent\u00e4vi\u00e4 lis\u00e4varusteita. Ensiluokkainen valinta j\u00e4lleenmyyjille, jotka haluavat tarjota sekoituksen arvovaltaista vieh\u00e4tyst\u00e4 ja juhlavaa aistillisuutta.<\/p>","protected":false},"featured_media":45916,"template":"","meta":[],"product_brand":[],"product_cat":[974],"product_tag":[978],"class_list":{"0":"post-45897","1":"product","2":"type-product","3":"status-publish","4":"has-post-thumbnail","6":"product_cat-wholesale-sexy-costumes","7":"product_tag-policewoman-costume","8":"pa_color-black","9":"pa_size-free","11":"first","12":"instock","13":"taxable","14":"shipping-taxable","15":"purchasable","16":"product-type-variable"},"tiered_pricing_type":"fixed","tiered_pricing_fixed_rules":[],"tiered_pricing_product_settings":{"layout":"default","base_unit_name":{"singular":null,"plural":null},"default_variation":{}},"tiered_pricing_minimum_quantity":null,"tiered_pricing_roles_data":[],"tiered_pricing_percentage_rules":[],"tiered_pricing_maximum_quantity":null,"tiered_pricing_quantity_step":null,"_links":{"self":[{"href":"https:\/\/gretasexylingerie.com\/fi\/wp-json\/wp\/v2\/product\/45897","targetHints":{"allow":["GET"]}}],"collection":[{"href":"https:\/\/gretasexylingerie.com\/fi\/wp-json\/wp\/v2\/product"}],"about":[{"href":"https:\/\/gretasexylingerie.com\/fi\/wp-json\/wp\/v2\/types\/product"}],"wp:featuredmedia":[{"embeddable":true,"href":"https:\/\/gretasexylingerie.com\/fi\/wp-json\/wp\/v2\/media\/45916"}],"wp:attachment":[{"href":"https:\/\/gretasexylingerie.com\/fi\/wp-json\/wp\/v2\/media?parent=45897"}],"wp:term":[{"taxonomy":"product_brand","embeddable":true,"href":"https:\/\/gretasexylingerie.com\/fi\/wp-json\/wp\/v2\/product_brand?post=45897"},{"taxonomy":"product_cat","embeddable":true,"href":"https:\/\/gretasexylingerie.com\/fi\/wp-json\/wp\/v2\/product_cat?post=45897"},{"taxonomy":"product_tag","embeddable":true,"href":"https:\/\/gretasexylingerie.com\/fi\/wp-json\/wp\/v2\/product_tag?post=45897"}],"curies":[{"name":"wp","href":"https:\/\/api.w.org\/{rel}","templated":true}]}}