{"id":45878,"date":"2023-10-18T21:51:52","date_gmt":"2023-10-18T13:51:52","guid":{"rendered":"https:\/\/gretasexylingerie.com\/?post_type=product&#038;p=45878"},"modified":"2023-10-18T21:58:44","modified_gmt":"2023-10-18T13:58:44","slug":"tukkumyynti-valkoinen-seksikas-sairaanhoitajaasu","status":"publish","type":"product","link":"https:\/\/gretasexylingerie.com\/fi\/products\/wholesale-white-sexy-nurse-outfit\/","title":{"rendered":"Tukkumyynti valkoinen seksik\u00e4s sairaanhoitajaasu ja Halloween Temptation Ensemble"},"content":{"rendered":"<ol class=\"wp-block-list\">\n<li>L\u00e4\u00e4ketieteellinen vetovoima kierteell\u00e4: Sexy Nurse -teema vangitsee l\u00e4\u00e4ketieteellisen vieh\u00e4tyksen olemuksen aistillisella kierteell\u00e4, joten se on kiehtova valinta Halloween-harrastajille. Koskematon valkoinen muotoilu takaa kest\u00e4v\u00e4n vetovoiman v\u00e4hitt\u00e4ismyyntimallistossasi ja kutsuu kertomaan huolenpidosta ja viettelyst\u00e4.<\/li>\n\n\n\n<li>T\u00e4ydellinen kiusauspuku: M\u00e4\u00e4ritt\u00e4v\u00e4st\u00e4 p\u00e4\u00e4nauhasta ja vy\u00f6st\u00e4 vietteleviin verkkosukkiin ja jalkarenkaisiin, kaikki t\u00e4m\u00e4n setin lis\u00e4varusteet on valittu huolellisesti t\u00e4ydent\u00e4m\u00e4\u00e4n yleisilmett\u00e4, tarjoten asiakkaille t\u00e4ydellisen asuel\u00e4myksen.<\/li>\n\n\n\n<li>Monipuolinen asukokonaisuus: Toppi, hame ja remmit lis\u00e4\u00e4v\u00e4t kokonaisuuteen syvyytt\u00e4, erottavat t\u00e4m\u00e4n asun muista ja tarjoavat useita muotoiluvaihtoehtoja.<\/li>\n\n\n\n<li>Laadukkaat materiaalit: Yksityiskohtia huomioiden valmistetut korkealaatuiset materiaalit takaavat mukavan istuvuuden ja tyylikk\u00e4\u00e4n viimeistelyn, mik\u00e4 erottaa t\u00e4m\u00e4n asun ja tarjoaa ylellisen tunnelman.<\/li>\n\n\n\n<li>Tukkumyyntivalmius: T\u00e4m\u00e4 valkoinen seksik\u00e4s sairaanhoitajaasu on r\u00e4\u00e4t\u00e4l\u00f6ity tukkumyynti\u00e4 varten, ja siit\u00e4 tulee v\u00e4hitt\u00e4ismyyntikokoelmasi myydyin esine. Se on enemm\u00e4n kuin vain puku; se ilment\u00e4\u00e4 fantasiaa ja leikkis\u00e4\u00e4 tutkimista.<\/li>\n<\/ol>\n\n\n\n<p>Laajenna v\u00e4hitt\u00e4ismyyntikokoelmaasi tukkuvalkoisella seksikk\u00e4\u00e4ll\u00e4 sairaanhoitajaasullamme, joka on t\u00e4ydellinen sekoitus l\u00e4\u00e4ketieteellist\u00e4 charmia ja modernia aistillisuutta. Se on ihanteellinen valinta v\u00e4hitt\u00e4iskauppiaille, jotka tarjoavat monipuolisen ja mielikuvituksellisen vaatevalikoiman. Ota meihin yhteytt\u00e4 tukkumyynti\u00e4 varten ja lis\u00e4\u00e4 valikoimaasi houkutteleva annos t\u00e4n\u00e4 Halloweenina.<\/p>","protected":false},"excerpt":{"rendered":"<p>Sukella vieh\u00e4tysmaailmaan tukkumyynnill\u00e4mme myyt\u00e4v\u00e4n valkoisen seksik\u00e4s sairaanhoitajaasumme Halloween-juhliin. T\u00e4m\u00e4 houkutuspuku, jossa on valikoima lis\u00e4varusteita, on erinomainen valinta v\u00e4hitt\u00e4iskauppiaille, jotka pyrkiv\u00e4t yhdist\u00e4m\u00e4\u00e4n l\u00e4\u00e4ketieteellist\u00e4 charmia ja nykyaikaista aistillisuutta.<\/p>","protected":false},"featured_media":45887,"template":"","meta":[],"product_brand":[],"product_cat":[974],"product_tag":[989],"class_list":{"0":"post-45878","1":"product","2":"type-product","3":"status-publish","4":"has-post-thumbnail","6":"product_cat-wholesale-sexy-costumes","7":"product_tag-nurse-costume","8":"pa_color-white","9":"pa_size-free","11":"first","12":"instock","13":"taxable","14":"shipping-taxable","15":"purchasable","16":"product-type-variable"},"tiered_pricing_type":"fixed","tiered_pricing_fixed_rules":[],"tiered_pricing_product_settings":{"layout":"default","base_unit_name":{"singular":null,"plural":null},"default_variation":{}},"tiered_pricing_minimum_quantity":null,"tiered_pricing_roles_data":[],"tiered_pricing_percentage_rules":[],"tiered_pricing_maximum_quantity":null,"tiered_pricing_quantity_step":null,"_links":{"self":[{"href":"https:\/\/gretasexylingerie.com\/fi\/wp-json\/wp\/v2\/product\/45878","targetHints":{"allow":["GET"]}}],"collection":[{"href":"https:\/\/gretasexylingerie.com\/fi\/wp-json\/wp\/v2\/product"}],"about":[{"href":"https:\/\/gretasexylingerie.com\/fi\/wp-json\/wp\/v2\/types\/product"}],"wp:featuredmedia":[{"embeddable":true,"href":"https:\/\/gretasexylingerie.com\/fi\/wp-json\/wp\/v2\/media\/45887"}],"wp:attachment":[{"href":"https:\/\/gretasexylingerie.com\/fi\/wp-json\/wp\/v2\/media?parent=45878"}],"wp:term":[{"taxonomy":"product_brand","embeddable":true,"href":"https:\/\/gretasexylingerie.com\/fi\/wp-json\/wp\/v2\/product_brand?post=45878"},{"taxonomy":"product_cat","embeddable":true,"href":"https:\/\/gretasexylingerie.com\/fi\/wp-json\/wp\/v2\/product_cat?post=45878"},{"taxonomy":"product_tag","embeddable":true,"href":"https:\/\/gretasexylingerie.com\/fi\/wp-json\/wp\/v2\/product_tag?post=45878"}],"curies":[{"name":"wp","href":"https:\/\/api.w.org\/{rel}","templated":true}]}}