{"id":45869,"date":"2023-10-18T21:32:50","date_gmt":"2023-10-18T13:32:50","guid":{"rendered":"https:\/\/gretasexylingerie.com\/?post_type=product&#038;p=45869"},"modified":"2023-10-18T21:34:00","modified_gmt":"2023-10-18T13:34:00","slug":"tukku-kiiltonahkainen-pupu-body-jossa-vetoketjullinen-syva-v","status":"publish","type":"product","link":"https:\/\/gretasexylingerie.com\/fi\/products\/wholesale-patent-leather-bunny-bodysuit-with-zippered-deep-v\/","title":{"rendered":"Tukkukiiltonahkainen pupubody, jossa vetoketjullinen syv\u00e4 V"},"content":{"rendered":"<ol class=\"wp-block-list\">\n<li>Leikkis\u00e4 Bunny Charm: Bunny Bodysuit -teema vangitsee leikkis\u00e4n vieh\u00e4tyksen. Se on erinomainen valinta niille, jotka haluavat hyp\u00e4t\u00e4 fantasiamaailmaan. Kiiltonahkainen muotoilu takaa kest\u00e4v\u00e4n vetovoiman v\u00e4hitt\u00e4ismyyntimallistossasi ja kutsuu kertomaan hauskasta ja flirttailusta.<\/li>\n\n\n\n<li>Sultry Zippered Deep V: Vetoketjullinen syv\u00e4 V-muotoilu tarjoaa ainutlaatuisen ja kiehtovan ilmeen ja lis\u00e4\u00e4 ripauksen aistillisuutta leikkis\u00e4\u00e4n puputeemaan. Se on erinomainen valinta j\u00e4lleenmyyjille, jotka haluavat tarjota monipuolisen valikoiman mielikuvituksellisia asuja.<\/li>\n\n\n\n<li>T\u00e4ydellinen kokonaisuus: Yhdistettyn\u00e4 m\u00e4\u00e4ritt\u00e4v\u00e4n pupun p\u00e4\u00e4pantaan ja solmioon t\u00e4m\u00e4 setti tarjoaa asiakkaille t\u00e4ydellisen ilmeen ja varmistaa, ett\u00e4 heill\u00e4 on kaikki mit\u00e4 he tarvitsevat t\u00e4ydelliseen pupun muodonmuutokseen.<\/li>\n\n\n\n<li>Laadukas kiiltonahka: Kiiltonahka lis\u00e4\u00e4 kiilt\u00e4v\u00e4n ja sile\u00e4n viimeistelyn bodylle, erottaen t\u00e4m\u00e4n asun muista ja tarjoaa ylellisen tunteen.<\/li>\n\n\n\n<li>Tukkumyyntivalmius: T\u00e4m\u00e4 tukkumyynti\u00e4 varten r\u00e4\u00e4t\u00e4l\u00f6ity Patent Leather Bunny Bodysuit on pohjustettu tullakseen v\u00e4hitt\u00e4ismyyntikokoelmasi myydyimm\u00e4ksi tuotteeksi. Se on enemm\u00e4n kuin vain puku; se on kutsu fantasiamaailmaan ja leikkis\u00e4\u00e4n tutkimiseen.<\/li>\n<\/ol>\n\n\n\n<p>Laajenna v\u00e4hitt\u00e4ismyyntivalikoimaasi tukkupatenttinahkapupu-bodypukullamme, joka on t\u00e4ydellinen sekoitus leikkis\u00e4\u00e4 charmia ja modernia aistillisuutta. Se on ihanteellinen valinta v\u00e4hitt\u00e4iskauppiaille, jotka tarjoavat monipuolisen ja mielikuvituksellisen vaatevalikoiman. Ota yhteytt\u00e4 tukkumyynti\u00e4 koskevissa tiedusteluissa ja lis\u00e4\u00e4 valikoimaasi ripaus humalaa ja vieh\u00e4tyst\u00e4.&quot;<\/p>","protected":false},"excerpt":{"rendered":"<p>Syleile vieh\u00e4tysvoimaa tukkumyynnill\u00e4mme olevalla Patent Leather Bunny Body -puvullamme. T\u00e4ss\u00e4 kokonaisuudessa on vetoketjullinen syv\u00e4 V-muotoilu, ja sit\u00e4 t\u00e4ydent\u00e4v\u00e4t pupun p\u00e4\u00e4panta ja solmio. Ensiluokkainen valikoima j\u00e4lleenmyyjille, jotka haluavat tarjota sekoituksen leikkis\u00e4\u00e4 charmia ja nykyaikaista aistillisuutta.<\/p>","protected":false},"featured_media":45876,"template":"","meta":[],"product_brand":[],"product_cat":[974],"product_tag":[1001],"class_list":{"0":"post-45869","1":"product","2":"type-product","3":"status-publish","4":"has-post-thumbnail","6":"product_cat-wholesale-sexy-costumes","7":"product_tag-bunny-costumes","8":"pa_color-black","9":"pa_size-free","11":"first","12":"instock","13":"taxable","14":"shipping-taxable","15":"purchasable","16":"product-type-variable"},"tiered_pricing_type":"fixed","tiered_pricing_fixed_rules":[],"tiered_pricing_product_settings":{"layout":"default","base_unit_name":{"singular":null,"plural":null},"default_variation":{}},"tiered_pricing_minimum_quantity":null,"tiered_pricing_roles_data":[],"tiered_pricing_percentage_rules":[],"tiered_pricing_maximum_quantity":null,"tiered_pricing_quantity_step":null,"_links":{"self":[{"href":"https:\/\/gretasexylingerie.com\/fi\/wp-json\/wp\/v2\/product\/45869","targetHints":{"allow":["GET"]}}],"collection":[{"href":"https:\/\/gretasexylingerie.com\/fi\/wp-json\/wp\/v2\/product"}],"about":[{"href":"https:\/\/gretasexylingerie.com\/fi\/wp-json\/wp\/v2\/types\/product"}],"wp:featuredmedia":[{"embeddable":true,"href":"https:\/\/gretasexylingerie.com\/fi\/wp-json\/wp\/v2\/media\/45876"}],"wp:attachment":[{"href":"https:\/\/gretasexylingerie.com\/fi\/wp-json\/wp\/v2\/media?parent=45869"}],"wp:term":[{"taxonomy":"product_brand","embeddable":true,"href":"https:\/\/gretasexylingerie.com\/fi\/wp-json\/wp\/v2\/product_brand?post=45869"},{"taxonomy":"product_cat","embeddable":true,"href":"https:\/\/gretasexylingerie.com\/fi\/wp-json\/wp\/v2\/product_cat?post=45869"},{"taxonomy":"product_tag","embeddable":true,"href":"https:\/\/gretasexylingerie.com\/fi\/wp-json\/wp\/v2\/product_tag?post=45869"}],"curies":[{"name":"wp","href":"https:\/\/api.w.org\/{rel}","templated":true}]}}