{"id":45860,"date":"2023-10-18T21:12:45","date_gmt":"2023-10-18T13:12:45","guid":{"rendered":"https:\/\/gretasexylingerie.com\/?post_type=product&#038;p=45860"},"modified":"2023-10-18T21:14:01","modified_gmt":"2023-10-18T13:14:01","slug":"tukkumyynnissa-poliisipuku-jossa-on-syvat-v-verkkohihat","status":"publish","type":"product","link":"https:\/\/gretasexylingerie.com\/fi\/products\/wholesale-temptation-of-police-suit-with-deep-v-mesh-sleeves\/","title":{"rendered":"Poliisipuvun tukkumyynti, jossa on syv\u00e4t V- ja verkkohihat"},"content":{"rendered":"<ol class=\"wp-block-list\">\n<li>Arvovaltainen vieh\u00e4tys: Policewoman-teema vangitsee arvovaltaisen vieh\u00e4tyksen, joten se on erottuva valinta niille, jotka haluavat ilment\u00e4\u00e4 voimaa ja viettely\u00e4. Suunnittelu varmistaa kest\u00e4v\u00e4n vetovoiman v\u00e4hitt\u00e4ismyyntimallistossasi ja kutsuu kertomuksen hallinnasta ja leikkis\u00e4st\u00e4 tutkimisesta.<\/li>\n\n\n\n<li>Sensual Deep V &amp; Mesh Sleeves: Syv\u00e4 V rintakeh\u00e4 yhdistettyn\u00e4 l\u00e4pin\u00e4kyviin verkkoihin pitkiin hihoihin tarjoaa ainutlaatuisen ja kiehtovan ilmeen. Se on erinomainen valinta j\u00e4lleenmyyjille, jotka haluavat tarjota monipuolisen valikoiman mielikuvituksellisia asuja.<\/li>\n\n\n\n<li>Kattava asustesarja: M\u00e4\u00e4ritt\u00e4v\u00e4st\u00e4 poliisihatusta ja k\u00e4siraudoista tyylikk\u00e4isiin aurinkolaseihin ja hansikkaisiin jokainen t\u00e4m\u00e4n setin lis\u00e4varuste on valittu huolella kohottamaan yleisilmett\u00e4 ja tarjoamaan asiakkaille t\u00e4ydellisen asuel\u00e4myksen.<\/li>\n\n\n\n<li>Monipuolinen kokonaisuus: Lelupistoolin ja verkkosukkahousut lis\u00e4\u00e4v\u00e4t kokonaisuuteen syvyytt\u00e4, erottavat t\u00e4m\u00e4n asun muista ja tarjoavat useita muotoiluvaihtoehtoja.<\/li>\n\n\n\n<li>Tukkumyyntivalmius: T\u00e4m\u00e4 Temptation of Policewoman -univormu on r\u00e4\u00e4t\u00e4l\u00f6ity tukkumyynti\u00e4 varten, ja siit\u00e4 tulee v\u00e4hitt\u00e4ismyyntikokoelmasi myydyin esine. Se on enemm\u00e4n kuin vain puku; se ilment\u00e4\u00e4 fantasiaa ja leikkis\u00e4\u00e4 tutkimista.<\/li>\n<\/ol>\n\n\n\n<p>Laajenna v\u00e4hitt\u00e4ismyyntivalikoimaasi tukkukaupan houkutteleva poliisinaisen univormullamme, joka on t\u00e4ydellinen sekoitus arvovaltaista charmia ja modernia aistillisuutta. Se on ihanteellinen valinta v\u00e4hitt\u00e4iskauppiaille, jotka tarjoavat monipuolisen ja mielikuvituksellisen vaatevalikoiman. Ota yhteytt\u00e4 tukkumyynti\u00e4 koskevissa tiedusteluissa ja tuo ripauksen lakia ja vieh\u00e4tyst\u00e4 valikoimaasi.<\/p>","protected":false},"excerpt":{"rendered":"<p>Pyyd\u00e4 huomiota poliisinaisen univormumme tukkumyynnill\u00e4. T\u00e4ss\u00e4 naisten upseeriasussa on syv\u00e4 V-rintakeh\u00e4 ja l\u00e4pin\u00e4kyv\u00e4t pitk\u00e4t hihat. Yhdess\u00e4 eri lis\u00e4varusteiden kanssa se on erinomainen valinta j\u00e4lleenmyyjille, jotka haluavat tarjota sekoituksen arvovaltaista vieh\u00e4tyst\u00e4 ja modernia aistillisuutta.<\/p>","protected":false},"featured_media":45864,"template":"","meta":[],"product_brand":[],"product_cat":[974],"product_tag":[978],"class_list":{"0":"post-45860","1":"product","2":"type-product","3":"status-publish","4":"has-post-thumbnail","6":"product_cat-wholesale-sexy-costumes","7":"product_tag-policewoman-costume","8":"pa_color-sea-green-women-sexy-lingerie","9":"pa_size-free","11":"first","12":"instock","13":"taxable","14":"shipping-taxable","15":"purchasable","16":"product-type-variable"},"tiered_pricing_type":"fixed","tiered_pricing_fixed_rules":[],"tiered_pricing_product_settings":{"layout":"default","base_unit_name":{"singular":null,"plural":null},"default_variation":{}},"tiered_pricing_minimum_quantity":null,"tiered_pricing_roles_data":[],"tiered_pricing_percentage_rules":[],"tiered_pricing_maximum_quantity":null,"tiered_pricing_quantity_step":null,"_links":{"self":[{"href":"https:\/\/gretasexylingerie.com\/fi\/wp-json\/wp\/v2\/product\/45860","targetHints":{"allow":["GET"]}}],"collection":[{"href":"https:\/\/gretasexylingerie.com\/fi\/wp-json\/wp\/v2\/product"}],"about":[{"href":"https:\/\/gretasexylingerie.com\/fi\/wp-json\/wp\/v2\/types\/product"}],"wp:featuredmedia":[{"embeddable":true,"href":"https:\/\/gretasexylingerie.com\/fi\/wp-json\/wp\/v2\/media\/45864"}],"wp:attachment":[{"href":"https:\/\/gretasexylingerie.com\/fi\/wp-json\/wp\/v2\/media?parent=45860"}],"wp:term":[{"taxonomy":"product_brand","embeddable":true,"href":"https:\/\/gretasexylingerie.com\/fi\/wp-json\/wp\/v2\/product_brand?post=45860"},{"taxonomy":"product_cat","embeddable":true,"href":"https:\/\/gretasexylingerie.com\/fi\/wp-json\/wp\/v2\/product_cat?post=45860"},{"taxonomy":"product_tag","embeddable":true,"href":"https:\/\/gretasexylingerie.com\/fi\/wp-json\/wp\/v2\/product_tag?post=45860"}],"curies":[{"name":"wp","href":"https:\/\/api.w.org\/{rel}","templated":true}]}}