{"id":45841,"date":"2023-10-18T00:35:59","date_gmt":"2023-10-17T16:35:59","guid":{"rendered":"https:\/\/gretasexylingerie.com\/?post_type=product&#038;p=45841"},"modified":"2023-10-18T00:37:10","modified_gmt":"2023-10-17T16:37:10","slug":"tukku-seksikas-poliisinaisen-halloween-body-varustesarjalla","status":"publish","type":"product","link":"https:\/\/gretasexylingerie.com\/fi\/products\/wholesale-sexy-policewoman-halloween-bodysuit-with-accessory-set\/","title":{"rendered":"Tukku Seksik\u00e4s poliisinainen Halloween-bodi lis\u00e4varustesarjalla"},"content":{"rendered":"<ol class=\"wp-block-list\">\n<li>Arvovaltainen vieh\u00e4tys: Sexy Policewoman -teema vangitsee arvovaltaisen vieh\u00e4tyksen, mik\u00e4 tekee siit\u00e4 erottuvan vaihtoehdon huomiota hakeville. Suunnittelu varmistaa kest\u00e4v\u00e4n vetovoiman v\u00e4hitt\u00e4ismyyntimallistossasi ja kutsuu kertomaan voimasta ja leikkis\u00e4st\u00e4 tutkimisesta.<\/li>\n\n\n\n<li>Yksityiskohtainen Bodysuit Design: Pitk\u00e4hihainen body, jossa on syv\u00e4 V-vetoketju, tarjoaa ainutlaatuisen ja kiehtovan ilmeen. Se on erinomainen valinta j\u00e4lleenmyyjille, jotka haluavat tarjota monipuolisen valikoiman mielikuvituksellisia asuja.<\/li>\n\n\n\n<li>Kattava asustesetti: M\u00e4\u00e4ritt\u00e4v\u00e4st\u00e4 poliisihatusta ja k\u00e4siraudoista tyylikk\u00e4isiin aurinkolaseihin ja verkkosukkiin, jokainen t\u00e4m\u00e4n setin lis\u00e4varuste on valittu huolella kohottamaan yleisilmett\u00e4 ja tarjoamaan asiakkaille t\u00e4ydellisen asuel\u00e4myksen.<\/li>\n\n\n\n<li>Monipuolinen kokonaisuus: Vy\u00f6lenkit lis\u00e4\u00e4v\u00e4t kokonaisuuteen ripauksen monipuolisuutta erottaen t\u00e4m\u00e4n asun muista ja tarjoavat useita muotoiluvaihtoehtoja.<\/li>\n\n\n\n<li>Tukkumyyntivalmis: T\u00e4m\u00e4 seksik\u00e4s poliisinaisen univormu on r\u00e4\u00e4t\u00e4l\u00f6ity tukkumyynti\u00e4 varten, ja siit\u00e4 tulee v\u00e4hitt\u00e4ismyyntikokoelmasi myydyin esine. Se on enemm\u00e4n kuin vain puku; se ilment\u00e4\u00e4 fantasiaa ja leikkis\u00e4\u00e4 tutkimista.<\/li>\n<\/ol>\n\n\n\n<p>Laajenna v\u00e4hitt\u00e4ismyyntivalikoimaasi tukkukaupan seksik\u00e4s poliisinaisen univormullamme, joka on t\u00e4ydellinen sekoitus arvovaltaista charmia ja modernia aistillisuutta. Se on ihanteellinen valinta v\u00e4hitt\u00e4iskauppiaille, jotka tarjoavat monipuolisen ja mielikuvituksellisen vaatevalikoiman. Ota yhteytt\u00e4 tukkumyynti\u00e4 varten ja tuo ripauksen lakia ja vieh\u00e4tyst\u00e4 valikoimaasi t\u00e4n\u00e4 Halloweenina.<\/p>","protected":false},"excerpt":{"rendered":"<p>Tee houkuttelevaksi tukkumyyntimme seksikk\u00e4\u00e4ll\u00e4 poliisinaisen univormulla Halloween-juhliin. T\u00e4m\u00e4 pitk\u00e4hihainen, syv\u00e4 V-vetoketjullinen body-kokonaisuus sis\u00e4lt\u00e4\u00e4 erilaisia tarvikkeita poliisihatusta k\u00e4siraudoihin. Ensiluokkainen valikoima j\u00e4lleenmyyjille, jotka haluavat tarjota sekoituksen arvovaltaista charmia ja nykyaikaista aistillisuutta.<\/p>","protected":false},"featured_media":45846,"template":"","meta":[],"product_brand":[],"product_cat":[974],"product_tag":[978],"class_list":{"0":"post-45841","1":"product","2":"type-product","3":"status-publish","4":"has-post-thumbnail","6":"product_cat-wholesale-sexy-costumes","7":"product_tag-policewoman-costume","8":"pa_color-black","9":"pa_size-free","11":"first","12":"instock","13":"taxable","14":"shipping-taxable","15":"purchasable","16":"product-type-variable"},"tiered_pricing_type":"fixed","tiered_pricing_fixed_rules":[],"tiered_pricing_product_settings":{"layout":"default","base_unit_name":{"singular":null,"plural":null},"default_variation":{}},"tiered_pricing_minimum_quantity":null,"tiered_pricing_roles_data":[],"tiered_pricing_percentage_rules":[],"tiered_pricing_maximum_quantity":null,"tiered_pricing_quantity_step":null,"_links":{"self":[{"href":"https:\/\/gretasexylingerie.com\/fi\/wp-json\/wp\/v2\/product\/45841","targetHints":{"allow":["GET"]}}],"collection":[{"href":"https:\/\/gretasexylingerie.com\/fi\/wp-json\/wp\/v2\/product"}],"about":[{"href":"https:\/\/gretasexylingerie.com\/fi\/wp-json\/wp\/v2\/types\/product"}],"wp:featuredmedia":[{"embeddable":true,"href":"https:\/\/gretasexylingerie.com\/fi\/wp-json\/wp\/v2\/media\/45846"}],"wp:attachment":[{"href":"https:\/\/gretasexylingerie.com\/fi\/wp-json\/wp\/v2\/media?parent=45841"}],"wp:term":[{"taxonomy":"product_brand","embeddable":true,"href":"https:\/\/gretasexylingerie.com\/fi\/wp-json\/wp\/v2\/product_brand?post=45841"},{"taxonomy":"product_cat","embeddable":true,"href":"https:\/\/gretasexylingerie.com\/fi\/wp-json\/wp\/v2\/product_cat?post=45841"},{"taxonomy":"product_tag","embeddable":true,"href":"https:\/\/gretasexylingerie.com\/fi\/wp-json\/wp\/v2\/product_tag?post=45841"}],"curies":[{"name":"wp","href":"https:\/\/api.w.org\/{rel}","templated":true}]}}