{"id":45826,"date":"2023-10-18T00:16:08","date_gmt":"2023-10-17T16:16:08","guid":{"rendered":"https:\/\/gretasexylingerie.com\/?post_type=product&#038;p=45826"},"modified":"2023-11-14T20:52:11","modified_gmt":"2023-11-14T12:52:11","slug":"tukku-seksikas-sairaanhoitajaasu-halloweeniin-taydellisella-lisavarustesarjalla","status":"publish","type":"product","link":"https:\/\/gretasexylingerie.com\/fi\/products\/wholesale-sexy-nurse-costume-for-halloween-with-complete-accessory-set\/","title":{"rendered":"Tukkukaupan seksik\u00e4s sairaanhoitajaasu Halloweeniin t\u00e4ydellisell\u00e4 tarvikesarjalla"},"content":{"rendered":"<ol class=\"wp-block-list\">\n<li>L\u00e4\u00e4ketieteellinen vieh\u00e4tys kierteell\u00e4: Sexy Nurse -teema vangitsee l\u00e4\u00e4ketieteellisen vieh\u00e4tyksen aistillisella k\u00e4\u00e4nteell\u00e4, mik\u00e4 tekee siit\u00e4 valloittavan valinnan Halloween-harrastajille. Kaksiv\u00e4riset vaihtoehdot takaavat monipuolisuuden ja kest\u00e4v\u00e4n vetovoiman v\u00e4hitt\u00e4ismyyntimallistossasi.<\/li>\n\n\n\n<li>Kattava lis\u00e4varustesarja: M\u00e4\u00e4ritt\u00e4v\u00e4st\u00e4 p\u00e4\u00e4pantasta ja kuulokkeesta vietteleviin verkkosukkiin ja hansikkaisiin jokainen t\u00e4m\u00e4n setin lis\u00e4varuste on valittu huolella kohottamaan yleisilmett\u00e4 ja tarjoamaan asiakkaille t\u00e4ydellisen asukokemuksen.<\/li>\n\n\n\n<li>Monipuoliset v\u00e4rivaihtoehdot: Asiakkaat voivat valita haluamansa tyylin sek\u00e4 mustalla ett\u00e4 valkoisella, mik\u00e4 varmistaa laajemman vetovoiman ja lis\u00e4\u00e4 v\u00e4hitt\u00e4ismyyntipotentiaalia.<\/li>\n\n\n\n<li>Yksityiskohtainen kokonaisuus: Sis\u00e4lt\u00e4\u00e4 sukkanauhat, hihnat ja vy\u00f6n, jotka lis\u00e4\u00e4v\u00e4t kokonaisuuteen syvyytt\u00e4, erottavat t\u00e4m\u00e4n asun muista ja tarjoavat useita muotoiluvaihtoehtoja.<\/li>\n\n\n\n<li>Tukkumyyntivalmius: T\u00e4m\u00e4 seksik\u00e4s sairaanhoitajaasu on r\u00e4\u00e4t\u00e4l\u00f6ity tukkumyynti\u00e4 varten, jotta siit\u00e4 tulee v\u00e4hitt\u00e4ismyyntikokoelmasi myydyin esine. Se on enemm\u00e4n kuin vain puku; se ilment\u00e4\u00e4 fantasiaa ja leikkis\u00e4\u00e4 tutkimista.<\/li>\n<\/ol>\n\n\n\n<p>Laajenna v\u00e4hitt\u00e4ismyyntikokoelmaasi tukkukaupan seksikk\u00e4ill\u00e4 sairaanhoitajaasuillamme, joka on t\u00e4ydellinen sekoitus l\u00e4\u00e4ketieteellist\u00e4 charmia ja modernia aistillisuutta. Se on ihanteellinen valinta v\u00e4hitt\u00e4iskauppiaille, jotka tarjoavat monipuolisen ja mielikuvituksellisen vaatevalikoiman. Ota meihin yhteytt\u00e4 tukkumyynti\u00e4 varten ja lis\u00e4\u00e4 valikoimaasi houkutteleva annos t\u00e4n\u00e4 Halloweenina.<\/p>\n\n\n\n<figure class=\"wp-block-embed is-type-video is-provider-youtube wp-block-embed-youtube wp-embed-aspect-4-3 wp-has-aspect-ratio\"><div class=\"wp-block-embed__wrapper\">\n<div class=\"video-container\"><iframe title=\"Tukkukaupan seksik\u00e4s sairaanhoitajaasu Halloweeniin t\u00e4ydellisell\u00e4 tarvikesarjalla\" width=\"1170\" height=\"878\" src=\"https:\/\/www.youtube.com\/embed\/-IC-flWHxrg?feature=oembed\" frameborder=\"0\" allow=\"accelerometer; autoplay; clipboard-write; encrypted-media; gyroscope; picture-in-picture; web-share\" allowfullscreen><\/iframe><\/div>\n<\/div><\/figure>","protected":false},"excerpt":{"rendered":"<p>Her\u00e4t\u00e4 vieh\u00e4tys henkiin tukkumyynnill\u00e4mme olevalla seksikk\u00e4\u00e4ll\u00e4 sairaanhoitajaasullamme Halloweeniin. Saatavana sek\u00e4 mustana ett\u00e4 valkoisena, t\u00e4m\u00e4 kokonaisuus sis\u00e4lt\u00e4\u00e4 hip-hameen, rintaliivit ja joukon asusteita. Ensiluokkainen valikoima j\u00e4lleenmyyjille, jotka haluavat tarjota sekoituksen l\u00e4\u00e4ketieteellist\u00e4 charmia ja nykyaikaista aistillisuutta.<\/p>\n<p><iframe width=\"840\" height=\"630\" src=\"https:\/\/www.youtube.com\/embed\/-IC-flWHxrg\" title=\"Tukkukaupan seksik\u00e4s sairaanhoitajaasu Halloweeniin t\u00e4ydellisell\u00e4 tarvikesarjalla\" frameborder=\"0\" allow=\"accelerometer; autoplay; clipboard-write; encrypted-media; gyroscope; picture-in-picture; web-share\" allowfullscreen><\/iframe><\/p>","protected":false},"featured_media":45837,"template":"","meta":[],"product_brand":[],"product_cat":[974],"product_tag":[984,989],"class_list":{"0":"post-45826","1":"product","2":"type-product","3":"status-publish","4":"has-post-thumbnail","6":"product_cat-wholesale-sexy-costumes","7":"product_tag-halloween-costumes","8":"product_tag-nurse-costume","9":"pa_color-black","10":"pa_color-white","11":"pa_size-free","13":"first","14":"instock","15":"taxable","16":"shipping-taxable","17":"purchasable","18":"product-type-variable"},"tiered_pricing_type":"fixed","tiered_pricing_fixed_rules":[],"tiered_pricing_product_settings":{"layout":"default","base_unit_name":{"singular":null,"plural":null},"default_variation":{}},"tiered_pricing_minimum_quantity":null,"tiered_pricing_roles_data":[],"tiered_pricing_percentage_rules":[],"tiered_pricing_maximum_quantity":null,"tiered_pricing_quantity_step":null,"_links":{"self":[{"href":"https:\/\/gretasexylingerie.com\/fi\/wp-json\/wp\/v2\/product\/45826","targetHints":{"allow":["GET"]}}],"collection":[{"href":"https:\/\/gretasexylingerie.com\/fi\/wp-json\/wp\/v2\/product"}],"about":[{"href":"https:\/\/gretasexylingerie.com\/fi\/wp-json\/wp\/v2\/types\/product"}],"wp:featuredmedia":[{"embeddable":true,"href":"https:\/\/gretasexylingerie.com\/fi\/wp-json\/wp\/v2\/media\/45837"}],"wp:attachment":[{"href":"https:\/\/gretasexylingerie.com\/fi\/wp-json\/wp\/v2\/media?parent=45826"}],"wp:term":[{"taxonomy":"product_brand","embeddable":true,"href":"https:\/\/gretasexylingerie.com\/fi\/wp-json\/wp\/v2\/product_brand?post=45826"},{"taxonomy":"product_cat","embeddable":true,"href":"https:\/\/gretasexylingerie.com\/fi\/wp-json\/wp\/v2\/product_cat?post=45826"},{"taxonomy":"product_tag","embeddable":true,"href":"https:\/\/gretasexylingerie.com\/fi\/wp-json\/wp\/v2\/product_tag?post=45826"}],"curies":[{"name":"wp","href":"https:\/\/api.w.org\/{rel}","templated":true}]}}