{"id":45816,"date":"2023-10-17T23:57:27","date_gmt":"2023-10-17T15:57:27","guid":{"rendered":"https:\/\/gretasexylingerie.com\/?post_type=product&#038;p=45816"},"modified":"2023-10-17T23:59:19","modified_gmt":"2023-10-17T15:59:19","slug":"tukku-halloween-cos-univormut-lapinakyva-bra-ensemble","status":"publish","type":"product","link":"https:\/\/gretasexylingerie.com\/fi\/products\/wholesale-halloween-cos-uniform-with-see-through-bra-ensemble\/","title":{"rendered":"Tukkumyynti Halloween Cos -univormulla, jossa on l\u00e4pin\u00e4kyv\u00e4 rintaliivit"},"content":{"rendered":"<ol class=\"wp-block-list\">\n<li>Mysterious Charm: Halloween Cos -teema vangitsee salaper\u00e4isen vieh\u00e4tyksen, joten se on erottuva valinta niille, jotka haluavat omaksua Halloweenin hengen. Muotoilu takaa kest\u00e4v\u00e4n vetovoiman v\u00e4hitt\u00e4ismyyntimallistossasi ja kutsuu mukaan juonittelun ja leikkis\u00e4n tutkimisen.<\/li>\n\n\n\n<li>Sensual l\u00e4pin\u00e4kyv\u00e4t rintaliivit: L\u00e4pin\u00e4kyv\u00e4t rintaliivit lis\u00e4\u00e4v\u00e4t ripauksen aistillisuutta ja tarjoavat ainutlaatuisen ja kiehtovan ilmeen. Se on erinomainen valinta j\u00e4lleenmyyjille, jotka haluavat tarjota monipuolisen valikoiman mielikuvituksellisia asuja.<\/li>\n\n\n\n<li>T\u00e4ydellinen kokonaisuus: T\u00e4m\u00e4n setin jokainen kappale on suunniteltu huolellisesti t\u00e4ydent\u00e4m\u00e4\u00e4n kokonaisulkoasua verkkosukista m\u00e4\u00e4rittyv\u00e4\u00e4n nahkapiiskaan. Kokonaisuus varmistaa, ett\u00e4 asiakkailla on kaikki mit\u00e4 he tarvitsevat t\u00e4ydelliseen Halloween-ilmeen.<\/li>\n\n\n\n<li>Monipuoliset asusteet: Punaiset sukkanauhat ja nahkapiiska tuovat kokonaisuuteen ripauksen s\u00e4vyisyytt\u00e4, erottelemalla t\u00e4m\u00e4n asun muista ja tarjoamalla useita muotoiluvaihtoehtoja.<\/li>\n\n\n\n<li>Tukkumyyntivalmius: T\u00e4m\u00e4 Halloween Cos -univormu keskittyy tukkumyyntiin, joten siit\u00e4 tulee kuuma myyntituote v\u00e4hitt\u00e4ismyyntikokoelmassasi. Se on enemm\u00e4n kuin vain puku; se on kutsu fantasiamaailmaan ja leikkis\u00e4\u00e4n tutkimiseen.<\/li>\n<\/ol>\n\n\n\n<p>Laajenna v\u00e4hitt\u00e4ismyyntivalikoimaasi Wholesale Halloween Cos Uniformillamme, joka on t\u00e4ydellinen sekoitus salaper\u00e4ist\u00e4 charmia ja modernia eleganssia. Se on ihanteellinen valinta v\u00e4hitt\u00e4iskauppiaille, jotka tarjoavat monipuolisen ja mielikuvituksellisen vaatevalikoiman. Ota yhteytt\u00e4 tukkumyynti\u00e4 varten ja lis\u00e4\u00e4 ripauksen arvoituksellista eleganssia valikoimaasi t\u00e4n\u00e4 Halloweenina.<\/p>","protected":false},"excerpt":{"rendered":"<p>Astu houkuttelevaan valtakuntaan Halloween Cos Uniform -tukkukaupan avulla. T\u00e4t\u00e4 kokonaisuutta, jossa on l\u00e4pin\u00e4kyv\u00e4t rintaliivit, t\u00e4ydent\u00e4v\u00e4t toppi, hame, T-housut, verkkosukat, punaiset sukkanauhat ja nahkapiiska. Ensiluokkainen valikoima j\u00e4lleenmyyjille, jotka haluavat tarjota sekoituksen salaper\u00e4ist\u00e4 charmia ja nykyaikaista aistillisuutta.<\/p>","protected":false},"featured_media":45821,"template":"","meta":[],"product_brand":[],"product_cat":[974],"product_tag":[984],"class_list":{"0":"post-45816","1":"product","2":"type-product","3":"status-publish","4":"has-post-thumbnail","6":"product_cat-wholesale-sexy-costumes","7":"product_tag-halloween-costumes","8":"pa_color-red-women-sexy-lingerie","9":"pa_size-free","11":"first","12":"instock","13":"taxable","14":"shipping-taxable","15":"purchasable","16":"product-type-variable"},"tiered_pricing_type":"fixed","tiered_pricing_fixed_rules":[],"tiered_pricing_product_settings":{"layout":"default","base_unit_name":{"singular":null,"plural":null},"default_variation":{}},"tiered_pricing_minimum_quantity":null,"tiered_pricing_roles_data":[],"tiered_pricing_percentage_rules":[],"tiered_pricing_maximum_quantity":null,"tiered_pricing_quantity_step":null,"_links":{"self":[{"href":"https:\/\/gretasexylingerie.com\/fi\/wp-json\/wp\/v2\/product\/45816","targetHints":{"allow":["GET"]}}],"collection":[{"href":"https:\/\/gretasexylingerie.com\/fi\/wp-json\/wp\/v2\/product"}],"about":[{"href":"https:\/\/gretasexylingerie.com\/fi\/wp-json\/wp\/v2\/types\/product"}],"wp:featuredmedia":[{"embeddable":true,"href":"https:\/\/gretasexylingerie.com\/fi\/wp-json\/wp\/v2\/media\/45821"}],"wp:attachment":[{"href":"https:\/\/gretasexylingerie.com\/fi\/wp-json\/wp\/v2\/media?parent=45816"}],"wp:term":[{"taxonomy":"product_brand","embeddable":true,"href":"https:\/\/gretasexylingerie.com\/fi\/wp-json\/wp\/v2\/product_brand?post=45816"},{"taxonomy":"product_cat","embeddable":true,"href":"https:\/\/gretasexylingerie.com\/fi\/wp-json\/wp\/v2\/product_cat?post=45816"},{"taxonomy":"product_tag","embeddable":true,"href":"https:\/\/gretasexylingerie.com\/fi\/wp-json\/wp\/v2\/product_tag?post=45816"}],"curies":[{"name":"wp","href":"https:\/\/api.w.org\/{rel}","templated":true}]}}