{"id":45778,"date":"2023-10-17T22:30:36","date_gmt":"2023-10-17T14:30:36","guid":{"rendered":"https:\/\/gretasexylingerie.com\/?post_type=product&#038;p=45778"},"modified":"2023-10-17T22:39:02","modified_gmt":"2023-10-17T14:39:02","slug":"tukkumyynti-naamiointi-sotilasohjaajan-asu-syvalla-v-kalaverkolla","status":"publish","type":"product","link":"https:\/\/gretasexylingerie.com\/fi\/products\/wholesale-camouflage-military-instructor-outfit-with-deep-v-fishnet\/","title":{"rendered":"Tukkukaupan naamiointi sotilasohjaajan asu Deep V -kalaverkolla"},"content":{"rendered":"<ol class=\"wp-block-list\">\n<li>Arvovaltainen naamiointiteema: Naamiointiteema vangitsee arvovaltaisen vieh\u00e4tyksen, mik\u00e4 tekee siit\u00e4 erottuvan valinnan niille, jotka haluavat antaa lausunnon. Suunnittelu varmistaa kest\u00e4v\u00e4n vetovoiman v\u00e4hitt\u00e4ismyyntimallistossasi ja kutsuu kertomaan voimasta ja leikkis\u00e4st\u00e4 tutkimisesta.<\/li>\n\n\n\n<li>Sensual verkkoperspektiivi: Verkkoperspektiivi ei vain lis\u00e4\u00e4 modernia reunaa, vaan tarjoaa my\u00f6s mairittelevan siluetin, mik\u00e4 tekee siit\u00e4 toivottavan valinnan monille asiakkaille. Se on erinomainen valinta j\u00e4lleenmyyjille, jotka haluavat tarjota monipuolisen valikoiman mielikuvituksellisia asuja.<\/li>\n\n\n\n<li>T\u00e4ydellinen kokonaisuus: Jokainen t\u00e4m\u00e4n setin pala on suunniteltu huolellisesti t\u00e4ydent\u00e4m\u00e4\u00e4n yleist\u00e4 ilmett\u00e4 hallitsevasta hatusta m\u00e4\u00e4rittelev\u00e4\u00e4n vy\u00f6h\u00f6n. Kokonaisuus varmistaa, ett\u00e4 asiakkailla on kaikki mit\u00e4 he tarvitsevat t\u00e4ydelliseen, arvovaltaiseen ilmeeseen.<\/li>\n\n\n\n<li>Deep V Design: Syv\u00e4 V-muotoilu her\u00e4tt\u00e4\u00e4 modernin eleganssin tunteen s\u00e4ilytt\u00e4en samalla seksikk\u00e4\u00e4n vieh\u00e4tyksen. T\u00e4m\u00e4 ainutlaatuinen ominaisuus erottaa t\u00e4m\u00e4n univormun muista, mik\u00e4 tekee siit\u00e4 upean lis\u00e4yksen v\u00e4hitt\u00e4ismyyntikokoelmaasi.<\/li>\n\n\n\n<li>Tukkumyyntivalmius: T\u00e4m\u00e4 naamiointinaamioinen naispoliisin univormu keskittyy tukkumyyntiin, joten siit\u00e4 tulee kuuma myyntituote v\u00e4hitt\u00e4ismyyntikokoelmassasi. Se on enemm\u00e4n kuin vain puku; se on kutsu fantasiamaailmaan ja leikkis\u00e4\u00e4n tutkimiseen.<\/li>\n<\/ol>\n\n\n\n<p>Laajenna v\u00e4hitt\u00e4ismyyntivalikoimaasi tukkukaupan naamiointiasullamme, joka on t\u00e4ydellinen sekoitus arvovaltaista charmia ja modernia eleganssia. Se on ihanteellinen valinta v\u00e4hitt\u00e4iskauppiaille, jotka tarjoavat monipuolisen ja mielikuvituksellisen vaatevalikoiman. Ota yhteytt\u00e4 tukkumyynti\u00e4 koskevissa tiedusteluissa ja lis\u00e4\u00e4 ripauksen hallitsevaa eleganssia valikoimaasi jo t\u00e4n\u00e4\u00e4n.<\/p>","protected":false},"excerpt":{"rendered":"<p>Astu komennon hallintaan tukkumyynniss\u00e4 olevalla naamiointiasullamme. Suunniteltu nykyaikaiselle sotilasohjaajalle, t\u00e4t\u00e4 syv\u00e4\u00e4 V, verkkoperspektiivist\u00e4 bodya t\u00e4ydent\u00e4v\u00e4t hattu ja vy\u00f6. Ensiluokkainen valikoima j\u00e4lleenmyyjille, jotka haluavat tarjota sekoituksen arvovaltaista vieh\u00e4tyst\u00e4 ja nykyaikaista eleganssia.<\/p>","protected":false},"featured_media":45786,"template":"","meta":[],"product_brand":[],"product_cat":[370,974,367,373],"product_tag":[978],"class_list":{"0":"post-45778","1":"product","2":"type-product","3":"status-publish","4":"has-post-thumbnail","6":"product_cat-bodysuit","7":"product_cat-wholesale-sexy-costumes","8":"product_cat-sexy-lingerie","9":"product_cat-wholesale-sexy-mesh-bodysuit","10":"product_tag-policewoman-costume","11":"pa_color-black","12":"pa_size-free","14":"first","15":"instock","16":"taxable","17":"shipping-taxable","18":"purchasable","19":"product-type-variable"},"tiered_pricing_type":"fixed","tiered_pricing_fixed_rules":[],"tiered_pricing_product_settings":{"layout":"default","base_unit_name":{"singular":null,"plural":null},"default_variation":{}},"tiered_pricing_minimum_quantity":null,"tiered_pricing_roles_data":[],"tiered_pricing_percentage_rules":[],"tiered_pricing_maximum_quantity":null,"tiered_pricing_quantity_step":null,"_links":{"self":[{"href":"https:\/\/gretasexylingerie.com\/fi\/wp-json\/wp\/v2\/product\/45778","targetHints":{"allow":["GET"]}}],"collection":[{"href":"https:\/\/gretasexylingerie.com\/fi\/wp-json\/wp\/v2\/product"}],"about":[{"href":"https:\/\/gretasexylingerie.com\/fi\/wp-json\/wp\/v2\/types\/product"}],"wp:featuredmedia":[{"embeddable":true,"href":"https:\/\/gretasexylingerie.com\/fi\/wp-json\/wp\/v2\/media\/45786"}],"wp:attachment":[{"href":"https:\/\/gretasexylingerie.com\/fi\/wp-json\/wp\/v2\/media?parent=45778"}],"wp:term":[{"taxonomy":"product_brand","embeddable":true,"href":"https:\/\/gretasexylingerie.com\/fi\/wp-json\/wp\/v2\/product_brand?post=45778"},{"taxonomy":"product_cat","embeddable":true,"href":"https:\/\/gretasexylingerie.com\/fi\/wp-json\/wp\/v2\/product_cat?post=45778"},{"taxonomy":"product_tag","embeddable":true,"href":"https:\/\/gretasexylingerie.com\/fi\/wp-json\/wp\/v2\/product_tag?post=45778"}],"curies":[{"name":"wp","href":"https:\/\/api.w.org\/{rel}","templated":true}]}}