{"id":45743,"date":"2023-10-17T00:41:03","date_gmt":"2023-10-16T16:41:03","guid":{"rendered":"https:\/\/gretasexylingerie.com\/?post_type=product&#038;p=45743"},"modified":"2023-10-17T00:42:12","modified_gmt":"2023-10-16T16:42:12","slug":"seksikas-poliisinaisen-tukkuasu-keinonahkasarjalla","status":"publish","type":"product","link":"https:\/\/gretasexylingerie.com\/fi\/products\/wholesale-sexy-policewoman-costume-with-imitation-leather-set\/","title":{"rendered":"Seksik\u00e4s poliisinaisen tukkuasu keinonahkasarjalla"},"content":{"rendered":"<ol class=\"wp-block-list\">\n<li>Arvovaltainen vieh\u00e4tys: Policewoman-teema vangitsee arvovaltaisen vieh\u00e4tyksen, joten se on erottuva valinta niille, jotka haluavat antaa lausunnon. Suunnittelu varmistaa kest\u00e4v\u00e4n vetovoiman v\u00e4hitt\u00e4ismyyntimallistossasi ja kutsuu kertomaan voimasta ja leikkis\u00e4st\u00e4 tutkimisesta.<\/li>\n\n\n\n<li>Ylellinen keinonahka: Keinonahkamateriaali lis\u00e4\u00e4 ripauksen ylellisyytt\u00e4 ja tarjoaa imartelevan siluetin, mik\u00e4 tekee siit\u00e4 halutun valinnan laajalle asiakasjoukolle. Se on erinomainen valinta j\u00e4lleenmyyjille, jotka haluavat tarjota monipuolisen valikoiman mielikuvituksellisia asuja.<\/li>\n\n\n\n<li>T\u00e4ydellinen kokonaisuus: Jokainen t\u00e4m\u00e4n setin pala on suunniteltu huolellisesti t\u00e4ydent\u00e4m\u00e4\u00e4n yleisilmett\u00e4 hatusta k\u00e4sineisiin. Se on erottuva ominaisuus, joka varmistaa, ett\u00e4 asiakkailla on kaikki mit\u00e4 he tarvitsevat t\u00e4ydelliseen ulkoasuun.<\/li>\n\n\n\n<li>Nightclub Performance Ready: T\u00e4m\u00e4 seksik\u00e4s poliisinaisen asu, joka on suunniteltu erityisesti y\u00f6kerhoesityksiin, kutsuu loppukuluttajat syventym\u00e4\u00e4n fantasioihinsa. Se on erinomainen valinta v\u00e4hitt\u00e4iskauppiaille, jotka haluavat tarjota monipuolisia, mielikuvituksellisia asuja y\u00f6el\u00e4m\u00e4\u00e4n.<\/li>\n\n\n\n<li>Tukkumyyntivalmius: T\u00e4m\u00e4 seksik\u00e4s poliisinaisen puku keskittyy tukkumyyntiin ja on valmis tulemaan myydyksi esineeksi v\u00e4hitt\u00e4ismyyntikokoelmassasi. Se on enemm\u00e4n kuin vain puku; se on kutsu fantasiamaailmaan ja leikkis\u00e4\u00e4n tutkimiseen.<\/li>\n<\/ol>\n\n\n\n<p>Laajenna v\u00e4hitt\u00e4ismyyntikokoelmaasi tukkukaupan seksik\u00e4s poliisinaisen asullamme, joka on t\u00e4ydellinen sekoitus arvovaltaista charmia ja modernia eleganssia. Se on ihanteellinen valinta v\u00e4hitt\u00e4iskauppiaille, jotka tarjoavat monipuolisen ja mielikuvituksellisen vaatevalikoiman. Ota yhteytt\u00e4 tukkumyynti\u00e4 koskevissa tiedusteluissa ja lis\u00e4\u00e4 ripauksen hallitsevaa eleganssia valikoimaasi jo t\u00e4n\u00e4\u00e4n.<\/p>","protected":false},"excerpt":{"rendered":"<p>Pyyd\u00e4 huomiota seksikk\u00e4ill\u00e4 poliisinaisten tukkuasuillamme. T\u00e4m\u00e4 keinonahasta valmistettu t\u00e4ydellinen setti sis\u00e4lt\u00e4\u00e4 hatun, kaularenkaan, hanskat, hameen ja topin, joten se on t\u00e4ydellinen kokonaisuus y\u00f6kerhoesityksiin. Ensiluokkainen valikoima j\u00e4lleenmyyjille, jotka haluavat tarjota sekoituksen arvovaltaista vieh\u00e4tyst\u00e4 ja nykyaikaista eleganssia.<\/p>","protected":false},"featured_media":45751,"template":"","meta":[],"product_brand":[],"product_cat":[974],"product_tag":[978],"class_list":{"0":"post-45743","1":"product","2":"type-product","3":"status-publish","4":"has-post-thumbnail","6":"product_cat-wholesale-sexy-costumes","7":"product_tag-policewoman-costume","8":"pa_color-black","9":"pa_size-free","11":"first","12":"instock","13":"taxable","14":"shipping-taxable","15":"purchasable","16":"product-type-variable"},"tiered_pricing_type":"fixed","tiered_pricing_fixed_rules":[],"tiered_pricing_product_settings":{"layout":"default","base_unit_name":{"singular":null,"plural":null},"default_variation":{}},"tiered_pricing_minimum_quantity":null,"tiered_pricing_roles_data":[],"tiered_pricing_percentage_rules":[],"tiered_pricing_maximum_quantity":null,"tiered_pricing_quantity_step":null,"_links":{"self":[{"href":"https:\/\/gretasexylingerie.com\/fi\/wp-json\/wp\/v2\/product\/45743","targetHints":{"allow":["GET"]}}],"collection":[{"href":"https:\/\/gretasexylingerie.com\/fi\/wp-json\/wp\/v2\/product"}],"about":[{"href":"https:\/\/gretasexylingerie.com\/fi\/wp-json\/wp\/v2\/types\/product"}],"wp:featuredmedia":[{"embeddable":true,"href":"https:\/\/gretasexylingerie.com\/fi\/wp-json\/wp\/v2\/media\/45751"}],"wp:attachment":[{"href":"https:\/\/gretasexylingerie.com\/fi\/wp-json\/wp\/v2\/media?parent=45743"}],"wp:term":[{"taxonomy":"product_brand","embeddable":true,"href":"https:\/\/gretasexylingerie.com\/fi\/wp-json\/wp\/v2\/product_brand?post=45743"},{"taxonomy":"product_cat","embeddable":true,"href":"https:\/\/gretasexylingerie.com\/fi\/wp-json\/wp\/v2\/product_cat?post=45743"},{"taxonomy":"product_tag","embeddable":true,"href":"https:\/\/gretasexylingerie.com\/fi\/wp-json\/wp\/v2\/product_tag?post=45743"}],"curies":[{"name":"wp","href":"https:\/\/api.w.org\/{rel}","templated":true}]}}