{"id":45734,"date":"2023-10-17T00:09:39","date_gmt":"2023-10-16T16:09:39","guid":{"rendered":"https:\/\/gretasexylingerie.com\/?post_type=product&#038;p=45734"},"modified":"2023-10-17T00:17:08","modified_gmt":"2023-10-16T16:17:08","slug":"tukku-seksikas-musta-verkkobody-jossa-punainen-sidontatyyli","status":"publish","type":"product","link":"https:\/\/gretasexylingerie.com\/fi\/products\/wholesale-sexy-black-mesh-bodysuit-with-red-binding-style\/","title":{"rendered":"Tukku Seksik\u00e4s musta verkkopuku punaisella sidontatyylill\u00e4"},"content":{"rendered":"<ol class=\"wp-block-list\">\n<li>Mysterious Charm: Sidontatyyli vangitsee salaper\u00e4isen vieh\u00e4tyksen, joten se on kiehtova valinta niille, jotka etsiv\u00e4t \u00e4rtyis\u00e4\u00e4 lookia. Suunnittelu takaa kest\u00e4v\u00e4n vetovoiman v\u00e4hitt\u00e4ismyyntimallistossasi ja kutsuu kertomaan mysteerist\u00e4 ja leikkis\u00e4st\u00e4 tutkimisesta.<\/li>\n\n\n\n<li>Sensual Black Mesh Design: Musta verkko ei vain lis\u00e4\u00e4 modernia reunaa, vaan tarjoaa my\u00f6s imartelevan siluetin, mik\u00e4 tekee siit\u00e4 toivottavan valinnan monille asiakkaille. Se on erinomainen valinta j\u00e4lleenmyyjille, jotka haluavat tarjota monipuolisen valikoiman mielikuvituksellisia asuja.<\/li>\n\n\n\n<li>Edgy Red Binding Rope: Punainen sidontak\u00f6ysi lis\u00e4\u00e4 kokonaisuuteen rohkeaa silausta ja korostaa keskeist\u00e4 teemaa. Se on erottuva ominaisuus, joka erottaa t\u00e4m\u00e4n bodyn muista, tehden siit\u00e4 ainutlaatuisen lis\u00e4yksen v\u00e4hitt\u00e4ismyyntikokoelmaasi.<\/li>\n\n\n\n<li>Houkutteleva p\u00e4\u00e4hine-tarvike: Mukana oleva seksik\u00e4s p\u00e4\u00e4hine t\u00e4ydent\u00e4\u00e4 bodya ja lis\u00e4\u00e4 ylim\u00e4\u00e4r\u00e4isen kerroksen houkuttelevuutta. T\u00e4m\u00e4 ainutlaatuinen ominaisuus erottaa t\u00e4m\u00e4n asun muista, tehden siit\u00e4 upean lis\u00e4yksen v\u00e4hitt\u00e4ismyyntikokoelmaasi.<\/li>\n\n\n\n<li>Tukkumyyntivalmius: Tukkumyyntiin keskittyv\u00e4 seksik\u00e4s musta mesh-bodysuit on valmis tulemaan suosituksi tuotteeksi v\u00e4hitt\u00e4ismyyntikokoelmassasi. Se on enemm\u00e4n kuin vain puku; se on kutsu fantasiamaailmaan ja leikkis\u00e4\u00e4n tutkimiseen.<\/li>\n<\/ol>\n\n\n\n<p>Laajenna v\u00e4hitt\u00e4ismyyntivalikoimaasi tukkukaupan seksikk\u00e4\u00e4ll\u00e4 mustalla verkkopuvullamme, joka on t\u00e4ydellinen sekoitus salaper\u00e4ist\u00e4 charmia ja modernia eleganssia. Se on ihanteellinen valinta v\u00e4hitt\u00e4iskauppiaille, jotka tarjoavat monipuolisen ja mielikuvituksellisen vaatevalikoiman. Ota yhteytt\u00e4 tukkumyynti\u00e4 koskevissa tiedusteluissa ja lis\u00e4\u00e4 ripauksen r\u00e4ike\u00e4\u00e4 eleganssia valikoimaasi jo t\u00e4n\u00e4\u00e4n.<\/p>","protected":false},"excerpt":{"rendered":"<p>Sukella vieh\u00e4tysvoimaan tukkumyyntimme Sexy Black Mesh Bodysuit -puvulla. T\u00e4m\u00e4 body on suunniteltu sidottuun tyyliin punaisella sidontanarulla ja seksikk\u00e4\u00e4ll\u00e4 p\u00e4\u00e4hineell\u00e4, ja se ilment\u00e4\u00e4 sekoituksen salaper\u00e4ist\u00e4 charmia ja modernia aistillisuutta. Ensiluokkainen valikoima j\u00e4lleenmyyjille, jotka haluavat tarjota yhdistelm\u00e4n j\u00e4nnitt\u00e4v\u00e4\u00e4 vieh\u00e4tyst\u00e4 ja nykyaikaista eleganssia.<\/p>","protected":false},"featured_media":45742,"template":"","meta":[],"product_brand":[],"product_cat":[370,367,373],"product_tag":[],"class_list":{"0":"post-45734","1":"product","2":"type-product","3":"status-publish","4":"has-post-thumbnail","6":"product_cat-bodysuit","7":"product_cat-sexy-lingerie","8":"product_cat-wholesale-sexy-mesh-bodysuit","9":"pa_color-black","10":"pa_size-free","12":"first","13":"instock","14":"taxable","15":"shipping-taxable","16":"purchasable","17":"product-type-variable"},"tiered_pricing_type":"fixed","tiered_pricing_fixed_rules":[],"tiered_pricing_product_settings":{"layout":"default","base_unit_name":{"singular":null,"plural":null},"default_variation":{}},"tiered_pricing_minimum_quantity":null,"tiered_pricing_roles_data":[],"tiered_pricing_percentage_rules":[],"tiered_pricing_maximum_quantity":null,"tiered_pricing_quantity_step":null,"_links":{"self":[{"href":"https:\/\/gretasexylingerie.com\/fi\/wp-json\/wp\/v2\/product\/45734","targetHints":{"allow":["GET"]}}],"collection":[{"href":"https:\/\/gretasexylingerie.com\/fi\/wp-json\/wp\/v2\/product"}],"about":[{"href":"https:\/\/gretasexylingerie.com\/fi\/wp-json\/wp\/v2\/types\/product"}],"wp:featuredmedia":[{"embeddable":true,"href":"https:\/\/gretasexylingerie.com\/fi\/wp-json\/wp\/v2\/media\/45742"}],"wp:attachment":[{"href":"https:\/\/gretasexylingerie.com\/fi\/wp-json\/wp\/v2\/media?parent=45734"}],"wp:term":[{"taxonomy":"product_brand","embeddable":true,"href":"https:\/\/gretasexylingerie.com\/fi\/wp-json\/wp\/v2\/product_brand?post=45734"},{"taxonomy":"product_cat","embeddable":true,"href":"https:\/\/gretasexylingerie.com\/fi\/wp-json\/wp\/v2\/product_cat?post=45734"},{"taxonomy":"product_tag","embeddable":true,"href":"https:\/\/gretasexylingerie.com\/fi\/wp-json\/wp\/v2\/product_tag?post=45734"}],"curies":[{"name":"wp","href":"https:\/\/api.w.org\/{rel}","templated":true}]}}