{"id":45725,"date":"2023-10-16T23:55:47","date_gmt":"2023-10-16T15:55:47","guid":{"rendered":"https:\/\/gretasexylingerie.com\/?post_type=product&#038;p=45725"},"modified":"2023-10-16T23:56:08","modified_gmt":"2023-10-16T15:56:08","slug":"tukku-seksikas-joulupuku-rintaliivit-setti-sarvipaahineella","status":"publish","type":"product","link":"https:\/\/gretasexylingerie.com\/fi\/products\/wholesale-sexy-christmas-costume-bra-set-with-antler-headdress\/","title":{"rendered":"Tukkukaupan seksik\u00e4s joulupukurintaliivit ja Antler-p\u00e4\u00e4hine"},"content":{"rendered":"<ol class=\"wp-block-list\">\n<li>Juhlaloman charmi: Jouluteema vangitsee juhlavan loman vieh\u00e4tysvoiman, joten se on ihastuttava valinta niille, jotka haluavat juhlia tyylikk\u00e4\u00e4sti. Leikkis\u00e4 estetiikka takaa kest\u00e4v\u00e4n vetovoiman v\u00e4hitt\u00e4ismyyntikokoelmaasi ja kutsuu kertomaan lomafantasiasta ja aktiivisesta tutkimisesta.<\/li>\n\n\n\n<li>Sensual White Pehmosuunnittelu: Valkoinen pehmo lis\u00e4\u00e4 pehme\u00e4\u00e4 kosketusta ja tarjoaa imartelevan siluetin, joten se on haluttu valinta laajalle asiakasjoukolle. Se on erinomainen valinta j\u00e4lleenmyyjille, jotka haluavat tarjota monipuolisen valikoiman mielikuvituksellisia asuja.<\/li>\n\n\n\n<li>Ainutlaatuinen Antler-p\u00e4\u00e4hine: Sarvimainen p\u00e4\u00e4hine lis\u00e4\u00e4 kokonaisuuteen ainutlaatuisen ilmeen ja korostaa jouluteemaa. T\u00e4m\u00e4 erottuva ominaisuus erottaa t\u00e4m\u00e4n asun muista, tehden siit\u00e4 upean lis\u00e4yksen v\u00e4hitt\u00e4ismyyntikokoelmaasi.<\/li>\n\n\n\n<li>El\u00e4v\u00e4 v\u00e4rik\u00e4s koristelu: V\u00e4rik\u00e4s koristelu lis\u00e4\u00e4 juhlaa kokonaisuuteen ja lis\u00e4\u00e4 lomatunnelmaa. T\u00e4m\u00e4 ainutlaatuinen ominaisuus erottaa t\u00e4m\u00e4n asun muista, tehden siit\u00e4 upean lis\u00e4yksen v\u00e4hitt\u00e4ismyyntikokoelmaasi.<\/li>\n\n\n\n<li>Tukkumyyntivalmius: T\u00e4m\u00e4 seksik\u00e4s joulupukurintaliivisetti keskittyy tukkumyyntiin, joten se on valmis myydyksi tuotteeksi v\u00e4hitt\u00e4ismyyntikokoelmassasi. Se on enemm\u00e4n kuin vain puku; se on kutsu fantasiamaailmaan ja leikkis\u00e4\u00e4n tutkimiseen.<\/li>\n<\/ol>\n\n\n\n<p>Laajenna v\u00e4hitt\u00e4ismyyntivalikoimaasi tukkukaupan seksikk\u00e4ill\u00e4 joulupukurintaliivisarjallamme, joka on t\u00e4ydellinen sekoitus loman vieh\u00e4tyst\u00e4 ja modernia eleganssia. Se on ihanteellinen valinta v\u00e4hitt\u00e4iskauppiaille, jotka tarjoavat monipuolisen ja mielikuvituksellisen vaatevalikoiman. Ota yhteytt\u00e4 tukkumyynti\u00e4 varten ja lis\u00e4\u00e4 ripauksen juhlavaa tyylikkyytt\u00e4 valikoimaasi jo t\u00e4n\u00e4\u00e4n.<\/p>","protected":false},"excerpt":{"rendered":"<p>Astu juhlahenkeen tukkukaupan Sexy Christmas Costume Bran Setill\u00e4mme. Valkoisella pehmusteella, sarvip\u00e4\u00e4hineell\u00e4 ja v\u00e4rikk\u00e4ill\u00e4 koristeilla koristeltu setti ilment\u00e4\u00e4 loman charmia ja modernia aistillisuutta. Ensiluokkainen valikoima j\u00e4lleenmyyjille, jotka haluavat tarjota sekoituksen juhlallista vieh\u00e4tyst\u00e4 ja nykyaikaista eleganssia.<\/p>","protected":false},"featured_media":45733,"template":"","meta":[],"product_brand":[],"product_cat":[368,974,367],"product_tag":[964,984],"class_list":{"0":"post-45725","1":"product","2":"type-product","3":"status-publish","4":"has-post-thumbnail","6":"product_cat-bra-panty-set","7":"product_cat-wholesale-sexy-costumes","8":"product_cat-sexy-lingerie","9":"product_tag-christmas-lingerie","10":"product_tag-halloween-costumes","11":"pa_color-white","12":"pa_size-free","14":"first","15":"instock","16":"taxable","17":"shipping-taxable","18":"purchasable","19":"product-type-variable"},"tiered_pricing_type":"fixed","tiered_pricing_fixed_rules":[],"tiered_pricing_product_settings":{"layout":"default","base_unit_name":{"singular":null,"plural":null},"default_variation":null},"tiered_pricing_minimum_quantity":null,"tiered_pricing_roles_data":[],"tiered_pricing_percentage_rules":[],"tiered_pricing_maximum_quantity":null,"tiered_pricing_quantity_step":null,"_links":{"self":[{"href":"https:\/\/gretasexylingerie.com\/fi\/wp-json\/wp\/v2\/product\/45725","targetHints":{"allow":["GET"]}}],"collection":[{"href":"https:\/\/gretasexylingerie.com\/fi\/wp-json\/wp\/v2\/product"}],"about":[{"href":"https:\/\/gretasexylingerie.com\/fi\/wp-json\/wp\/v2\/types\/product"}],"wp:featuredmedia":[{"embeddable":true,"href":"https:\/\/gretasexylingerie.com\/fi\/wp-json\/wp\/v2\/media\/45733"}],"wp:attachment":[{"href":"https:\/\/gretasexylingerie.com\/fi\/wp-json\/wp\/v2\/media?parent=45725"}],"wp:term":[{"taxonomy":"product_brand","embeddable":true,"href":"https:\/\/gretasexylingerie.com\/fi\/wp-json\/wp\/v2\/product_brand?post=45725"},{"taxonomy":"product_cat","embeddable":true,"href":"https:\/\/gretasexylingerie.com\/fi\/wp-json\/wp\/v2\/product_cat?post=45725"},{"taxonomy":"product_tag","embeddable":true,"href":"https:\/\/gretasexylingerie.com\/fi\/wp-json\/wp\/v2\/product_tag?post=45725"}],"curies":[{"name":"wp","href":"https:\/\/api.w.org\/{rel}","templated":true}]}}