{"id":45682,"date":"2023-10-16T22:15:54","date_gmt":"2023-10-16T14:15:54","guid":{"rendered":"https:\/\/gretasexylingerie.com\/?post_type=product&#038;p=45682"},"modified":"2023-10-16T22:17:32","modified_gmt":"2023-10-16T14:17:32","slug":"tukkumyynti-seksikas-kissatyton-body","status":"publish","type":"product","link":"https:\/\/gretasexylingerie.com\/fi\/products\/wholesale-see-through-sexy-cat-girl-bodysuit\/","title":{"rendered":"Tukkumyynti l\u00e4pin\u00e4kyv\u00e4 seksik\u00e4s kissatyt\u00f6n bodi"},"content":{"rendered":"<ol class=\"wp-block-list\">\n<li>Kissan vieh\u00e4tys: Kissatytt\u00f6-teemat huokuvat leikkis\u00e4\u00e4 kissan charmia, mik\u00e4 tekee niist\u00e4 j\u00e4nnitt\u00e4v\u00e4n vaihtoehdon seikkailunhaluisille sieluille. Niiden miellytt\u00e4v\u00e4 estetiikka takaa n\u00e4ytt\u00e4v\u00e4n v\u00e4hitt\u00e4iskaupan kokoelman vetoamalla tarinoihin kissan fantasiasta ja aktiivisesta tutkimisesta.<\/li>\n\n\n\n<li>Silm\u00e4\u00e4 hivelev\u00e4 l\u00e4pin\u00e4kyv\u00e4 muotoilu: L\u00e4pin\u00e4kyv\u00e4 muotoilu lis\u00e4\u00e4 nykyaikaisuutta ja tarjoaa silmiinpist\u00e4v\u00e4n siluetin. Sellaisenaan se houkuttelee asiakkaita eri v\u00e4est\u00f6ryhmist\u00e4, joten t\u00e4m\u00e4 vaihtoehto on t\u00e4ydellinen v\u00e4hitt\u00e4iskauppiaille, jotka etsiv\u00e4t erilaisia vaatevaihtoehtoja.<\/li>\n\n\n\n<li>Karvainen riimu ja h\u00e4nt\u00e4: Karvainen riimu ja h\u00e4nt\u00e4 lis\u00e4\u00e4v\u00e4t huomiota her\u00e4tt\u00e4v\u00e4n elementin, joka t\u00e4ydent\u00e4\u00e4 kissateemaa ja luo ainutlaatuisen kappaleen v\u00e4hitt\u00e4ismyyntiin. T\u00e4llaisella katseenvangitsijalla yksityiskohdalla t\u00e4m\u00e4 body erottuu joukostasi. Se on lis\u00e4etu kilpailijoihin verrattuna.<\/li>\n\n\n\n<li>S\u00e4\u00e4dett\u00e4v\u00e4 vatsahihna: S\u00e4\u00e4dett\u00e4v\u00e4 vatsahihnamme takaa mukavan mutta viettelev\u00e4n istuvuuden - todiste omistautumisestamme tarjota tukkutuotteita laadusta tai mukavuudesta tinkim\u00e4tt\u00e4.<\/li>\n\n\n\n<li>Tukkumyyntivalmius: Tukkumyynti\u00e4 varten tehdyst\u00e4 l\u00e4pin\u00e4kyv\u00e4st\u00e4 Sexy Cat Girl Bodysuit -pukusta tulee kysytty lis\u00e4 v\u00e4hitt\u00e4ismyyntivalikoimaasi. Ei vain puku; t\u00e4m\u00e4 asu kutsuu yleis\u00f6si mielikuvitusmaailmaan mielikuvitukselliseen leikkiin!<\/li>\n<\/ol>\n\n\n\n<p>Levit\u00e4 tukkukaupan l\u00e4pin\u00e4kyv\u00e4\u00e4 seksik\u00e4s kissatyt\u00f6jen bodipukuamme laajentaaksesi v\u00e4hitt\u00e4ismyyntikokoelmaasi t\u00e4n\u00e4\u00e4n leikkis\u00e4ll\u00e4 eleganssilla! Siin\u00e4 yhdistyv\u00e4t kissan vieh\u00e4tys ja moderni hienostuneisuus, ja se sopii t\u00e4ydellisesti j\u00e4lleenmyyjille, jotka etsiv\u00e4t j\u00e4nnitt\u00e4vi\u00e4 vaatteita. Ota yhteytt\u00e4 tukkumyyntikyselyihin ja lis\u00e4\u00e4 valikoimaasi leikkis\u00e4 eleganssi!<\/p>","protected":false},"excerpt":{"rendered":"<p>P\u00e4\u00e4st\u00e4 kissamainen vieh\u00e4tysvoimasi valloilleen tukkumyyntimme l\u00e4pin\u00e4kyv\u00e4ll\u00e4 seksikk\u00e4\u00e4ll\u00e4 kissatyt\u00f6n bodipuvullamme. T\u00e4ss\u00e4 mustassa bodyssa on karvainen riimu ja h\u00e4nt\u00e4 lis\u00e4herkkua varten. T\u00e4m\u00e4 musta body on leikkis\u00e4 roolipeli, joka on ihanteellinen j\u00e4lleenmyyjille, jotka pyrkiv\u00e4t yhdist\u00e4m\u00e4\u00e4n kissan karismaa modernin aistillisuuden kanssa.<\/p>","protected":false},"featured_media":45688,"template":"","meta":[],"product_brand":[],"product_cat":[974],"product_tag":[984,980],"class_list":{"0":"post-45682","1":"product","2":"type-product","3":"status-publish","4":"has-post-thumbnail","6":"product_cat-wholesale-sexy-costumes","7":"product_tag-halloween-costumes","8":"product_tag-maid-costumes","9":"pa_color-leopard","10":"pa_size-free","12":"first","13":"instock","14":"taxable","15":"shipping-taxable","16":"purchasable","17":"product-type-variable"},"tiered_pricing_type":"fixed","tiered_pricing_fixed_rules":[],"tiered_pricing_product_settings":{"layout":"default","base_unit_name":{"singular":null,"plural":null},"default_variation":{}},"tiered_pricing_minimum_quantity":null,"tiered_pricing_roles_data":[],"tiered_pricing_percentage_rules":[],"tiered_pricing_maximum_quantity":null,"tiered_pricing_quantity_step":null,"_links":{"self":[{"href":"https:\/\/gretasexylingerie.com\/fi\/wp-json\/wp\/v2\/product\/45682","targetHints":{"allow":["GET"]}}],"collection":[{"href":"https:\/\/gretasexylingerie.com\/fi\/wp-json\/wp\/v2\/product"}],"about":[{"href":"https:\/\/gretasexylingerie.com\/fi\/wp-json\/wp\/v2\/types\/product"}],"wp:featuredmedia":[{"embeddable":true,"href":"https:\/\/gretasexylingerie.com\/fi\/wp-json\/wp\/v2\/media\/45688"}],"wp:attachment":[{"href":"https:\/\/gretasexylingerie.com\/fi\/wp-json\/wp\/v2\/media?parent=45682"}],"wp:term":[{"taxonomy":"product_brand","embeddable":true,"href":"https:\/\/gretasexylingerie.com\/fi\/wp-json\/wp\/v2\/product_brand?post=45682"},{"taxonomy":"product_cat","embeddable":true,"href":"https:\/\/gretasexylingerie.com\/fi\/wp-json\/wp\/v2\/product_cat?post=45682"},{"taxonomy":"product_tag","embeddable":true,"href":"https:\/\/gretasexylingerie.com\/fi\/wp-json\/wp\/v2\/product_tag?post=45682"}],"curies":[{"name":"wp","href":"https:\/\/api.w.org\/{rel}","templated":true}]}}