{"id":45673,"date":"2023-10-16T22:02:56","date_gmt":"2023-10-16T14:02:56","guid":{"rendered":"https:\/\/gretasexylingerie.com\/?post_type=product&#038;p=45673"},"modified":"2023-10-16T22:04:20","modified_gmt":"2023-10-16T14:04:20","slug":"tukkumyynti-seksikas-poliisinaisen-puku-body","status":"publish","type":"product","link":"https:\/\/gretasexylingerie.com\/fi\/products\/wholesale-see-through-sexy-policewoman-costume-bodysuit\/","title":{"rendered":"Tukkumyynti l\u00e4pin\u00e4kyv\u00e4 seksik\u00e4s poliisinaisen puku"},"content":{"rendered":"<ol class=\"wp-block-list\">\n<li>Arvovaltainen Policewoman-teema: Se vangitsee arvovaltaisen vieh\u00e4tyksen, mik\u00e4 tekee siit\u00e4 j\u00e4nnitt\u00e4v\u00e4n valinnan seikkailunhaluisille sieluille. Leikkis\u00e4 estetiikka takaa kest\u00e4v\u00e4n vetovoiman v\u00e4hitt\u00e4ismyyntimallistossasi kutsuen kertomuksen perinteisest\u00e4 vieh\u00e4tysvoimasta ja leikkis\u00e4st\u00e4 tutkimisesta.<\/li>\n\n\n\n<li>Aistillinen l\u00e4pin\u00e4kyv\u00e4 verkkomuotoilu: L\u00e4pin\u00e4kyv\u00e4 verkkorakenne ei vain lis\u00e4\u00e4 modernia reunaa, vaan tarjoaa my\u00f6s imartelevan siluetin, mik\u00e4 tekee siit\u00e4 toivottavan valinnan monille asiakkaille. Se on erinomainen valinta j\u00e4lleenmyyjille, jotka haluavat tarjota monipuolisen valikoiman mielikuvituksellisia asuja.<\/li>\n\n\n\n<li>Role-Play Instructor Bodysuit: Ohjaajan body design her\u00e4tt\u00e4\u00e4 modernin eleganssin tunteen s\u00e4ilytt\u00e4en samalla seksikk\u00e4\u00e4n vetovoiman. Se on osoitus sitoutumisestamme tarjota tukkutuotteita, jotka eiv\u00e4t tingit\u00e4 laatua tai mukavuutta.<\/li>\n\n\n\n<li>Kiinnostava roolileikkikokemus: T\u00e4m\u00e4 seksik\u00e4s puku on suunniteltu mukaansatempaaviin roolipeleihin, ja se kutsuu loppukuluttajat syventym\u00e4\u00e4n fantasioihinsa. Se on erinomainen valinta j\u00e4lleenmyyjille, jotka haluavat tarjota monipuolisen valikoiman mielikuvituksellisia asuja.<\/li>\n\n\n\n<li>Valmiina tukkumyyntiin: T\u00e4m\u00e4 l\u00e4pin\u00e4kyv\u00e4 seksik\u00e4s poliisinaisen asu keskittyy tukkumyyntiin, joten siit\u00e4 tulee kuuma myyntituote v\u00e4hitt\u00e4ismyyntikokoelmassasi. Se on enemm\u00e4n kuin vain puku; se on kutsu fantasiamaailmaan ja leikkis\u00e4\u00e4n tutkimiseen.<\/li>\n<\/ol>\n\n\n\n<p>Laajenna v\u00e4hitt\u00e4ismyyntivalikoimaasi tukkukaupan l\u00e4pin\u00e4kyv\u00e4ll\u00e4 seksikk\u00e4\u00e4ll\u00e4 poliisinaisen asullamme, joka on t\u00e4ydellinen sekoitus arvovaltaista charmia ja modernia eleganssia. Se on ihanteellinen valinta j\u00e4lleenmyyjille, jotka haluavat tarjota monipuolisen ja mielikuvituksellisen vaatevalikoiman. Ota yhteytt\u00e4 tukkumyynti\u00e4 varten ja lis\u00e4\u00e4 ripauksen leikkis\u00e4\u00e4 eleganssia valikoimaasi jo t\u00e4n\u00e4\u00e4n.<\/p>","protected":false},"excerpt":{"rendered":"<p>Vahvista vieh\u00e4tysvoimaa l\u00e4pin\u00e4kyv\u00e4ll\u00e4 seksikk\u00e4\u00e4ll\u00e4 poliisinaisen asullamme. Verkon l\u00e4pin\u00e4kyv\u00e4 body, joka sopii t\u00e4ydellisesti roolipeleihin ohjaajana, luo tarinan arvovaltaisesta vieh\u00e4tysvoimasta. Suosituin valinta j\u00e4lleenmyyjille, jotka haluavat tarjota sekoituksen arvovaltaista charmia ja modernia aistillisuutta.<\/p>","protected":false},"featured_media":45681,"template":"","meta":[],"product_brand":[],"product_cat":[974],"product_tag":[978],"class_list":{"0":"post-45673","1":"product","2":"type-product","3":"status-publish","4":"has-post-thumbnail","6":"product_cat-wholesale-sexy-costumes","7":"product_tag-policewoman-costume","8":"pa_color-black","9":"pa_size-free","11":"first","12":"instock","13":"taxable","14":"shipping-taxable","15":"purchasable","16":"product-type-variable"},"tiered_pricing_type":"fixed","tiered_pricing_fixed_rules":[],"tiered_pricing_product_settings":{"layout":"default","base_unit_name":{"singular":null,"plural":null},"default_variation":{}},"tiered_pricing_minimum_quantity":null,"tiered_pricing_roles_data":[],"tiered_pricing_percentage_rules":[],"tiered_pricing_maximum_quantity":null,"tiered_pricing_quantity_step":null,"_links":{"self":[{"href":"https:\/\/gretasexylingerie.com\/fi\/wp-json\/wp\/v2\/product\/45673","targetHints":{"allow":["GET"]}}],"collection":[{"href":"https:\/\/gretasexylingerie.com\/fi\/wp-json\/wp\/v2\/product"}],"about":[{"href":"https:\/\/gretasexylingerie.com\/fi\/wp-json\/wp\/v2\/types\/product"}],"wp:featuredmedia":[{"embeddable":true,"href":"https:\/\/gretasexylingerie.com\/fi\/wp-json\/wp\/v2\/media\/45681"}],"wp:attachment":[{"href":"https:\/\/gretasexylingerie.com\/fi\/wp-json\/wp\/v2\/media?parent=45673"}],"wp:term":[{"taxonomy":"product_brand","embeddable":true,"href":"https:\/\/gretasexylingerie.com\/fi\/wp-json\/wp\/v2\/product_brand?post=45673"},{"taxonomy":"product_cat","embeddable":true,"href":"https:\/\/gretasexylingerie.com\/fi\/wp-json\/wp\/v2\/product_cat?post=45673"},{"taxonomy":"product_tag","embeddable":true,"href":"https:\/\/gretasexylingerie.com\/fi\/wp-json\/wp\/v2\/product_tag?post=45673"}],"curies":[{"name":"wp","href":"https:\/\/api.w.org\/{rel}","templated":true}]}}