{"id":45656,"date":"2023-10-16T21:42:06","date_gmt":"2023-10-16T13:42:06","guid":{"rendered":"https:\/\/gretasexylingerie.com\/?post_type=product&#038;p=45656"},"modified":"2023-10-16T21:43:33","modified_gmt":"2023-10-16T13:43:33","slug":"tukkumyynnissa-seksikas-sairaanhoitajaasu-yokerhoesityksiin","status":"publish","type":"product","link":"https:\/\/gretasexylingerie.com\/fi\/products\/wholesale-sexy-nurse-costume-for-nightclub-performances\/","title":{"rendered":"Tukkukaupan seksik\u00e4s sairaanhoitajaasu y\u00f6kerhoesityksiin"},"content":{"rendered":"<ol class=\"wp-block-list\">\n<li>L\u00e4\u00e4ketieteellinen vieh\u00e4tys: Sairaanhoitajaasuteemat huokuvat l\u00e4\u00e4ketieteellist\u00e4 eleganssia ja her\u00e4tt\u00e4v\u00e4t jokaisen seikkailijan kiinnostuksen. Niiden houkutteleva estetiikka takaa kest\u00e4v\u00e4n vetovoiman v\u00e4hitt\u00e4ismyyntikokoelmissa ja inspiroi tarinoita l\u00e4\u00e4ketieteellisest\u00e4 fantasiasta ja her\u00e4tt\u00e4\u00e4 samalla leikkis\u00e4\u00e4 tutkimista!<\/li>\n\n\n\n<li>Suloinen kiiltonahkamateriaali: Kiiltonahka ei vain lis\u00e4\u00e4 eklektist\u00e4, modernia reunaa, vaan se on my\u00f6s eritt\u00e4in imarteleva kaikille vartalotyypeille - erinomainen vaihtoehto j\u00e4lleenmyyjille, jotka tarjoavat asiakkaille ainutlaatuisia vaatevaihtoehtoja.<\/li>\n\n\n\n<li>Performance Ready: T\u00e4m\u00e4 viettelev\u00e4 puku on suunniteltu erityisesti y\u00f6kerho- ja baariesityksi\u00e4 varten, ja se kutsuu kuluttajat nauttimaan fantasioistaan. J\u00e4lleenmyyj\u00e4t, jotka haluavat tarjota monipuolisia asusteita y\u00f6el\u00e4m\u00e4\u00e4n, pit\u00e4v\u00e4t t\u00e4t\u00e4 ihanteellisena tuotevalintana.<\/li>\n\n\n\n<li>Tyylik\u00e4s valkoinen pitsikoristelu: T\u00e4m\u00e4n puvun elegantti valkoinen pitsikoristelu lis\u00e4\u00e4 hienostuneisuutta, parantaa sen l\u00e4\u00e4ketieteellist\u00e4 teemaa ja tekee siit\u00e4 joukon v\u00e4hitt\u00e4iskaupan kokoelmissa. Se tekee t\u00e4st\u00e4 kappaleesta todella ainutlaatuisen!<\/li>\n\n\n\n<li>Tukkumyyntivalmis: Tukkumyynti\u00e4 silm\u00e4ll\u00e4 pit\u00e4en t\u00e4m\u00e4 seksik\u00e4s sairaanhoitajaasu on valmis yhdeksi v\u00e4hitt\u00e4ismyyntikokoelmasi t\u00e4htituotteista. Enemm\u00e4n kuin vain puku, t\u00e4m\u00e4 esine avaa fantasiamaailman ja leikkis\u00e4n tutkimisen!<\/li>\n<\/ol>\n\n\n\n<p>Laajenna v\u00e4hitt\u00e4ismyyntikokoelmaasi tukkukaupan seksikk\u00e4ill\u00e4 sairaanhoitajaasuillamme, joka on ihanteellinen yhdistelm\u00e4 l\u00e4\u00e4ketieteellist\u00e4 charmia ja modernia eleganssia. T\u00e4ydellinen j\u00e4lleenmyyjille, jotka haluavat tarjota eklektist\u00e4 ja monipuolista vaatevalikoimaa. Ota meihin yhteytt\u00e4 tukkumyynti\u00e4 koskevissa tiedusteluissa ja lis\u00e4\u00e4 leikkis\u00e4\u00e4 eleganssia sekoitukseesi jo t\u00e4n\u00e4\u00e4n.<\/p>","protected":false},"excerpt":{"rendered":"<p>Esittele vieh\u00e4tysvoimaa seksikk\u00e4ill\u00e4 sairaanhoitajaasuillamme! Valmistettu kiiltonahkamateriaalista ja koristeltu valkoisilla pitsill\u00e4. T\u00e4m\u00e4 tukkukaupan sairaanhoitajaasu on unohtumaton y\u00f6kerho- ja baarisuorituskyky lausunto l\u00e4\u00e4ketieteellisest\u00e4 vieh\u00e4tysvoimasta ja modernista aistillisuudesta. Erinomainen vaihtoehto j\u00e4lleenmyyjille, jotka haluavat tarjota sek\u00e4 leikkis\u00e4\u00e4 ammattitaitoa ett\u00e4 modernia eleganssia!<\/p>","protected":false},"featured_media":45662,"template":"","meta":[],"product_brand":[],"product_cat":[974],"product_tag":[989],"class_list":{"0":"post-45656","1":"product","2":"type-product","3":"status-publish","4":"has-post-thumbnail","6":"product_cat-wholesale-sexy-costumes","7":"product_tag-nurse-costume","8":"pa_color-red-women-sexy-lingerie","9":"pa_size-free","11":"first","12":"instock","13":"taxable","14":"shipping-taxable","15":"purchasable","16":"product-type-variable"},"tiered_pricing_type":"fixed","tiered_pricing_fixed_rules":[],"tiered_pricing_product_settings":{"layout":"default","base_unit_name":{"singular":null,"plural":null},"default_variation":{}},"tiered_pricing_minimum_quantity":null,"tiered_pricing_roles_data":[],"tiered_pricing_percentage_rules":[],"tiered_pricing_maximum_quantity":null,"tiered_pricing_quantity_step":null,"_links":{"self":[{"href":"https:\/\/gretasexylingerie.com\/fi\/wp-json\/wp\/v2\/product\/45656","targetHints":{"allow":["GET"]}}],"collection":[{"href":"https:\/\/gretasexylingerie.com\/fi\/wp-json\/wp\/v2\/product"}],"about":[{"href":"https:\/\/gretasexylingerie.com\/fi\/wp-json\/wp\/v2\/types\/product"}],"wp:featuredmedia":[{"embeddable":true,"href":"https:\/\/gretasexylingerie.com\/fi\/wp-json\/wp\/v2\/media\/45662"}],"wp:attachment":[{"href":"https:\/\/gretasexylingerie.com\/fi\/wp-json\/wp\/v2\/media?parent=45656"}],"wp:term":[{"taxonomy":"product_brand","embeddable":true,"href":"https:\/\/gretasexylingerie.com\/fi\/wp-json\/wp\/v2\/product_brand?post=45656"},{"taxonomy":"product_cat","embeddable":true,"href":"https:\/\/gretasexylingerie.com\/fi\/wp-json\/wp\/v2\/product_cat?post=45656"},{"taxonomy":"product_tag","embeddable":true,"href":"https:\/\/gretasexylingerie.com\/fi\/wp-json\/wp\/v2\/product_tag?post=45656"}],"curies":[{"name":"wp","href":"https:\/\/api.w.org\/{rel}","templated":true}]}}