{"id":45646,"date":"2023-10-16T00:36:44","date_gmt":"2023-10-15T16:36:44","guid":{"rendered":"https:\/\/gretasexylingerie.com\/?post_type=product&#038;p=45646"},"modified":"2023-10-16T00:38:19","modified_gmt":"2023-10-15T16:38:19","slug":"tukkumyynti-poliisinaisen-seksikas-puku-yokerhosetti","status":"publish","type":"product","link":"https:\/\/gretasexylingerie.com\/fi\/products\/wholesale-policewoman-sexy-costume-nightclub-set\/","title":{"rendered":"Tukkumyynti Policewoman Sexy Costume Nightclub Set"},"content":{"rendered":"<ol class=\"wp-block-list\">\n<li>Arvovaltainen Policewoman-teema: Poliisinaisten teemojen autoritaarinen vieh\u00e4tys tekee niist\u00e4 ihanteelliset valinnat seikkailunhaluisille hengille, leikkis\u00e4ll\u00e4 estetiikalla, joka tarjoaa kest\u00e4v\u00e4\u00e4 vetovoimaa v\u00e4hitt\u00e4ismyyntikokoelmaasi ja kutsuu tunnelmaan arvovaltaisen charmin yhdistettyn\u00e4 leikkis\u00e4\u00e4n tutkimiseen.<\/li>\n\n\n\n<li>Aistillinen musta keinonahka: Musta keinonahka tuo modernia asuun ja tarjoaa samalla imartelevan siluetin, joten se on suosittu valinta eri-ik\u00e4isten ja -tyyppisten asiakkaiden keskuudessa. J\u00e4lleenmyyjien, jotka tarjoavat innovatiivisia asuja, tulisi harkita t\u00e4m\u00e4n ajattoman vaihtoehdon tarjoamista asiakaskunnalleen.<\/li>\n\n\n\n<li>Nightclub Performance Ready: T\u00e4m\u00e4 viettelev\u00e4 puku on suunniteltu erityisesti y\u00f6kerhoesityksiin, ja sen avulla loppukuluttajat voivat p\u00e4\u00e4st\u00e4\u00e4 fantasiansa valloilleen. Erinomainen vaihtoehto j\u00e4lleenmyyjille, jotka haluavat tarjota mielikuvituksellisia asuja y\u00f6el\u00e4m\u00e4\u00e4n.<\/li>\n\n\n\n<li>Villi rintaliivit ja pikkuhousut -setti: Villit rintaliivit ja pikkuhousut -setti lis\u00e4\u00e4 huomiota her\u00e4tt\u00e4v\u00e4n ominaisuuden muuten yksinkertaiseen kokonaisuuteen, vahvistaa sen arvovaltaista teemaa ja tekee kokoelmastasi erinomaisen v\u00e4hitt\u00e4iskaupan tuotteen. Se tekee t\u00e4st\u00e4 asusta todella ainutlaatuisen!<\/li>\n\n\n\n<li>Hopeinen viisik\u00e4rkinen koristereunus: Koristeellinen hopeanv\u00e4rinen reunus lis\u00e4\u00e4 puvuille luokan ja eron tuntua, mik\u00e4 tekee t\u00e4st\u00e4 kappaleesta erottuvan v\u00e4hitt\u00e4ismyyntikokoelmassasi.<\/li>\n\n\n\n<li>V\u00e4hitt\u00e4ismyyntivalmius: Tukkumyynti keskittyy t\u00e4h\u00e4n seksikk\u00e4\u00e4seen poliisinaisen asuun, josta tulee varmasti hitti v\u00e4hitt\u00e4ismyyntikokoelmassasi. Enemm\u00e4n kuin pelkk\u00e4 asu; t\u00e4m\u00e4 puku avaa ovet mukaansatempaavaan fantasiamaailmaan ja leikkis\u00e4\u00e4n tutkimiseen!<\/li>\n<\/ol>\n\n\n\n<p>Laajenna v\u00e4hitt\u00e4ismyyntivalikoimaasi tukkukaupan poliisinaisen seksikk\u00e4\u00e4ll\u00e4 asullamme, joka on t\u00e4ydellinen sekoitus arvovaltaista vieh\u00e4tyst\u00e4 ja nykyaikaista hienostuneisuutta. Se on erinomainen vaihtoehto v\u00e4hitt\u00e4iskauppiaille, jotka haluavat tarjota laajan ja monipuolisen vaatevalikoiman. Ota yhteytt\u00e4 tukkumyyntikyselyihin jo t\u00e4n\u00e4\u00e4n, jotta voimme lis\u00e4t\u00e4 valikoimaasi leikkis\u00e4\u00e4 eleganssia.<\/p>","protected":false},"excerpt":{"rendered":"<p>Vahvista vieh\u00e4tysvoimaa tukkukaupan poliisinaisen seksikk\u00e4\u00e4ll\u00e4 asullamme! Ihanteellinen y\u00f6kerhoesityksiin, musta keinonahkasetti sis\u00e4lt\u00e4\u00e4 rohkean vieh\u00e4tysvoiman, joka huokuu hurjaa charmia hopeat\u00e4hden koristeellisella reunalla \u2013 ihanteellinen j\u00e4lleenmyyjille, jotka haluavat tarjota asiakkaille sek\u00e4 arvovaltaista vieh\u00e4tyst\u00e4 ett\u00e4 modernia aistillisuutta.<\/p>","protected":false},"featured_media":45651,"template":"","meta":[],"product_brand":[],"product_cat":[974],"product_tag":[978],"class_list":{"0":"post-45646","1":"product","2":"type-product","3":"status-publish","4":"has-post-thumbnail","6":"product_cat-wholesale-sexy-costumes","7":"product_tag-policewoman-costume","8":"pa_color-black","9":"pa_size-free","11":"first","12":"instock","13":"taxable","14":"shipping-taxable","15":"purchasable","16":"product-type-variable"},"tiered_pricing_type":"fixed","tiered_pricing_fixed_rules":[],"tiered_pricing_product_settings":{"layout":"default","base_unit_name":{"singular":null,"plural":null},"default_variation":{}},"tiered_pricing_minimum_quantity":null,"tiered_pricing_roles_data":[],"tiered_pricing_percentage_rules":[],"tiered_pricing_maximum_quantity":null,"tiered_pricing_quantity_step":null,"_links":{"self":[{"href":"https:\/\/gretasexylingerie.com\/fi\/wp-json\/wp\/v2\/product\/45646","targetHints":{"allow":["GET"]}}],"collection":[{"href":"https:\/\/gretasexylingerie.com\/fi\/wp-json\/wp\/v2\/product"}],"about":[{"href":"https:\/\/gretasexylingerie.com\/fi\/wp-json\/wp\/v2\/types\/product"}],"wp:featuredmedia":[{"embeddable":true,"href":"https:\/\/gretasexylingerie.com\/fi\/wp-json\/wp\/v2\/media\/45651"}],"wp:attachment":[{"href":"https:\/\/gretasexylingerie.com\/fi\/wp-json\/wp\/v2\/media?parent=45646"}],"wp:term":[{"taxonomy":"product_brand","embeddable":true,"href":"https:\/\/gretasexylingerie.com\/fi\/wp-json\/wp\/v2\/product_brand?post=45646"},{"taxonomy":"product_cat","embeddable":true,"href":"https:\/\/gretasexylingerie.com\/fi\/wp-json\/wp\/v2\/product_cat?post=45646"},{"taxonomy":"product_tag","embeddable":true,"href":"https:\/\/gretasexylingerie.com\/fi\/wp-json\/wp\/v2\/product_tag?post=45646"}],"curies":[{"name":"wp","href":"https:\/\/api.w.org\/{rel}","templated":true}]}}