{"id":45634,"date":"2023-10-16T00:22:11","date_gmt":"2023-10-15T16:22:11","guid":{"rendered":"https:\/\/gretasexylingerie.com\/?post_type=product&#038;p=45634"},"modified":"2023-10-16T00:24:32","modified_gmt":"2023-10-15T16:24:32","slug":"tukku-seksikas-musta-nunna-puku-body","status":"publish","type":"product","link":"https:\/\/gretasexylingerie.com\/fi\/products\/wholesale-sexy-black-nun-costume-bodysuit\/","title":{"rendered":"Tukku Sexy Black Nun Costume Bodysuit"},"content":{"rendered":"<ol class=\"wp-block-list\">\n<li>Forbidden Nun Fantasy: Nunnapukuteemat tarjoavat vieh\u00e4tyksen, joka vangitsee niiden tahattoman vieh\u00e4tyksen, mik\u00e4 tekee niist\u00e4 kiehtovan vaihtoehdon uteliaille sieluille. Niiden leikkis\u00e4 estetiikka varmistaa, ett\u00e4 niill\u00e4 on kest\u00e4v\u00e4 vetovoima v\u00e4hitt\u00e4iskaupan kokoelmissa ja inspiroi samalla tarinoita uskonnollisesta mystiikkasta ja leikkis\u00e4st\u00e4 tutkimisesta.<\/li>\n\n\n\n<li>Aistilliset mustat PU-hihnat: Mustat PU-hihnat lis\u00e4\u00e4v\u00e4t modernia tunnelmaa ja tarjoavat samalla esteettisesti miellytt\u00e4v\u00e4n siluetin, mik\u00e4 tekee siit\u00e4 houkuttelevan useille asiakkaille ja ihanteellisia mielikuvituksellisia asuja tarjoaville j\u00e4lleenmyyjille.<\/li>\n\n\n\n<li>Houkutteleva body-muotoilu: Body-pukumme huokuu modernia eleganssia samalla kun ne ovat viettelevi\u00e4, mik\u00e4 korostaa sitoutumistamme tarjota tukkutuotteita tinkim\u00e4tt\u00e4 laadusta tai mukavuudesta.<\/li>\n\n\n\n<li>Roolileikkivalmius: T\u00e4m\u00e4 nunnaasu, joka on luotu erityisesti ottamaan huomioon loppukuluttajien fantasioita, kutsuu loppukuluttajat tutkimaan luovia puoliaan. V\u00e4hitt\u00e4iskauppiaiden, jotka etsiv\u00e4t monipuolista asua, tulisi tarjota t\u00e4m\u00e4 houkuttelevana tarjouksena loppukuluttajille.<\/li>\n\n\n\n<li>Tukkumyyntivalmius: T\u00e4m\u00e4 viettelev\u00e4 musta nunna-body on suunniteltu tukkumyynti\u00e4 varten, ja siit\u00e4 voi tulla v\u00e4hitt\u00e4ismyyntikokoelmasi t\u00e4htin\u00e4ht\u00e4vyys. Enemm\u00e4n kuin vain puku; se avaa oven loputtomaan fantasiaan ja leikkis\u00e4\u00e4n tutkimiseen!<\/li>\n<\/ol>\n\n\n\n<p>Lis\u00e4\u00e4 tyylik\u00e4s ja leikkis\u00e4 elementti v\u00e4hitt\u00e4ismyyntikokoelmaasi tukkukaupan seksikk\u00e4\u00e4ll\u00e4 mustalla nunna-bodypukullamme, joka on ihanteellinen yhdistelm\u00e4 uskonnollista mystiikkaa ja modernia hienostuneisuutta. Ota yhteytt\u00e4 tukkumyyntikyselyyn nyt lis\u00e4t\u00e4ksesi t\u00e4m\u00e4n ihastuttavan tuotteen valikoimaasi!<\/p>","protected":false},"excerpt":{"rendered":"<p>L\u00e4hde maanalaiseen maailmaan tukkumyynniss\u00e4 olevan seksikk\u00e4\u00e4n mustan nunna-bodyn kanssa! Sen houkutteleva musta PU-ranneke luo j\u00e4nnityksen auran, mik\u00e4 tekee joka hetkest\u00e4 kiehtovan \u2013 t\u00e4ydellinen j\u00e4lleenmyyjille, jotka haluavat yhdist\u00e4\u00e4 uskonnollisen mystiikan ja modernin aistillisuuden!<\/p>","protected":false},"featured_media":45639,"template":"","meta":[],"product_brand":[],"product_cat":[974],"product_tag":[984,992],"class_list":{"0":"post-45634","1":"product","2":"type-product","3":"status-publish","4":"has-post-thumbnail","6":"product_cat-wholesale-sexy-costumes","7":"product_tag-halloween-costumes","8":"product_tag-nun-costume","9":"pa_color-black","10":"pa_size-free","12":"first","13":"instock","14":"taxable","15":"shipping-taxable","16":"purchasable","17":"product-type-variable"},"tiered_pricing_type":"fixed","tiered_pricing_fixed_rules":[],"tiered_pricing_product_settings":{"layout":"default","base_unit_name":{"singular":null,"plural":null},"default_variation":{}},"tiered_pricing_minimum_quantity":null,"tiered_pricing_roles_data":[],"tiered_pricing_percentage_rules":[],"tiered_pricing_maximum_quantity":null,"tiered_pricing_quantity_step":null,"_links":{"self":[{"href":"https:\/\/gretasexylingerie.com\/fi\/wp-json\/wp\/v2\/product\/45634","targetHints":{"allow":["GET"]}}],"collection":[{"href":"https:\/\/gretasexylingerie.com\/fi\/wp-json\/wp\/v2\/product"}],"about":[{"href":"https:\/\/gretasexylingerie.com\/fi\/wp-json\/wp\/v2\/types\/product"}],"wp:featuredmedia":[{"embeddable":true,"href":"https:\/\/gretasexylingerie.com\/fi\/wp-json\/wp\/v2\/media\/45639"}],"wp:attachment":[{"href":"https:\/\/gretasexylingerie.com\/fi\/wp-json\/wp\/v2\/media?parent=45634"}],"wp:term":[{"taxonomy":"product_brand","embeddable":true,"href":"https:\/\/gretasexylingerie.com\/fi\/wp-json\/wp\/v2\/product_brand?post=45634"},{"taxonomy":"product_cat","embeddable":true,"href":"https:\/\/gretasexylingerie.com\/fi\/wp-json\/wp\/v2\/product_cat?post=45634"},{"taxonomy":"product_tag","embeddable":true,"href":"https:\/\/gretasexylingerie.com\/fi\/wp-json\/wp\/v2\/product_tag?post=45634"}],"curies":[{"name":"wp","href":"https:\/\/api.w.org\/{rel}","templated":true}]}}