{"id":45620,"date":"2023-10-15T23:53:06","date_gmt":"2023-10-15T15:53:06","guid":{"rendered":"https:\/\/gretasexylingerie.com\/?post_type=product&#038;p=45620"},"modified":"2023-10-22T22:56:47","modified_gmt":"2023-10-22T14:56:47","slug":"tukku-tiukka-seksikas-sairaanhoitaja-halloween-cosplay-setti","status":"publish","type":"product","link":"https:\/\/gretasexylingerie.com\/fi\/products\/wholesale-tight-sexy-nurse-halloween-cosplay-set\/","title":{"rendered":"Tukku Tiukka Seksik\u00e4s Sairaanhoitaja Halloween Cosplay Set"},"content":{"rendered":"<ol class=\"wp-block-list\">\n<li>Houkutteleva sairaanhoitajacosplay: Hoitajien cosplaylla on vastustamattoman houkutteleva vieh\u00e4tys, mik\u00e4 tekee siit\u00e4 j\u00e4nnitt\u00e4v\u00e4n vaihtoehdon seikkailunhaluisille hengille. Hupaisa estetiikka takaa kest\u00e4v\u00e4n vetovoiman v\u00e4hitt\u00e4ismyyntimallistossasi ja kutsuu samalla tarinan l\u00e4\u00e4ketieteellisest\u00e4 fantasiasta ja leikkis\u00e4st\u00e4 tutkimisesta.<\/li>\n\n\n\n<li>Sensual Tight Fit: Tiukat istuvuusasut ovat suosittuja asiakkaiden keskuudessa niiden aistillisuuden ja imartelevan siluetin vuoksi, mik\u00e4 tekee niist\u00e4 haluttuja valintoja v\u00e4hitt\u00e4iskauppiaiden keskuudessa, jotka haluavat tarjota joukon erilaisia pukuvaihtoehtoja.<\/li>\n\n\n\n<li>Halloween-valmius: T\u00e4m\u00e4 erityisesti Halloween-cosplaya varten luotu sairaanhoitajaasu antaa loppukuluttajien tutkia mielikuvitustaan. J\u00e4lleenmyyjien, jotka etsiv\u00e4t ainutlaatuisia vaatevaihtoehtoja t\u00e4m\u00e4n pelottavan kauden aikana, tulee ehdottomasti huomioida!<\/li>\n\n\n\n<li>Roolileikin kolmiosainen setti: T\u00e4m\u00e4 kattava kolmiosainen setti tarjoaa kaiken mit\u00e4 tarvitset mihin tahansa leikkis\u00e4\u00e4n tilaisuuteen, mik\u00e4 tekee ostokokemuksesta parempia asiakkaille. N\u00e4it\u00e4 kattavia kokoonpanoja tarjoavat j\u00e4lleenmyyj\u00e4t pit\u00e4v\u00e4t niit\u00e4 eritt\u00e4in arvokkaina, kun he haluavat parantaa asiakaskokemusta myym\u00e4ll\u00e4 n\u00e4it\u00e4 kokoonpanoja v\u00e4hitt\u00e4ismyyntiin.<\/li>\n\n\n\n<li>Tukkumyyntivalmis: Tukkumyynti\u00e4 silm\u00e4ll\u00e4 pit\u00e4en t\u00e4m\u00e4 viettelev\u00e4 sairaanhoitajaasu on valmis tulemaan uskomattomaksi hitiksi v\u00e4hitt\u00e4ismyyntikokoelmassasi. Enemm\u00e4n kuin pelkk\u00e4 lis\u00e4varuste; t\u00e4m\u00e4 asu kutsuu fantasiaan ja leikkis\u00e4\u00e4n tutkimiseen.<\/li>\n<\/ol>\n\n\n\n<p><font style=\"vertical-align: inherit;\"><font style=\"vertical-align: inherit;\">\u6211\u4eec\u7684\u6279\u53d1\u7d27\u8eab\u6027\u611f\u62a4\u58eb\u670d\u88c5\u662f\u533b\u7597\u9b45\u529b\u4e0e\u73b0\u4ee3\u4f18\u96c5\u7684\u5b8c\u7f8e\u7ed3\u5408\uff0c\u4e3a\u60a8\u7684\u5408\uff0c\u4e3a\u60a8\u7684\u7cbe\u81f4\u7684\u5355\u54c1\u3002\u975e\u5e38\u9002\u5408\u5bfb\u6c42\u4e3a\u987e\u5ba2\u63d0\u4f9b\u5bcc\u6709\u60f3\u8c61\u529b\u7684\u670d\u88c5\u7684\u96f6\u552e\u5546\u3002\u7684\u96f6\u552e\u5546\u3002\u7ad4\u7acb\u5373\u4e3a\u60a8\u7684\u96f6\u552e\u4ea7\u54c1\u589e\u6dfb\u4fcf\u76ae\u4f18\u96c5.<\/font><\/font><\/p>\n\n\n\n<figure class=\"wp-block-table is-style-stripes\"><table class=\"has-fixed-layout\"><tbody><tr><td>Sivustokaavio (CM)<\/td><td><\/td><td><\/td><td><\/td><\/tr><tr><td>Koko<\/td><td>Pituus<\/td><td>Alempi rintakeh\u00e4<\/td><td>Vy\u00f6t\u00e4r\u00f6<\/td><\/tr><tr><td>S<\/td><td>78<\/td><td>87<\/td><td>71<\/td><\/tr><tr><td>M<\/td><td>80<\/td><td>91<\/td><td>75&nbsp;<\/td><\/tr><tr><td>L<\/td><td>82<\/td><td>97<\/td><td>81<\/td><\/tr><tr><td>XL<\/td><td>84<\/td><td>103<\/td><td>87<\/td><\/tr><tr><td>Sivustokaavio (TUUMA)<\/td><td><\/td><td><\/td><td><\/td><\/tr><tr><td>Koko<\/td><td>Pituus<\/td><td>Alempi rintakeh\u00e4<\/td><td>Vy\u00f6t\u00e4r\u00f6<\/td><\/tr><tr><td>S<\/td><td>30.71<\/td><td>34.25<\/td><td>27.95<\/td><\/tr><tr><td>M<\/td><td>31.5<\/td><td>35.83<\/td><td>29.53<\/td><\/tr><tr><td>L<\/td><td>32.28<\/td><td>38.19<\/td><td>31.89<\/td><\/tr><tr><td>XL<\/td><td>33.07<\/td><td>40.55<\/td><td>34.25<\/td><\/tr><\/tbody><\/table><\/figure>","protected":false},"excerpt":{"rendered":"<p>Tuo ripauksen vieh\u00e4tyst\u00e4 mihin tahansa ymp\u00e4rist\u00f6\u00f6n tukkumyynniss\u00e4 olevalla tiukalla seksikk\u00e4\u00e4ll\u00e4 sairaanhoitajaasusetill\u00e4mme. T\u00e4m\u00e4 kolmiosainen kokonaisuus sopii t\u00e4ydellisesti Halloween-cosplay- ja roolileikkeihin, ja se tarjoaa loputtomasti tuntikausia tarinankerrontahauskuutta \u2013 mik\u00e4 tekee siit\u00e4 ihanteellisen j\u00e4lleenmyyjille, jotka haluavat yhdist\u00e4\u00e4 l\u00e4\u00e4ketieteellisen vieh\u00e4tyksen ja modernin aistillisuuden yhteen tuotesarjaan.<\/p>\n<p>https:\/\/youtu.be\/kfdhovZ69Io<\/p>","protected":false},"featured_media":45629,"template":"","meta":[],"product_brand":[],"product_cat":[974],"product_tag":[989],"class_list":{"0":"post-45620","1":"product","2":"type-product","3":"status-publish","4":"has-post-thumbnail","6":"product_cat-wholesale-sexy-costumes","7":"product_tag-nurse-costume","8":"pa_color-white","9":"pa_size-wholesale-large-size-women-sexy-lingerie","10":"pa_size-wholesale-medium-size-women-sexy-lingerie","11":"pa_size-wholesale-small-size-sexy-lingerie","12":"pa_size-wholesale-extra-large-sexy-lingerie","14":"first","15":"instock","16":"taxable","17":"shipping-taxable","18":"purchasable","19":"product-type-variable"},"tiered_pricing_type":"fixed","tiered_pricing_fixed_rules":[],"tiered_pricing_product_settings":{"layout":"default","base_unit_name":{"singular":null,"plural":null},"default_variation":{}},"tiered_pricing_minimum_quantity":null,"tiered_pricing_roles_data":[],"tiered_pricing_percentage_rules":[],"tiered_pricing_maximum_quantity":null,"tiered_pricing_quantity_step":null,"_links":{"self":[{"href":"https:\/\/gretasexylingerie.com\/fi\/wp-json\/wp\/v2\/product\/45620","targetHints":{"allow":["GET"]}}],"collection":[{"href":"https:\/\/gretasexylingerie.com\/fi\/wp-json\/wp\/v2\/product"}],"about":[{"href":"https:\/\/gretasexylingerie.com\/fi\/wp-json\/wp\/v2\/types\/product"}],"wp:featuredmedia":[{"embeddable":true,"href":"https:\/\/gretasexylingerie.com\/fi\/wp-json\/wp\/v2\/media\/45629"}],"wp:attachment":[{"href":"https:\/\/gretasexylingerie.com\/fi\/wp-json\/wp\/v2\/media?parent=45620"}],"wp:term":[{"taxonomy":"product_brand","embeddable":true,"href":"https:\/\/gretasexylingerie.com\/fi\/wp-json\/wp\/v2\/product_brand?post=45620"},{"taxonomy":"product_cat","embeddable":true,"href":"https:\/\/gretasexylingerie.com\/fi\/wp-json\/wp\/v2\/product_cat?post=45620"},{"taxonomy":"product_tag","embeddable":true,"href":"https:\/\/gretasexylingerie.com\/fi\/wp-json\/wp\/v2\/product_tag?post=45620"}],"curies":[{"name":"wp","href":"https:\/\/api.w.org\/{rel}","templated":true}]}}