{"id":45602,"date":"2023-10-15T23:31:10","date_gmt":"2023-10-15T15:31:10","guid":{"rendered":"https:\/\/gretasexylingerie.com\/?post_type=product&#038;p=45602"},"modified":"2023-11-28T23:01:43","modified_gmt":"2023-11-28T15:01:43","slug":"tukku-seksikas-punainen-sairaanhoitaja-cosplay-mekko","status":"publish","type":"product","link":"https:\/\/gretasexylingerie.com\/fi\/products\/wholesale-sexy-red-nurse-cosplay-dress\/","title":{"rendered":"Tukkumyynti Seksik\u00e4s punainen sairaanhoitaja Cosplay-mekko"},"content":{"rendered":"<ol class=\"wp-block-list\">\n<li>Houkutteleva sairaanhoitajacosplay: Sairaanhoitaja cosplay vangitsee vastustamattoman houkuttelevan vieh\u00e4tyksen, mik\u00e4 tekee siit\u00e4 vastustamattoman j\u00e4nnitt\u00e4v\u00e4n vaihtoehdon seikkailunhaluisille hengille. Sen vangitseva estetiikka ja kest\u00e4v\u00e4 vetovoima v\u00e4hitt\u00e4ismyyntikokoelmaasi houkuttelevat l\u00e4\u00e4ketieteellist\u00e4 fantasiaa ja leikkis\u00e4\u00e4 tutkimusta.<\/li>\n\n\n\n<li>Aistillinen punainen mekko: Viettelev\u00e4 punainen mekko lis\u00e4\u00e4 viettely\u00e4 ja tarjoaa imartelevan siluetin, joka vetoaa asiakkaisiin laajalla valikoimalla. J\u00e4lleenmyyj\u00e4t, jotka haluavat tarjota innovatiivisia vaatteita, saattavat pit\u00e4\u00e4 punaista mekkoa erityisen hy\u00f6dyllisen\u00e4.<\/li>\n\n\n\n<li>Roolileikkivalmius: T\u00e4m\u00e4 hoitajaasu on suunniteltu erityisesti roolileikkej\u00e4 varten, ja sen avulla loppukuluttajat voivat tutkia fantasioitaan. J\u00e4lleenmyyj\u00e4t, jotka haluavat tarjota valikoiman mielikuvituksellisia asuja, pit\u00e4v\u00e4t t\u00e4st\u00e4 erinomaisesti.<\/li>\n\n\n\n<li>Laadukas k\u00e4sity\u00f6: Sitoutumisemme tarjota tukkutuotteita, jotka eiv\u00e4t vaaranna mukavuutta tai laatua, n\u00e4kyy ylivertaisen ammattitaitoisena. T\u00e4m\u00e4 varmistaa mukavan mutta seksikk\u00e4\u00e4n istuvuuden tinkim\u00e4tt\u00e4 tyylist\u00e4 tai muotoilusta.<\/li>\n\n\n\n<li>Tukkumyyntivalmius: Tukkumyynti\u00e4 silm\u00e4ll\u00e4 pit\u00e4en t\u00e4m\u00e4 cosplay-hoitajaasu on valmistettu yhdeksi v\u00e4hitt\u00e4ismyyntikokoelmasi myydyimmist\u00e4 tuotteista. Enemm\u00e4n kuin vain puku; se avaa fantasiamaailman ja leikkis\u00e4n tutkimisen!<\/li>\n<\/ol>\n\n\n\n<p>Laajenna v\u00e4hitt\u00e4ismyyntikokoelmaasi tukku-cosplay-sairaanhoitajaasullamme, joka on ihanteellinen sekoitus l\u00e4\u00e4ketieteellist\u00e4 fantasiaa ja modernia eleganssia. Ihanteellinen j\u00e4lleenmyyjille, jotka haluavat tarjota monipuolisen ja mielikuvituksellisen vaatevalikoiman. Ota yhteytt\u00e4 tukkumyyntiin nyt ja lis\u00e4\u00e4 valikoimaasi leikkis\u00e4\u00e4 eleganssia.<\/p>\n\n\n\n<p><\/p>\n\n\n\n<figure class=\"wp-block-table is-style-stripes\"><table class=\"has-fixed-layout\"><tbody><tr><td>Sivustokaavio (CM)<\/td><td><\/td><td><\/td><td><\/td><\/tr><tr><td>Koko<\/td><td>Pituus<\/td><td>Alempi rintakeh\u00e4<\/td><td>Vy\u00f6t\u00e4r\u00f6<\/td><\/tr><tr><td>S<\/td><td>61<\/td><td>77<\/td><td>71<\/td><\/tr><tr><td>M<\/td><td>62.5<\/td><td>81<\/td><td>75&nbsp;<\/td><\/tr><tr><td>L<\/td><td>64<\/td><td>87<\/td><td>81<\/td><\/tr><tr><td>XL<\/td><td>65.5<\/td><td>93<\/td><td>87<\/td><\/tr><tr><td>Sivustokaavio (TUUMA)<\/td><td><\/td><td><\/td><td><\/td><\/tr><tr><td>Koko<\/td><td>Pituus<\/td><td>Alempi rintakeh\u00e4<\/td><td>Vy\u00f6t\u00e4r\u00f6<\/td><\/tr><tr><td>S<\/td><td>24.02<\/td><td>30.31<\/td><td>27.95<\/td><\/tr><tr><td>M<\/td><td>24.61<\/td><td>31.89<\/td><td>29.53<\/td><\/tr><tr><td>L<\/td><td>25.2<\/td><td>34.25<\/td><td>31.89<\/td><\/tr><tr><td>XL<\/td><td>25.79<\/td><td>36.61<\/td><td>34.25<\/td><\/tr><\/tbody><\/table><\/figure>","protected":false},"excerpt":{"rendered":"<p>Esittele vieh\u00e4tysvoima tukkumyynniss\u00e4 olevalla cosplay-hoitajaasullamme. Silm\u00e4\u00e4npist\u00e4v\u00e4 punainen mekko, cosplay-hoitajaasumme muuttaa hetken tahansa mukaansatempaavaksi kerronnalliseksi kokemukseksi \u2013 ihanteellinen valinta j\u00e4lleenmyyjille, jotka haluavat tarjota sek\u00e4 l\u00e4\u00e4ketieteellist\u00e4 fantasiaa ett\u00e4 modernia aistillisuutta yhdess\u00e4 tuotteessa!<\/p>\n<p><iframe width=\"840\" height=\"473\" src=\"https:\/\/www.youtube.com\/embed\/rY_AWwEOQ4Y\" title=\"Tukku Seksik\u00e4s punainen sairaanhoitaja Cosplay mekko #muokattu pakkaus #muokattu tarra\" frameborder=\"0\" allow=\"accelerometer; autoplay; clipboard-write; encrypted-media; gyroscope; picture-in-picture; web-share\" allowfullscreen><\/iframe><\/p>","protected":false},"featured_media":45612,"template":"","meta":[],"product_brand":[],"product_cat":[974],"product_tag":[989],"class_list":{"0":"post-45602","1":"product","2":"type-product","3":"status-publish","4":"has-post-thumbnail","6":"product_cat-wholesale-sexy-costumes","7":"product_tag-nurse-costume","8":"pa_color-red-women-sexy-lingerie","9":"pa_size-wholesale-large-size-women-sexy-lingerie","10":"pa_size-wholesale-medium-size-women-sexy-lingerie","11":"pa_size-wholesale-small-size-sexy-lingerie","12":"pa_size-wholesale-extra-large-sexy-lingerie","14":"first","15":"instock","16":"taxable","17":"shipping-taxable","18":"purchasable","19":"product-type-variable"},"tiered_pricing_type":"fixed","tiered_pricing_fixed_rules":[],"tiered_pricing_product_settings":{"layout":"default","base_unit_name":{"singular":null,"plural":null},"default_variation":{}},"tiered_pricing_minimum_quantity":null,"tiered_pricing_roles_data":[],"tiered_pricing_percentage_rules":[],"tiered_pricing_maximum_quantity":null,"tiered_pricing_quantity_step":null,"_links":{"self":[{"href":"https:\/\/gretasexylingerie.com\/fi\/wp-json\/wp\/v2\/product\/45602","targetHints":{"allow":["GET"]}}],"collection":[{"href":"https:\/\/gretasexylingerie.com\/fi\/wp-json\/wp\/v2\/product"}],"about":[{"href":"https:\/\/gretasexylingerie.com\/fi\/wp-json\/wp\/v2\/types\/product"}],"wp:featuredmedia":[{"embeddable":true,"href":"https:\/\/gretasexylingerie.com\/fi\/wp-json\/wp\/v2\/media\/45612"}],"wp:attachment":[{"href":"https:\/\/gretasexylingerie.com\/fi\/wp-json\/wp\/v2\/media?parent=45602"}],"wp:term":[{"taxonomy":"product_brand","embeddable":true,"href":"https:\/\/gretasexylingerie.com\/fi\/wp-json\/wp\/v2\/product_brand?post=45602"},{"taxonomy":"product_cat","embeddable":true,"href":"https:\/\/gretasexylingerie.com\/fi\/wp-json\/wp\/v2\/product_cat?post=45602"},{"taxonomy":"product_tag","embeddable":true,"href":"https:\/\/gretasexylingerie.com\/fi\/wp-json\/wp\/v2\/product_tag?post=45602"}],"curies":[{"name":"wp","href":"https:\/\/api.w.org\/{rel}","templated":true}]}}