{"id":45586,"date":"2023-10-15T23:04:10","date_gmt":"2023-10-15T15:04:10","guid":{"rendered":"https:\/\/gretasexylingerie.com\/?post_type=product&#038;p=45586"},"modified":"2023-10-15T23:06:49","modified_gmt":"2023-10-15T15:06:49","slug":"tukku-selkanojaton-cheerleading-roolipelisetti","status":"publish","type":"product","link":"https:\/\/gretasexylingerie.com\/fi\/products\/wholesale-backless-halterneck-cheerleading-role-play-set\/","title":{"rendered":"Tukkumyynti, selk\u00e4nojaton cheerleading-roolipelisetti"},"content":{"rendered":"<ol class=\"wp-block-list\">\n<li>Nuorekas JK-asusuunnittelu: JK-asusuunnittelu huokuu nuorekasta charmia, mik\u00e4 tekee siit\u00e4 j\u00e4nnitt\u00e4v\u00e4n vaihtoehdon seikkailunhaluisille hengille. Sen leikkis\u00e4 estetiikka takaa kest\u00e4v\u00e4n vetovoiman v\u00e4hitt\u00e4ismyyntikokoelmissa ja luo samalla tarinan koulutytt\u00f6jen vieh\u00e4tysvoimasta ja leikkis\u00e4st\u00e4 tutkimisesta.<\/li>\n\n\n\n<li>Seksik\u00e4s ruudullinen PU-nahka: T\u00e4m\u00e4 aistillinen ruudullinen PU-nahka ei vain tuo modernia ja hienostuneisuutta mihin tahansa ulkoasuun, vaan my\u00f6s luo auran aistillisuudesta \u2013 mik\u00e4 tekee t\u00e4st\u00e4 asusta poikkeuksellinen kappale v\u00e4hitt\u00e4ismyyntiin.<\/li>\n\n\n\n<li>Selk\u00e4nojaton halterneck Elegance: Selk\u00e4nojaton halterneck-muotoilu tarjoaa houkuttelevan siluetin, joten se on suosittu valinta eri-ik\u00e4isten ja v\u00e4est\u00f6ryhmien keskuudessa. J\u00e4lleenmyyjien, jotka haluavat tarjota valikoiman mielikuvituksellisia asuja, kannattaa hankkia valikoima n\u00e4it\u00e4 hienoja vaatteita.<\/li>\n\n\n\n<li>Cheerleading Role-Play -valmis: T\u00e4m\u00e4 sarja on suunniteltu erityisesti mahdollistamaan cheerleading-roolileikki, ja se kutsuu loppukuluttajat ilmaisemaan itse\u00e4\u00e4n vapaasti roolileikin kautta. Ihanteellinen vaihtoehto v\u00e4hitt\u00e4iskauppiaille, jotka haluavat tarjota erilaisia vaateratkaisuja.<\/li>\n\n\n\n<li>Tukkumyyntivalmius: Tukkumyynti\u00e4 ajatellen t\u00e4st\u00e4 JK-asusetist\u00e4 tulee varmasti v\u00e4hitt\u00e4ismyyntikokoelmasi bestseller. Enemm\u00e4n kuin tavallinen puku; T\u00e4m\u00e4 JK-setti tarjoaa p\u00e4\u00e4syn j\u00e4nnitt\u00e4v\u00e4\u00e4n fantasiamaailmaan ja leikkis\u00e4\u00e4n mielikuvitukseen!<\/li>\n<\/ol>\n\n\n\n<p>Laajenna v\u00e4hitt\u00e4ismyyntivalikoimaasi tukkuruudullisilla PU-nahkaisella JK-asullamme, joka on ihanteellinen yhdistelm\u00e4 nuorekasta charmia ja nykyaikaista eleganssia. Se on ihanteellinen vaihtoehto j\u00e4lleenmyyjille, jotka haluavat tarjota asiakkaille kiehtovan valikoiman asuja, joten ota meihin yhteytt\u00e4 tukkumyynti\u00e4 koskevissa tiedusteluissa ja lis\u00e4\u00e4 valikoimaasi leikkis\u00e4\u00e4 eleganssia.<\/p>\n\n\n\n<figure class=\"wp-block-table is-style-stripes\"><table class=\"has-fixed-layout\"><tbody><tr><td>Sivustokaavio (CM)<\/td><td><\/td><td><\/td><td><\/td><\/tr><tr><td>Koko<\/td><td>Pituus<\/td><td>Alempi rintakeh\u00e4<\/td><td>Vy\u00f6t\u00e4r\u00f6<\/td><\/tr><tr><td>S<\/td><td>52<\/td><td>86-90<\/td><td>57-61<\/td><\/tr><tr><td>M<\/td><td>54<\/td><td>90-94<\/td><td>61-65<\/td><\/tr><tr><td>L<\/td><td>56<\/td><td>94-98<\/td><td>65-69<\/td><\/tr><tr><td>XL<\/td><td>58<\/td><td>98-102<\/td><td>69-73<\/td><\/tr><tr><td>Sivustokaavio (TUUMA)<\/td><td><\/td><td><\/td><td><\/td><\/tr><tr><td>Koko<\/td><td>Pituus<\/td><td>Alempi rintakeh\u00e4<\/td><td>Vy\u00f6t\u00e4r\u00f6<\/td><\/tr><tr><td>S<\/td><td>20.47<\/td><td>33.86-35.43<\/td><td>22.44-24.02<\/td><\/tr><tr><td>M<\/td><td>21.26<\/td><td>35.43-37.01<\/td><td>24.02-25.59<\/td><\/tr><tr><td>L<\/td><td>22.05<\/td><td>37.01-38.58<\/td><td>25.59-27.17<\/td><\/tr><tr><td>XL<\/td><td>22.83<\/td><td>38.58-40.16<\/td><td>27.17-28.74<\/td><\/tr><\/tbody><\/table><\/figure>","protected":false},"excerpt":{"rendered":"<p>P\u00e4\u00e4st\u00e4 leikkis\u00e4n seikkailun henki valloilleen tukkumyynnin ruudullisilla PU-nahkaisilla JK-asuillamme! T\u00e4ydellinen cheerleading-roolileikkeihin, sen selk\u00e4nojaton halterneck-muotoilu sytytt\u00e4\u00e4 fantasia \u2013 mik\u00e4 tekee t\u00e4st\u00e4 setist\u00e4 erinomaisen vaihtoehdon j\u00e4lleenmyyjille, jotka haluavat tarjota sek\u00e4 nuorekasta charmia ett\u00e4 modernia aistillisuutta yhdess\u00e4 paketissa.<\/p>","protected":false},"featured_media":45598,"template":"","meta":[],"product_brand":[],"product_cat":[974],"product_tag":[976],"class_list":{"0":"post-45586","1":"product","2":"type-product","3":"status-publish","4":"has-post-thumbnail","6":"product_cat-wholesale-sexy-costumes","7":"product_tag-schoolgirl-costumes","8":"pa_color-blue-women-sexy-lingerie","9":"pa_size-wholesale-large-size-women-sexy-lingerie","10":"pa_size-wholesale-medium-size-women-sexy-lingerie","11":"pa_size-wholesale-small-size-sexy-lingerie","12":"pa_size-wholesale-extra-large-sexy-lingerie","14":"first","15":"instock","16":"taxable","17":"shipping-taxable","18":"purchasable","19":"product-type-variable"},"tiered_pricing_type":"fixed","tiered_pricing_fixed_rules":[],"tiered_pricing_product_settings":{"layout":"default","base_unit_name":{"singular":null,"plural":null},"default_variation":{}},"tiered_pricing_minimum_quantity":null,"tiered_pricing_roles_data":[],"tiered_pricing_percentage_rules":[],"tiered_pricing_maximum_quantity":null,"tiered_pricing_quantity_step":null,"_links":{"self":[{"href":"https:\/\/gretasexylingerie.com\/fi\/wp-json\/wp\/v2\/product\/45586","targetHints":{"allow":["GET"]}}],"collection":[{"href":"https:\/\/gretasexylingerie.com\/fi\/wp-json\/wp\/v2\/product"}],"about":[{"href":"https:\/\/gretasexylingerie.com\/fi\/wp-json\/wp\/v2\/types\/product"}],"wp:featuredmedia":[{"embeddable":true,"href":"https:\/\/gretasexylingerie.com\/fi\/wp-json\/wp\/v2\/media\/45598"}],"wp:attachment":[{"href":"https:\/\/gretasexylingerie.com\/fi\/wp-json\/wp\/v2\/media?parent=45586"}],"wp:term":[{"taxonomy":"product_brand","embeddable":true,"href":"https:\/\/gretasexylingerie.com\/fi\/wp-json\/wp\/v2\/product_brand?post=45586"},{"taxonomy":"product_cat","embeddable":true,"href":"https:\/\/gretasexylingerie.com\/fi\/wp-json\/wp\/v2\/product_cat?post=45586"},{"taxonomy":"product_tag","embeddable":true,"href":"https:\/\/gretasexylingerie.com\/fi\/wp-json\/wp\/v2\/product_tag?post=45586"}],"curies":[{"name":"wp","href":"https:\/\/api.w.org\/{rel}","templated":true}]}}