{"id":45562,"date":"2023-10-15T22:26:27","date_gmt":"2023-10-15T14:26:27","guid":{"rendered":"https:\/\/gretasexylingerie.com\/?post_type=product&#038;p=45562"},"modified":"2023-10-15T22:31:23","modified_gmt":"2023-10-15T14:31:23","slug":"tukkumyynnissa-vietteleva-opiskelija-alusasusetti-kuumalle-tytolle","status":"publish","type":"product","link":"https:\/\/gretasexylingerie.com\/fi\/products\/wholesale-seductive-student-lingerie-set-for-hot-girl\/","title":{"rendered":"Tukkumyynti viettelev\u00e4 opiskelija-alusvaatesarja kuumalle tyt\u00f6lle"},"content":{"rendered":"<ol class=\"wp-block-list\">\n<li>Nuorekas opiskelijapukusuunnittelu: Ikoninen opiskelijapukusuunnittelu vangitsee nuorekkaan vieh\u00e4tysvoiman, mik\u00e4 tekee siit\u00e4 j\u00e4nnitt\u00e4v\u00e4n vaihtoehdon seikkailunhaluisille sieluille. Sen mukaansatempaava estetiikka takaa pitk\u00e4n aikav\u00e4lin vetovoiman v\u00e4hitt\u00e4ismyyntikokoelmissa ja kutsuu samalla kertomaan viattomuudesta ja vieh\u00e4tt\u00e4vyydest\u00e4.<\/li>\n\n\n\n<li>Viettelev\u00e4 lyhyt mekko: Lyhyt mekko lis\u00e4\u00e4 leikkis\u00e4\u00e4 vieh\u00e4tysvoimaa samalla, kun se huokuu viettely\u00e4, erottaa t\u00e4m\u00e4n alusvaatesarjan toisistaan ja tekee siit\u00e4 ainutlaatuisen kappaleen v\u00e4hitt\u00e4ismyyntiin.<\/li>\n\n\n\n<li>Ohuet kolmionmuotoiset kuppiliivit: N\u00e4m\u00e4 herk\u00e4t, mutta imartelevat kolmionmuotoiset kuppirintaliivit ovat erinomainen lis\u00e4 jokaiseen liikkeeseen, joka tarjoaa valikoiman luovia vaatteita, ja ne ovat houkutteleva valinta eri-ik\u00e4isille ja -vartalotyypeille. Ne ovat erityisen hyv\u00e4 tapa lis\u00e4t\u00e4 myynti\u00e4!<\/li>\n\n\n\n<li>Houkuttelevat ohuet stringit: Houkuttelevat ohuet stringit huokuvat modernia eleganssia samalla kun ne ovat viettelevi\u00e4; osoitus sitoutumisestamme tarjota tukkutuotteita mukavuudesta tai laadusta tinkim\u00e4tt\u00e4.<\/li>\n\n\n\n<li>Tukkumyyntivalmius: Tukkumyynti\u00e4 silm\u00e4ll\u00e4 pit\u00e4en t\u00e4st\u00e4 opiskelijaasujen alusvaatesarjasta tulee yksi v\u00e4hitt\u00e4ismyyntikokoelmasi kuumimmista myyjist\u00e4. Tavallisen puvun lis\u00e4ksi t\u00e4m\u00e4 setti kutsuu luovaan leikkiin ja leikkis\u00e4\u00e4n l\u00f6yt\u00f6ihin.<\/li>\n<\/ol>\n\n\n\n<p>Lis\u00e4\u00e4 tukkumyynniss\u00e4 viettelev\u00e4 opiskelijaasusarjamme v\u00e4hitt\u00e4ismyyntikokoelmaasi saadaksesi edullisen ja leikkis\u00e4n eleganssin lis\u00e4yksen! Siin\u00e4 yhdistyv\u00e4t koulutytt\u00f6jen vieh\u00e4tys ja moderni eleganssi, ja se sopii t\u00e4ydellisesti j\u00e4lleenmyyjille, jotka tarjoavat monipuolisia ja mielikuvituksellisia vaatteita. Ota yhteytt\u00e4 tukkumyynti\u00e4 varten jo t\u00e4n\u00e4\u00e4n ja lis\u00e4\u00e4 valikoimaasi leikkis\u00e4\u00e4 eleganssia!<\/p>\n\n\n\n<p><\/p>\n\n\n\n<figure class=\"wp-block-table is-style-stripes\"><table class=\"has-fixed-layout\"><tbody><tr><td>Sivustokaavio (CM)<\/td><td><\/td><td><\/td><td><\/td><\/tr><tr><td>Koko<\/td><td>Pituus<\/td><td>Alempi rintakeh\u00e4<\/td><td>Vy\u00f6t\u00e4r\u00f6<\/td><\/tr><tr><td>S<\/td><td>30<\/td><td>86-90<\/td><td>56-60<\/td><\/tr><tr><td>M<\/td><td>31<\/td><td>90-94<\/td><td>60-64<\/td><\/tr><tr><td>L<\/td><td>32<\/td><td>94-98<\/td><td>64-68<\/td><\/tr><tr><td>XL<\/td><td>33<\/td><td>98-102<\/td><td>68-72<\/td><\/tr><tr><td>Sivustokaavio (TUUMA)<\/td><td><\/td><td><\/td><td><\/td><\/tr><tr><td>Koko<\/td><td>Pituus<\/td><td>Alempi rintakeh\u00e4<\/td><td>Vy\u00f6t\u00e4r\u00f6<\/td><\/tr><tr><td>S<\/td><td>11.81<\/td><td>33.86-35.43<\/td><td>22.05-23.62<\/td><\/tr><tr><td>M<\/td><td>12.2<\/td><td>35.43-37.01<\/td><td>23.62-25.20<\/td><\/tr><tr><td>L<\/td><td>12.6<\/td><td>37.01-38.58<\/td><td>25.20-26.77<\/td><\/tr><tr><td>XL<\/td><td>12.99<\/td><td>38.58-40.16<\/td><td>26.77-28.35<\/td><\/tr><\/tbody><\/table><\/figure>","protected":false},"excerpt":{"rendered":"<p>Nauti nuorekkaista fantasioista tukkumyynniss\u00e4 viettelevill\u00e4 opiskelijapukualusvaatteilla, jotka on suunniteltu kuumille tyt\u00f6ille. Lyhyt mekko yhdistettyn\u00e4 ohuisiin kolmion muotoisiin kupliiviin ja ohuisiin stringeihin tarjoaa t\u00e4ydellisen yhdistelm\u00e4n viattomuutta ja vieh\u00e4tysvoimaa, joten t\u00e4m\u00e4 setti on ihanteellinen j\u00e4lleenmyyjille, jotka haluavat tarjota koulutytt\u00f6jen charmia modernin aistillisuuden rinnalla.<\/p>","protected":false},"featured_media":45570,"template":"","meta":[],"product_brand":[],"product_cat":[974],"product_tag":[976],"class_list":{"0":"post-45562","1":"product","2":"type-product","3":"status-publish","4":"has-post-thumbnail","6":"product_cat-wholesale-sexy-costumes","7":"product_tag-schoolgirl-costumes","8":"pa_color-red-women-sexy-lingerie","9":"pa_size-wholesale-large-size-women-sexy-lingerie","10":"pa_size-wholesale-medium-size-women-sexy-lingerie","11":"pa_size-wholesale-small-size-sexy-lingerie","12":"pa_size-wholesale-extra-large-sexy-lingerie","14":"first","15":"instock","16":"taxable","17":"shipping-taxable","18":"purchasable","19":"product-type-variable"},"tiered_pricing_type":"fixed","tiered_pricing_fixed_rules":[],"tiered_pricing_product_settings":{"layout":"default","base_unit_name":{"singular":null,"plural":null},"default_variation":{}},"tiered_pricing_minimum_quantity":null,"tiered_pricing_roles_data":[],"tiered_pricing_percentage_rules":[],"tiered_pricing_maximum_quantity":null,"tiered_pricing_quantity_step":null,"_links":{"self":[{"href":"https:\/\/gretasexylingerie.com\/fi\/wp-json\/wp\/v2\/product\/45562","targetHints":{"allow":["GET"]}}],"collection":[{"href":"https:\/\/gretasexylingerie.com\/fi\/wp-json\/wp\/v2\/product"}],"about":[{"href":"https:\/\/gretasexylingerie.com\/fi\/wp-json\/wp\/v2\/types\/product"}],"wp:featuredmedia":[{"embeddable":true,"href":"https:\/\/gretasexylingerie.com\/fi\/wp-json\/wp\/v2\/media\/45570"}],"wp:attachment":[{"href":"https:\/\/gretasexylingerie.com\/fi\/wp-json\/wp\/v2\/media?parent=45562"}],"wp:term":[{"taxonomy":"product_brand","embeddable":true,"href":"https:\/\/gretasexylingerie.com\/fi\/wp-json\/wp\/v2\/product_brand?post=45562"},{"taxonomy":"product_cat","embeddable":true,"href":"https:\/\/gretasexylingerie.com\/fi\/wp-json\/wp\/v2\/product_cat?post=45562"},{"taxonomy":"product_tag","embeddable":true,"href":"https:\/\/gretasexylingerie.com\/fi\/wp-json\/wp\/v2\/product_tag?post=45562"}],"curies":[{"name":"wp","href":"https:\/\/api.w.org\/{rel}","templated":true}]}}