{"id":45546,"date":"2023-10-13T23:59:04","date_gmt":"2023-10-13T15:59:04","guid":{"rendered":"https:\/\/gretasexylingerie.com\/?post_type=product&#038;p=45546"},"modified":"2024-01-17T21:43:19","modified_gmt":"2024-01-17T13:43:19","slug":"tukku-seksikas-joulupuku-syva-v-body","status":"publish","type":"product","link":"https:\/\/gretasexylingerie.com\/fi\/products\/wholesale-sexy-christmas-costume-deep-v-bodysuit\/","title":{"rendered":"Tukku Sexy Christmas Costume Deep V Bodysuit"},"content":{"rendered":"<ol class=\"wp-block-list\">\n<li>Juhlaveto: Joulupuvun juhlava kauneus tekee siit\u00e4 j\u00e4nnitt\u00e4v\u00e4n valinnan lomaesityksiin ja kaikenlaisiin esityksiin. Leikkisill\u00e4 estetiikalla, joka takaa pitk\u00e4n aikav\u00e4lin vetovoiman v\u00e4hitt\u00e4ismyyntikokoelmissa, ne auttavat kertomaan tarinoita juhlasta ja vieh\u00e4tysvoimasta ja kutsuvat el\u00e4mykseen perustuvan tarinan juhlimaan t\u00e4t\u00e4 vuodenaikaa.<\/li>\n\n\n\n<li>Sensual Deep V Bodysuit: T\u00e4m\u00e4 aistillinen syv\u00e4 V body ei vain lis\u00e4\u00e4 viettelev\u00e4\u00e4 vetovoimaa, vaan se my\u00f6s imartelee melkein jokaisessa figuurissa \u2013 tehden siit\u00e4 suositun vaihtoehdon eri-ik\u00e4isten ja -taustaisten asiakkaiden keskuudessa. Se erottuu v\u00e4hitt\u00e4ismyyntimallistossasi eksklusiivisena tarjouksena ja takaa ihanteellisen asiakaskokemuksen!<\/li>\n\n\n\n<li>Ylivertainen k\u00e4sity\u00f6taito: Korkealaatuinen ammattitaitomme takaa tehokkaan mutta mukavan istuvuuden tinkim\u00e4tt\u00e4 seksikkyydest\u00e4, mik\u00e4 kertoo sitoutumisestamme tarjota tukkutuotteita, jotka eiv\u00e4t tingit\u00e4 mukavuudesta tai laadusta.<\/li>\n\n\n\n<li>Asu juhlaesityksiin: T\u00e4ydellinen teemajuhliin ja -esityksiin, t\u00e4m\u00e4 jouluasu sopii monenlaisiin juhlatilaisuuksiin \u2013 joten se on ihanteellinen ratkaisu j\u00e4lleenmyyjille, jotka haluavat tarjota monipuolista lomavaatevalikoimaa.<\/li>\n\n\n\n<li>Tukkumyyntivalmis: T\u00e4m\u00e4 joulupuku on suunniteltu tukkumyynti\u00e4 varten, ja siit\u00e4 voi nopeasti tulla yksi v\u00e4hitt\u00e4ismyyntikokoelmasi myydyimmist\u00e4 tuotteista. Sen lis\u00e4ksi, ett\u00e4 se on vain pukeutumisesine, se avaa fantasia- ja juhlavan tutkimusalueen, joka odottaa l\u00f6yt\u00e4mist\u00e4!<\/li>\n<\/ol>\n\n\n\n<p>Lis\u00e4\u00e4 tukkukaupan seksik\u00e4s joulupuku v\u00e4hitt\u00e4ismyyntikokoelmaasi lis\u00e4t\u00e4ksesi juhlavaa vieh\u00e4tyst\u00e4 ja aistillista eleganssia. Se on ihanteellinen j\u00e4lleenmyyjille, jotka haluavat tarjota monipuolisen ja mielikuvituksellisen valikoiman lomaasuja. Ota meihin yhteytt\u00e4 nyt, jos haluat kysy\u00e4 tukkumyynti\u00e4 ja lis\u00e4\u00e4 leikkis\u00e4\u00e4 eleganssia valikoimaasi jo t\u00e4n\u00e4\u00e4n.<\/p>\n\n\n\n<figure class=\"wp-block-table is-style-stripes\"><table class=\"has-fixed-layout\"><tbody><tr><td>Sivustokaavio (CM)<\/td><td><\/td><td><\/td><td><\/td><\/tr><tr><td>Koko<\/td><td>Pituus<\/td><td>Alempi rintakeh\u00e4<\/td><td>Vy\u00f6t\u00e4r\u00f6<\/td><\/tr><tr><td>S<\/td><td>67.5<\/td><td>86-90<\/td><td>62-66<\/td><\/tr><tr><td>M<\/td><td>69.5<\/td><td>90-94<\/td><td>66-70<\/td><\/tr><tr><td>L<\/td><td>71.5<\/td><td>94-98<\/td><td>70-74<\/td><\/tr><tr><td>XL<\/td><td>73.5<\/td><td>98-102<\/td><td>74-78<\/td><\/tr><tr><td>Sivustokaavio (TUUMA)<\/td><td><\/td><td><\/td><td><\/td><\/tr><tr><td>Koko<\/td><td>Pituus<\/td><td>Alempi rintakeh\u00e4<\/td><td>Vy\u00f6t\u00e4r\u00f6<\/td><\/tr><tr><td>S<\/td><td>26.57<\/td><td>33.86-35.43<\/td><td>24.41-25.98<\/td><\/tr><tr><td>M<\/td><td>27.36<\/td><td>35.43-37.01<\/td><td>25.98-27.56<\/td><\/tr><tr><td>L<\/td><td>28.15<\/td><td>37.01-38.58<\/td><td>27.56-29.13<\/td><\/tr><tr><td>XL<\/td><td>28.94<\/td><td>38.58-40.16<\/td><td>29.13-30.71<\/td><\/tr><\/tbody><\/table><\/figure>","protected":false},"excerpt":{"rendered":"<p>P\u00e4\u00e4st\u00e4 joulun taika valloilleen tukkukaupan seksikk\u00e4ill\u00e4 jouluasuillamme. Lomaesityksi\u00e4 ja tapahtumia parantamaan suunniteltu syv\u00e4 V-body tekee jokaisesta t\u00e4rke\u00e4st\u00e4 juhlasta maagisen! Erinomainen valinta j\u00e4lleenmyyjille, jotka haluavat tarjota juhlallista vieh\u00e4tyst\u00e4 yhdistettyn\u00e4 aistilliseen eleganssiin.<\/p>","protected":false},"featured_media":45554,"template":"","meta":[],"product_brand":[],"product_cat":[370,974,367,373],"product_tag":[964,984],"class_list":{"0":"post-45546","1":"product","2":"type-product","3":"status-publish","4":"has-post-thumbnail","6":"product_cat-bodysuit","7":"product_cat-wholesale-sexy-costumes","8":"product_cat-sexy-lingerie","9":"product_cat-wholesale-sexy-mesh-bodysuit","10":"product_tag-christmas-lingerie","11":"product_tag-halloween-costumes","12":"pa_color-red-women-sexy-lingerie","13":"pa_size-wholesale-large-size-women-sexy-lingerie","14":"pa_size-wholesale-medium-size-women-sexy-lingerie","15":"pa_size-wholesale-small-size-sexy-lingerie","16":"pa_size-wholesale-extra-large-sexy-lingerie","18":"first","19":"instock","20":"taxable","21":"shipping-taxable","22":"purchasable","23":"product-type-variable"},"tiered_pricing_type":"fixed","tiered_pricing_fixed_rules":[],"tiered_pricing_product_settings":{"layout":"default","base_unit_name":{"singular":null,"plural":null},"default_variation":null},"tiered_pricing_minimum_quantity":null,"tiered_pricing_roles_data":[],"tiered_pricing_percentage_rules":[],"tiered_pricing_maximum_quantity":null,"tiered_pricing_quantity_step":null,"_links":{"self":[{"href":"https:\/\/gretasexylingerie.com\/fi\/wp-json\/wp\/v2\/product\/45546","targetHints":{"allow":["GET"]}}],"collection":[{"href":"https:\/\/gretasexylingerie.com\/fi\/wp-json\/wp\/v2\/product"}],"about":[{"href":"https:\/\/gretasexylingerie.com\/fi\/wp-json\/wp\/v2\/types\/product"}],"wp:featuredmedia":[{"embeddable":true,"href":"https:\/\/gretasexylingerie.com\/fi\/wp-json\/wp\/v2\/media\/45554"}],"wp:attachment":[{"href":"https:\/\/gretasexylingerie.com\/fi\/wp-json\/wp\/v2\/media?parent=45546"}],"wp:term":[{"taxonomy":"product_brand","embeddable":true,"href":"https:\/\/gretasexylingerie.com\/fi\/wp-json\/wp\/v2\/product_brand?post=45546"},{"taxonomy":"product_cat","embeddable":true,"href":"https:\/\/gretasexylingerie.com\/fi\/wp-json\/wp\/v2\/product_cat?post=45546"},{"taxonomy":"product_tag","embeddable":true,"href":"https:\/\/gretasexylingerie.com\/fi\/wp-json\/wp\/v2\/product_tag?post=45546"}],"curies":[{"name":"wp","href":"https:\/\/api.w.org\/{rel}","templated":true}]}}