{"id":45489,"date":"2023-10-13T01:11:57","date_gmt":"2023-10-12T17:11:57","guid":{"rendered":"https:\/\/gretasexylingerie.com\/?post_type=product&#038;p=45489"},"modified":"2023-10-13T01:13:23","modified_gmt":"2023-10-12T17:13:23","slug":"tukku-seksikas-poliisinaisen-puku-cosplay-naisten-puku","status":"publish","type":"product","link":"https:\/\/gretasexylingerie.com\/fi\/products\/wholesale-sexy-policewoman-costume-cosplay-womens-suit\/","title":{"rendered":"Tukkumyynti seksik\u00e4s poliisinaisen asu Cosplay naisten puku"},"content":{"rendered":"<ol class=\"wp-block-list\">\n<li>Komentava vetoomus: Viettelev\u00e4 poliisinaisen asumme huokuu hallitsevaa vetovoimaa, joten se on houkutteleva vaihtoehto seikkailunhaluisille sieluille. Se ilment\u00e4\u00e4 arvovaltaista auraa ja aistillista vieh\u00e4tyst\u00e4, mik\u00e4 tekee t\u00e4st\u00e4 kappaleesta erottuvan v\u00e4hitt\u00e4ismyyntikokoelmassasi.<\/li>\n\n\n\n<li>Kiinnostava Cosplay-kokemus: T\u00e4m\u00e4 setti on suunniteltu mukaansatempaavaan poliisin cosplay-kokemukseen, jolloin loppukuluttajat voivat nauttia fantasioistaan. Se on erinomainen lis\u00e4 j\u00e4lleenmyyjille, jotka haluavat tarjota valikoiman roolileikkiasuja.<\/li>\n\n\n\n<li>Laadukas valmistus: Sitoutumisemme korkealaatuiseen valmistukseen takaa mukavan kulumisen ja pidennetyn leikkisyyden, mik\u00e4 osoittaa omistautumisemme tarjota asiakkaillesi vain huippulaatuisia tuotteita.<\/li>\n\n\n\n<li>Monipuolinen muotoilu: T\u00e4m\u00e4 setti tarjoaa monipuolisia muotoiluvaihtoehtoja, joten se sopii erilaisiin teematapahtumiin tai yksityisiin seikkailuihin. J\u00e4lleenmyyj\u00e4t, jotka haluavat tarjota mielikuvituksellisia vaatteita, voivat hy\u00f6ty\u00e4 t\u00e4m\u00e4n monipuolisen sarjan tarjoamisesta.<\/li>\n\n\n\n<li>Valmiina tukkumyyntiin: Tukkumyynti\u00e4 ajatellen t\u00e4m\u00e4 seksik\u00e4s poliisinaisen asu voi tulla v\u00e4litt\u00f6m\u00e4ksi v\u00e4hitt\u00e4iskaupan loppuunmyytyksi. Enemm\u00e4n kuin vain puku; T\u00e4m\u00e4 muotikappale kutsuu k\u00e4ytt\u00e4ji\u00e4 astumaan fantasiamaailmaan ja leikkis\u00e4\u00e4n auktoriteettiin.<\/li>\n<\/ol>\n\n\n\n<p>Lis\u00e4\u00e4 tukkukaupan seksik\u00e4s poliisinaisen asumme v\u00e4hitt\u00e4ismyyntivalikoimaasi ja laajenna sit\u00e4 komealla vetovoimalla ja leikkis\u00e4ll\u00e4 fantasialla! Se on ihanteellinen j\u00e4lleenmyyjille, jotka haluavat tarjota asiakkaille monipuolisia ja mielikuvituksellisia pukuvaihtoehtoja. Ota meihin yhteytt\u00e4 tukkumyyntikyselyill\u00e4, jotta voit lis\u00e4t\u00e4 valikoimaasi rohkeaa eleganssia jo t\u00e4n\u00e4\u00e4n.<\/p>\n\n\n\n<figure class=\"wp-block-table is-style-stripes\"><table class=\"has-fixed-layout\"><tbody><tr><td>Sivustokaavio (CM)<\/td><td><\/td><td><\/td><td><\/td><\/tr><tr><td>Koko<\/td><td>Pituus<\/td><td>Alempi rintakeh\u00e4<\/td><td>Vy\u00f6t\u00e4r\u00f6<\/td><\/tr><tr><td>M<\/td><td>56<\/td><td>90<\/td><td>68&nbsp;<\/td><\/tr><tr><td>L<\/td><td>56<\/td><td>95<\/td><td>73<\/td><\/tr><tr><td>Sivustokaavio (TUUMA)<\/td><td><\/td><td><\/td><td><\/td><\/tr><tr><td>Koko<\/td><td>Pituus<\/td><td>Alempi rintakeh\u00e4<\/td><td>Vy\u00f6t\u00e4r\u00f6<\/td><\/tr><tr><td>M<\/td><td>22.05<\/td><td>35.43<\/td><td>26.77<\/td><\/tr><tr><td>L<\/td><td>22.05<\/td><td>37.4<\/td><td>28.74<\/td><\/tr><\/tbody><\/table><\/figure>","protected":false},"excerpt":{"rendered":"<p>P\u00e4\u00e4st\u00e4 fantasiamaailma valloilleen tukkukaupan seksik\u00e4s poliisinaisen asumme avulla! T\u00e4m\u00e4 naisten puku on t\u00e4ydellinen cosplay-iloihin ja tapahtumiin, joissa esiintyy poliisin cosplayerej\u00e4. t\u00e4ydellinen j\u00e4lleenmyyjille, jotka haluavat laajentaa mallistoaan kiehtovalla asulla!<\/p>","protected":false},"featured_media":45503,"template":"","meta":[],"product_brand":[],"product_cat":[974],"product_tag":[978],"class_list":{"0":"post-45489","1":"product","2":"type-product","3":"status-publish","4":"has-post-thumbnail","6":"product_cat-wholesale-sexy-costumes","7":"product_tag-policewoman-costume","8":"pa_color-black","9":"pa_size-wholesale-large-size-women-sexy-lingerie","10":"pa_size-wholesale-medium-size-women-sexy-lingerie","12":"first","13":"instock","14":"taxable","15":"shipping-taxable","16":"purchasable","17":"product-type-variable"},"tiered_pricing_type":"fixed","tiered_pricing_fixed_rules":[],"tiered_pricing_product_settings":{"layout":"default","base_unit_name":{"singular":null,"plural":null},"default_variation":{}},"tiered_pricing_minimum_quantity":null,"tiered_pricing_roles_data":[],"tiered_pricing_percentage_rules":[],"tiered_pricing_maximum_quantity":null,"tiered_pricing_quantity_step":null,"_links":{"self":[{"href":"https:\/\/gretasexylingerie.com\/fi\/wp-json\/wp\/v2\/product\/45489","targetHints":{"allow":["GET"]}}],"collection":[{"href":"https:\/\/gretasexylingerie.com\/fi\/wp-json\/wp\/v2\/product"}],"about":[{"href":"https:\/\/gretasexylingerie.com\/fi\/wp-json\/wp\/v2\/types\/product"}],"wp:featuredmedia":[{"embeddable":true,"href":"https:\/\/gretasexylingerie.com\/fi\/wp-json\/wp\/v2\/media\/45503"}],"wp:attachment":[{"href":"https:\/\/gretasexylingerie.com\/fi\/wp-json\/wp\/v2\/media?parent=45489"}],"wp:term":[{"taxonomy":"product_brand","embeddable":true,"href":"https:\/\/gretasexylingerie.com\/fi\/wp-json\/wp\/v2\/product_brand?post=45489"},{"taxonomy":"product_cat","embeddable":true,"href":"https:\/\/gretasexylingerie.com\/fi\/wp-json\/wp\/v2\/product_cat?post=45489"},{"taxonomy":"product_tag","embeddable":true,"href":"https:\/\/gretasexylingerie.com\/fi\/wp-json\/wp\/v2\/product_tag?post=45489"}],"curies":[{"name":"wp","href":"https:\/\/api.w.org\/{rel}","templated":true}]}}