{"id":45384,"date":"2023-09-20T00:27:16","date_gmt":"2023-09-19T16:27:16","guid":{"rendered":"https:\/\/gretasexylingerie.com\/?post_type=product&#038;p=45384"},"modified":"2024-04-04T14:56:20","modified_gmt":"2024-04-04T06:56:20","slug":"tukku-pitsi-ja-ripsien-rintaliivit-ja-pikkuhousut-joissa-on-rakkauskirjonta","status":"publish","type":"product","link":"https:\/\/gretasexylingerie.com\/fi\/products\/wholesale-lace-and-eyelash-bra-and-panty-set-with-love-embroidery\/","title":{"rendered":"Tukkukaupan pitsi- ja ripsienrintaliivit ja -housut, joissa on rakkauskirjonta"},"content":{"rendered":"<ol class=\"wp-block-list\">\n<li>Love Embroidery -rintaliivit ja -housut sis\u00e4lt\u00e4v\u00e4t korkealaatuisia materiaaleja, jotka tarjoavat huippuluokan tuotteen kokoelmaasi. Elegantti kirjontaty\u00f6, joka lis\u00e4\u00e4 romantiikkaa ja hienostuneisuutta, Love Embroidery -sarjamme kest\u00e4\u00e4 ajan testin kaikissa olosuhteissa.<\/li>\n\n\n\n<li>T\u00e4m\u00e4 setti ilment\u00e4\u00e4 estetiikkaa ja sentimentaalisuutta houkuttelevasta pitsi- ja ripsien suunnittelusta syd\u00e4nkirjontaan, joka lis\u00e4\u00e4 koskettavaa nostalgiaa, mik\u00e4 tekee t\u00e4st\u00e4 lumoavan valinnan mihin tahansa romanttiseen tapahtumaan.<\/li>\n\n\n\n<li>Romantic Love Embroidery Alusvaatteet settimme on osoitus moitteettomasta ammattitaitosta. N\u00e4m\u00e4 rintaliivit ja pikkuhousut tarjoavat upeat pitsiyksityiskohdat yhdistettyn\u00e4 ripsien korostukseen, ja ne luovat silmiinpist\u00e4v\u00e4n ulkon\u00e4\u00f6n ja todella kiehtovan ilmeen.<\/li>\n<\/ol>\n\n\n\n<p>Astu romantiikkaan Love Embroidery -rintaliivit ja -housut -setill\u00e4, jossa on herkk\u00e4 pitsi ja ripset lis\u00e4\u00e4v\u00e4t romantiikkaa. \u00c4l\u00e4 missaa t\u00e4t\u00e4 premium-kappaletta, joka on suunniteltu erityisi\u00e4 hetki\u00e4 varten; ota yhteytt\u00e4 nyt tehd\u00e4ksesi tilauksesi tai kysy lis\u00e4\u00e4! Tehd\u00e4\u00e4n yhdess\u00e4 jokaisesta t\u00e4rke\u00e4st\u00e4 tilaisuudesta unohtumaton!<\/p>\n\n\n\n<figure class=\"wp-block-table is-style-stripes\"><table class=\"has-fixed-layout\"><tbody><tr><td>Sivustokaavio (CM)<\/td><td><\/td><td><\/td><td><\/td><td><\/td><\/tr><tr><td>Koko<\/td><td>Pituus<\/td><td>Alempi rintakeh\u00e4<\/td><td>Vy\u00f6t\u00e4r\u00f6<\/td><td>Vy\u00f6t\u00e4r\u00f6nauha<\/td><\/tr><tr><td>S<\/td><td>20<\/td><td>66<\/td><td>62<\/td><td>66<\/td><\/tr><tr><td>M<\/td><td>21<\/td><td>70<\/td><td>66&nbsp;<\/td><td>70<\/td><\/tr><tr><td>L<\/td><td>22<\/td><td>74<\/td><td>70<\/td><td>74<\/td><\/tr><tr><td>Sivustokaavio (TUUMA)<\/td><td><\/td><td><\/td><td><\/td><td><\/td><\/tr><tr><td>Koko<\/td><td>Pituus<\/td><td>Alempi rintakeh\u00e4<\/td><td>Vy\u00f6t\u00e4r\u00f6<\/td><td>Vy\u00f6t\u00e4r\u00f6nauha<\/td><\/tr><tr><td>S<\/td><td>7.87<\/td><td>25.98<\/td><td>24.41<\/td><td>25.98<\/td><\/tr><tr><td>M<\/td><td>8.27<\/td><td>27.56<\/td><td>25.98<\/td><td>27.56<\/td><\/tr><tr><td>L<\/td><td>8.66<\/td><td>29.13<\/td><td>27.56<\/td><td>29.13<\/td><\/tr><\/tbody><\/table><\/figure>","protected":false},"excerpt":{"rendered":"<p>Juhlista rakkautta Romantic Love Embroidery Alusvaatteet setill\u00e4mme, jossa on monimutkaiset pitsi- ja ripsien yksityiskohdat, jotka lis\u00e4\u00e4v\u00e4t tyyli\u00e4, mukavuutta ja vieh\u00e4tyst\u00e4. Upea tapa merkit\u00e4 t\u00e4m\u00e4 romanttinen virstanpylv\u00e4s.<\/p>","protected":false},"featured_media":45395,"template":"","meta":[],"product_brand":[],"product_cat":[368,367,375],"product_tag":[448,454,518,864,972],"class_list":{"0":"post-45384","1":"product","2":"type-product","3":"status-publish","4":"has-post-thumbnail","6":"product_cat-bra-panty-set","7":"product_cat-sexy-lingerie","8":"product_cat-whoelsale-sheer-bra-and-panty-sets","9":"product_tag-wholesale-elegant-sexy-lingerie","10":"product_tag-wholesale-sexy-embroidered-lingerie","11":"product_tag-mesh-lingerie","12":"product_tag-sexy-petite-lingerie","13":"product_tag-valentines-day-lingerie","14":"pa_color-yellow","15":"pa_size-wholesale-large-size-women-sexy-lingerie","16":"pa_size-wholesale-medium-size-women-sexy-lingerie","17":"pa_size-wholesale-small-size-sexy-lingerie","19":"first","20":"instock","21":"taxable","22":"shipping-taxable","23":"purchasable","24":"product-type-variable"},"tiered_pricing_type":"fixed","tiered_pricing_fixed_rules":[],"tiered_pricing_product_settings":{"layout":"table","base_unit_name":{"singular":null,"plural":null},"default_variation":{}},"tiered_pricing_minimum_quantity":null,"tiered_pricing_roles_data":[],"tiered_pricing_percentage_rules":[],"tiered_pricing_maximum_quantity":null,"tiered_pricing_quantity_step":null,"_links":{"self":[{"href":"https:\/\/gretasexylingerie.com\/fi\/wp-json\/wp\/v2\/product\/45384","targetHints":{"allow":["GET"]}}],"collection":[{"href":"https:\/\/gretasexylingerie.com\/fi\/wp-json\/wp\/v2\/product"}],"about":[{"href":"https:\/\/gretasexylingerie.com\/fi\/wp-json\/wp\/v2\/types\/product"}],"wp:featuredmedia":[{"embeddable":true,"href":"https:\/\/gretasexylingerie.com\/fi\/wp-json\/wp\/v2\/media\/45395"}],"wp:attachment":[{"href":"https:\/\/gretasexylingerie.com\/fi\/wp-json\/wp\/v2\/media?parent=45384"}],"wp:term":[{"taxonomy":"product_brand","embeddable":true,"href":"https:\/\/gretasexylingerie.com\/fi\/wp-json\/wp\/v2\/product_brand?post=45384"},{"taxonomy":"product_cat","embeddable":true,"href":"https:\/\/gretasexylingerie.com\/fi\/wp-json\/wp\/v2\/product_cat?post=45384"},{"taxonomy":"product_tag","embeddable":true,"href":"https:\/\/gretasexylingerie.com\/fi\/wp-json\/wp\/v2\/product_tag?post=45384"}],"curies":[{"name":"wp","href":"https:\/\/api.w.org\/{rel}","templated":true}]}}